{"id":1104,"date":"2020-03-11T23:37:56","date_gmt":"2020-03-11T22:37:56","guid":{"rendered":"https:\/\/www.fpbaixemporda.com\/?page_id=1104"},"modified":"2025-10-21T10:38:34","modified_gmt":"2025-10-21T08:38:34","slug":"acces-a-cicles","status":"publish","type":"page","link":"https:\/\/www.fpbaixemporda.com\/es\/acces-a-cicles\/","title":{"rendered":"Acceso a ciclos"},"content":{"rendered":"<h2 style=\"text-align: center;\">ACCESO A CICLOS FORMATIVOS DE GRADO MEDIO<\/h2>\n<p>Tienen acceso directo a los ciclos de grado medio las personas que cumplen alguno de los siguientes requisitos:<\/p>\n<ul>\n<li>\u00a0tener el t\u00edtulo de graduado en educaci\u00f3n secundaria obligatoria,<\/li>\n<li>tener el t\u00edtulo de t\u00e9cnico o de t\u00e9cnico auxiliar,<\/li>\n<li>haber superado el curso espec\u00edfico para el acceso a los ciclos formativos de grado medio (CAM),<\/li>\n<li>haber superado el segundo curso del Bachillerato Unificado y Polivalente (BUP),<\/li>\n<li>tener otros estudios equivalentes a efectos acad\u00e9micos,<\/li>\n<li>haber superado los m\u00f3dulos obligatorios de un programa de cualificaci\u00f3n profesional inicial (PCPI),<\/li>\n<li>haber superado la prueba de acceso a la universidad para mayores de 25 a\u00f1os,<\/li>\n<li>tener un t\u00edtulo para acceder a un ciclo formativo de grado superior.<\/li>\n<\/ul>\n<p style=\"text-align: justify;\">Las personas que no cumplen ninguno de los requisitos mencionados deben superar una prueba de acceso. Para presentarse deben tener, como m\u00ednimo, 17 a\u00f1os en el a\u00f1o en que se hace la prueba.<\/p>\n<h3>Preinscripci\u00f3n y matr\u00edcula<\/h3>\n<p style=\"text-align: justify;\">Para cursar un ciclo de grado medio es necesario formalizar la preinscripci\u00f3n y presentarla en el centro y para la ense\u00f1anza solicitada en primer lugar.<\/p>\n<p style=\"text-align: justify;\">Para la asignaci\u00f3n de las plazas se ordenan las solicitudes seg\u00fan la calificaci\u00f3n media de la ESO o de los estudios equivalentes; las solicitudes que tienen la misma puntuaci\u00f3n se ordenan a partir de un n\u00famero de desempate obtenido por sorteo.<\/p>\n<p style=\"text-align: justify;\">Hay un 20% de plazas reservadas para los alumnos que acceden a un ciclo mediante prueba de acceso o curso espec\u00edfico de acceso; las solicitudes de estos alumnos se ordenan seg\u00fan la calificaci\u00f3n obtenida en la prueba o curso.<\/p>\n<p style=\"text-align: justify;\">Estos estudios son gratuitos en los Centros dependientes del Departamento de Educaci\u00f3n.<\/p>\n<h2 style=\"text-align: center;\">ACCESO A CICLOS FORMATIVOS DE GRADO SUPERIOR<\/h2>\n<p>Tienen acceso directo a los ciclos de grado superior las personas que cumplen alguno de los siguientes requisitos:<\/p>\n<ul>\n<li>tener el t\u00edtulo de bachillerato,<\/li>\n<li>tener el t\u00edtulo de t\u00e9cnico de formaci\u00f3n profesional o t\u00e9cnico superior de formaci\u00f3n profesional o t\u00e9cnico especialista,<\/li>\n<li>haber superado el segundo curso de bachillerato de cualquier modalidad de bachillerato experimental,<\/li>\n<li>haber superado el curso de orientaci\u00f3n universitaria (COU) o el preuniversitario,<\/li>\n<li>tener el t\u00edtulo de bachillerato por haber cursado el bachillerato unificado polivalente (BUP),<\/li>\n<li>tener cualquier titulaci\u00f3n universitaria o equivalente,<\/li>\n<li>haber superado la prueba de acceso a la universidad para mayores de 25 a\u00f1os.<\/li>\n<\/ul>\n<p style=\"text-align: justify;\">Las personas que no cumplan ninguno de los requisitos relacionados deben superar una prueba de acceso. Para presentarse es necesario tener 19 a\u00f1os o haberlos cumplido durante el a\u00f1o natural en el que se realiza la prueba.<\/p>\n<h3 style=\"text-align: justify;\">Preinscripci\u00f3n y matr\u00edcula<\/h3>\n<p style=\"text-align: justify;\">Para cursar el ciclo debe formalizarse la solicitud y presentarla en el centro para la ense\u00f1anza solicitada en primer lugar.<\/p>\n<p style=\"text-align: justify;\">Cuando el n\u00famero de solicitudes es superior a la oferta, las peticiones se ordenan, dentro de cada v\u00eda de acceso y de acuerdo con las prioridades que corresponda, seg\u00fan la calificaci\u00f3n media de los estudios o la calificaci\u00f3n de la prueba que permite el acceso al ciclo.<\/p>\n<p style=\"text-align: justify;\">Los importes de la matr\u00edcula de los centros dependientes del Departamento de Educaci\u00f3n son:<\/p>\n<h4 style=\"text-align: justify;\">Para los ciclos LOE<\/h4>\n<ul>\n<li style=\"text-align: justify;\">Por curso: 360 euros.<\/li>\n<li style=\"text-align: justify;\">Por unidad formativa: 25 euros.<\/li>\n<li style=\"text-align: justify;\">Por m\u00f3dulo de formaci\u00f3n en centros de trabajo (FCT): 25 euros.<\/li>\n<\/ul>\n<h4 style=\"text-align: justify;\">Para los ciclos LOGSE<\/h4>\n<ul>\n<li style=\"text-align: justify;\">Por curso: 360 euros.<\/li>\n<li style=\"text-align: justify;\">Por cr\u00e9dito: 65 euros.<\/li>\n<li style=\"text-align: justify;\">Por m\u00f3dulo de formaci\u00f3n en centros de trabajo (FCT): 65 euros.<\/li>\n<li style=\"text-align: justify;\">Para su compleci\u00f3n, por cr\u00e9dito: 20 euros.<\/li>\n<\/ul>","protected":false},"excerpt":{"rendered":"<p>ACC\u00c9S A CICLES FORMATIUS DE GRAU MITJ\u00c0 Tenen acc\u00e9s directe als cicles de grau mitj\u00e0 les persones que compleixen algun dels requisits seg\u00fcents: \u00a0tenir el t\u00edtol de graduat en educaci\u00f3 secund\u00e0ria obligat\u00f2ria, tenir el t\u00edtol de t\u00e8cnic o de t\u00e8cnic auxiliar, haver superat el curs espec\u00edfic per a l&#8217;acc\u00e9s als cicles formatius de grau mitj\u00e0<br \/><a class=\"moretag\" href=\"https:\/\/www.fpbaixemporda.com\/es\/acces-a-cicles\/\">+ Read More<\/a><\/p>","protected":false},"author":1,"featured_media":1119,"parent":0,"menu_order":0,"comment_status":"closed","ping_status":"closed","template":"templates\/page-fullwidth_template.php","meta":{"footnotes":""},"class_list":["post-1104","page","type-page","status-publish","has-post-thumbnail","hentry"],"yoast_head":"<!-- This site is optimized with the Yoast SEO plugin v27.4 - https:\/\/yoast.com\/product\/yoast-seo-wordpress\/ -->\n<title>Acc\u00e9s a cicles - FP Baix Empord\u00e0<\/title>\n<meta name=\"robots\" content=\"index, follow, max-snippet:-1, max-image-preview:large, max-video-preview:-1\" \/>\n<link rel=\"canonical\" href=\"https:\/\/www.fpbaixemporda.com\/es\/acces-a-cicles\/\" \/>\n<meta property=\"og:locale\" content=\"es_ES\" \/>\n<meta property=\"og:type\" content=\"article\" \/>\n<meta property=\"og:title\" content=\"Acc\u00e9s a cicles - FP Baix Empord\u00e0\" \/>\n<meta property=\"og:description\" content=\"ACC\u00c9S A CICLES FORMATIUS DE GRAU MITJ\u00c0 Tenen acc\u00e9s directe als cicles de grau mitj\u00e0 les persones que compleixen algun dels requisits seg\u00fcents: \u00a0tenir el t\u00edtol de graduat en educaci\u00f3 secund\u00e0ria obligat\u00f2ria, tenir el t\u00edtol de t\u00e8cnic o de t\u00e8cnic auxiliar, haver superat el curs espec\u00edfic per a l&#8217;acc\u00e9s als cicles formatius de grau mitj\u00e0+ Read More\" \/>\n<meta property=\"og:url\" content=\"https:\/\/www.fpbaixemporda.com\/es\/acces-a-cicles\/\" \/>\n<meta property=\"og:site_name\" content=\"FP Baix Empord\u00e0\" \/>\n<meta property=\"article:publisher\" content=\"https:\/\/www.facebook.com\/fpbaixemporda\" \/>\n<meta property=\"article:modified_time\" content=\"2025-10-21T08:38:34+00:00\" \/>\n<meta property=\"og:image\" content=\"https:\/\/www.fpbaixemporda.com\/wp-content\/uploads\/2020\/03\/Acc\u00e9s-a-cicles-FP-Baix-Empord\u00e0.jpg\" \/>\n\t<meta property=\"og:image:width\" content=\"1400\" \/>\n\t<meta property=\"og:image:height\" content=\"320\" \/>\n\t<meta property=\"og:image:type\" content=\"image\/jpeg\" \/>\n<meta name=\"twitter:card\" content=\"summary_large_image\" \/>\n<meta name=\"twitter:label1\" content=\"Tiempo de lectura\" \/>\n\t<meta name=\"twitter:data1\" content=\"6 minutos\" \/>\n<script type=\"application\/ld+json\" class=\"yoast-schema-graph\">{\"@context\":\"https:\\\/\\\/schema.org\",\"@graph\":[{\"@type\":\"WebPage\",\"@id\":\"https:\\\/\\\/www.fpbaixemporda.com\\\/acces-a-cicles\\\/\",\"url\":\"https:\\\/\\\/www.fpbaixemporda.com\\\/acces-a-cicles\\\/\",\"name\":\"Acc\u00e9s a cicles - FP Baix Empord\u00e0\",\"isPartOf\":{\"@id\":\"https:\\\/\\\/www.fpbaixemporda.com\\\/#website\"},\"primaryImageOfPage\":{\"@id\":\"https:\\\/\\\/www.fpbaixemporda.com\\\/acces-a-cicles\\\/#primaryimage\"},\"image\":{\"@id\":\"https:\\\/\\\/www.fpbaixemporda.com\\\/acces-a-cicles\\\/#primaryimage\"},\"thumbnailUrl\":\"https:\\\/\\\/www.fpbaixemporda.com\\\/wp-content\\\/uploads\\\/2020\\\/03\\\/Acc\u00e9s-a-cicles-FP-Baix-Empord\u00e0.jpg\",\"datePublished\":\"2020-03-11T22:37:56+00:00\",\"dateModified\":\"2025-10-21T08:38:34+00:00\",\"breadcrumb\":{\"@id\":\"https:\\\/\\\/www.fpbaixemporda.com\\\/acces-a-cicles\\\/#breadcrumb\"},\"inLanguage\":\"es\",\"potentialAction\":[{\"@type\":\"ReadAction\",\"target\":[\"https:\\\/\\\/www.fpbaixemporda.com\\\/acces-a-cicles\\\/\"]}]},{\"@type\":\"ImageObject\",\"inLanguage\":\"es\",\"@id\":\"https:\\\/\\\/www.fpbaixemporda.com\\\/acces-a-cicles\\\/#primaryimage\",\"url\":\"https:\\\/\\\/www.fpbaixemporda.com\\\/wp-content\\\/uploads\\\/2020\\\/03\\\/Acc\u00e9s-a-cicles-FP-Baix-Empord\u00e0.jpg\",\"contentUrl\":\"https:\\\/\\\/www.fpbaixemporda.com\\\/wp-content\\\/uploads\\\/2020\\\/03\\\/Acc\u00e9s-a-cicles-FP-Baix-Empord\u00e0.jpg\",\"width\":1400,\"height\":320,\"caption\":\"Acc\u00e9s a cicles | FP Baix Empord\u00e0\"},{\"@type\":\"BreadcrumbList\",\"@id\":\"https:\\\/\\\/www.fpbaixemporda.com\\\/acces-a-cicles\\\/#breadcrumb\",\"itemListElement\":[{\"@type\":\"ListItem\",\"position\":1,\"name\":\"Home\",\"item\":\"https:\\\/\\\/www.fpbaixemporda.com\\\/\"},{\"@type\":\"ListItem\",\"position\":2,\"name\":\"Acc\u00e9s a cicles\"}]},{\"@type\":\"WebSite\",\"@id\":\"https:\\\/\\\/www.fpbaixemporda.com\\\/#website\",\"url\":\"https:\\\/\\\/www.fpbaixemporda.com\\\/\",\"name\":\"FP Baix Empord\u00e0\",\"description\":\"El teu futur en bones mans\",\"publisher\":{\"@id\":\"https:\\\/\\\/www.fpbaixemporda.com\\\/#organization\"},\"potentialAction\":[{\"@type\":\"SearchAction\",\"target\":{\"@type\":\"EntryPoint\",\"urlTemplate\":\"https:\\\/\\\/www.fpbaixemporda.com\\\/?s={search_term_string}\"},\"query-input\":{\"@type\":\"PropertyValueSpecification\",\"valueRequired\":true,\"valueName\":\"search_term_string\"}}],\"inLanguage\":\"es\"},{\"@type\":\"Organization\",\"@id\":\"https:\\\/\\\/www.fpbaixemporda.com\\\/#organization\",\"name\":\"FP Baix Empord\u00e0\",\"url\":\"https:\\\/\\\/www.fpbaixemporda.com\\\/\",\"logo\":{\"@type\":\"ImageObject\",\"inLanguage\":\"es\",\"@id\":\"https:\\\/\\\/www.fpbaixemporda.com\\\/#\\\/schema\\\/logo\\\/image\\\/\",\"url\":\"https:\\\/\\\/www.fpbaixemporda.com\\\/wp-content\\\/uploads\\\/2020\\\/02\\\/FP-Baix-Empord\u00e0-Logo.png\",\"contentUrl\":\"https:\\\/\\\/www.fpbaixemporda.com\\\/wp-content\\\/uploads\\\/2020\\\/02\\\/FP-Baix-Empord\u00e0-Logo.png\",\"width\":180,\"height\":117,\"caption\":\"FP Baix Empord\u00e0\"},\"image\":{\"@id\":\"https:\\\/\\\/www.fpbaixemporda.com\\\/#\\\/schema\\\/logo\\\/image\\\/\"},\"sameAs\":[\"https:\\\/\\\/www.facebook.com\\\/fpbaixemporda\",\"https:\\\/\\\/www.instagram.com\\\/fp_baixemporda\\\/\"]}]}<\/script>\n<!-- \/ Yoast SEO plugin. -->","yoast_head_json":{"title":"Acceso a ciclos - FP Baix Empord\u00e0","robots":{"index":"index","follow":"follow","max-snippet":"max-snippet:-1","max-image-preview":"max-image-preview:large","max-video-preview":"max-video-preview:-1"},"canonical":"https:\/\/www.fpbaixemporda.com\/es\/acces-a-cicles\/","og_locale":"es_ES","og_type":"article","og_title":"Acc\u00e9s a cicles - FP Baix Empord\u00e0","og_description":"ACC\u00c9S A CICLES FORMATIUS DE GRAU MITJ\u00c0 Tenen acc\u00e9s directe als cicles de grau mitj\u00e0 les persones que compleixen algun dels requisits seg\u00fcents: \u00a0tenir el t\u00edtol de graduat en educaci\u00f3 secund\u00e0ria obligat\u00f2ria, tenir el t\u00edtol de t\u00e8cnic o de t\u00e8cnic auxiliar, haver superat el curs espec\u00edfic per a l&#8217;acc\u00e9s als cicles formatius de grau mitj\u00e0+ Read More","og_url":"https:\/\/www.fpbaixemporda.com\/es\/acces-a-cicles\/","og_site_name":"FP Baix Empord\u00e0","article_publisher":"https:\/\/www.facebook.com\/fpbaixemporda","article_modified_time":"2025-10-21T08:38:34+00:00","og_image":[{"width":1400,"height":320,"url":"https:\/\/www.fpbaixemporda.com\/wp-content\/uploads\/2020\/03\/Acc\u00e9s-a-cicles-FP-Baix-Empord\u00e0.jpg","type":"image\/jpeg"}],"twitter_card":"summary_large_image","twitter_misc":{"Tiempo de lectura":"6 minutos"},"schema":{"@context":"https:\/\/schema.org","@graph":[{"@type":"WebPage","@id":"https:\/\/www.fpbaixemporda.com\/acces-a-cicles\/","url":"https:\/\/www.fpbaixemporda.com\/acces-a-cicles\/","name":"Acceso a ciclos - FP Baix Empord\u00e0","isPartOf":{"@id":"https:\/\/www.fpbaixemporda.com\/#website"},"primaryImageOfPage":{"@id":"https:\/\/www.fpbaixemporda.com\/acces-a-cicles\/#primaryimage"},"image":{"@id":"https:\/\/www.fpbaixemporda.com\/acces-a-cicles\/#primaryimage"},"thumbnailUrl":"https:\/\/www.fpbaixemporda.com\/wp-content\/uploads\/2020\/03\/Acc\u00e9s-a-cicles-FP-Baix-Empord\u00e0.jpg","datePublished":"2020-03-11T22:37:56+00:00","dateModified":"2025-10-21T08:38:34+00:00","breadcrumb":{"@id":"https:\/\/www.fpbaixemporda.com\/acces-a-cicles\/#breadcrumb"},"inLanguage":"es","potentialAction":[{"@type":"ReadAction","target":["https:\/\/www.fpbaixemporda.com\/acces-a-cicles\/"]}]},{"@type":"ImageObject","inLanguage":"es","@id":"https:\/\/www.fpbaixemporda.com\/acces-a-cicles\/#primaryimage","url":"https:\/\/www.fpbaixemporda.com\/wp-content\/uploads\/2020\/03\/Acc\u00e9s-a-cicles-FP-Baix-Empord\u00e0.jpg","contentUrl":"https:\/\/www.fpbaixemporda.com\/wp-content\/uploads\/2020\/03\/Acc\u00e9s-a-cicles-FP-Baix-Empord\u00e0.jpg","width":1400,"height":320,"caption":"Acc\u00e9s a cicles | FP Baix Empord\u00e0"},{"@type":"BreadcrumbList","@id":"https:\/\/www.fpbaixemporda.com\/acces-a-cicles\/#breadcrumb","itemListElement":[{"@type":"ListItem","position":1,"name":"Home","item":"https:\/\/www.fpbaixemporda.com\/"},{"@type":"ListItem","position":2,"name":"Acc\u00e9s a cicles"}]},{"@type":"WebSite","@id":"https:\/\/www.fpbaixemporda.com\/#website","url":"https:\/\/www.fpbaixemporda.com\/","name":"FP Baix Empord\u00e0","description":"El teu futur en bones mans","publisher":{"@id":"https:\/\/www.fpbaixemporda.com\/#organization"},"potentialAction":[{"@type":"SearchAction","target":{"@type":"EntryPoint","urlTemplate":"https:\/\/www.fpbaixemporda.com\/?s={search_term_string}"},"query-input":{"@type":"PropertyValueSpecification","valueRequired":true,"valueName":"search_term_string"}}],"inLanguage":"es"},{"@type":"Organization","@id":"https:\/\/www.fpbaixemporda.com\/#organization","name":"FP Baix Empord\u00e0","url":"https:\/\/www.fpbaixemporda.com\/","logo":{"@type":"ImageObject","inLanguage":"es","@id":"https:\/\/www.fpbaixemporda.com\/#\/schema\/logo\/image\/","url":"https:\/\/www.fpbaixemporda.com\/wp-content\/uploads\/2020\/02\/FP-Baix-Empord\u00e0-Logo.png","contentUrl":"https:\/\/www.fpbaixemporda.com\/wp-content\/uploads\/2020\/02\/FP-Baix-Empord\u00e0-Logo.png","width":180,"height":117,"caption":"FP Baix Empord\u00e0"},"image":{"@id":"https:\/\/www.fpbaixemporda.com\/#\/schema\/logo\/image\/"},"sameAs":["https:\/\/www.facebook.com\/fpbaixemporda","https:\/\/www.instagram.com\/fp_baixemporda\/"]}]}},"_links":{"self":[{"href":"https:\/\/www.fpbaixemporda.com\/es\/wp-json\/wp\/v2\/pages\/1104","targetHints":{"allow":["GET"]}}],"collection":[{"href":"https:\/\/www.fpbaixemporda.com\/es\/wp-json\/wp\/v2\/pages"}],"about":[{"href":"https:\/\/www.fpbaixemporda.com\/es\/wp-json\/wp\/v2\/types\/page"}],"author":[{"embeddable":true,"href":"https:\/\/www.fpbaixemporda.com\/es\/wp-json\/wp\/v2\/users\/1"}],"replies":[{"embeddable":true,"href":"https:\/\/www.fpbaixemporda.com\/es\/wp-json\/wp\/v2\/comments?post=1104"}],"version-history":[{"count":2,"href":"https:\/\/www.fpbaixemporda.com\/es\/wp-json\/wp\/v2\/pages\/1104\/revisions"}],"predecessor-version":[{"id":5222,"href":"https:\/\/www.fpbaixemporda.com\/es\/wp-json\/wp\/v2\/pages\/1104\/revisions\/5222"}],"wp:featuredmedia":[{"embeddable":true,"href":"https:\/\/www.fpbaixemporda.com\/es\/wp-json\/wp\/v2\/media\/1119"}],"wp:attachment":[{"href":"https:\/\/www.fpbaixemporda.com\/es\/wp-json\/wp\/v2\/media?parent=1104"}],"curies":[{"name":"wp","href":"https:\/\/api.w.org\/{rel}","templated":true}]}}