{"id":1342,"date":"2020-04-13T14:29:24","date_gmt":"2020-04-13T12:29:24","guid":{"rendered":"https:\/\/www.fpbaixemporda.com\/?page_id=1342"},"modified":"2025-10-23T12:27:12","modified_gmt":"2025-10-23T10:27:12","slug":"gestio-allotjaments-turistics","status":"publish","type":"page","link":"https:\/\/www.fpbaixemporda.com\/es\/cf-grau-superior\/gestio-allotjaments-turistics\/","title":{"rendered":"Gesti\u00f3n de alojamientos tur\u00edsticos"},"content":{"rendered":"<h3>Descripci\u00f3n<\/h3>\n<p style=\"text-align: justify;\">Aquests estudis capaciten per coordinar els serveis propis dels establiments d&#8217;allotjament tur\u00edstic, organitzar-hi esdeveniments mitjan\u00e7ant la gesti\u00f3 dels recursos humans i materials necessaris; controlar i supervisar el departament de recepci\u00f3 i assegurar l&#8217;atenci\u00f3 a la clientela amb els nivells de qualitat establerts.<\/p>\n<p>Tenen una durada de <strong>2.000 horas<\/strong> (1.617\u00a0 lectives en un centre educatiu i 383 de pr\u00e0ctiques en un centre de treball) distribu\u00efdes en <strong>dos cursos\u00a0<\/strong>acad\u00e9micos.<\/p>\n<h3>Contenidos<\/h3>\n<ul>\n<li>Estructura del Mercat Tur\u00edstic.<\/li>\n<li>Protocol i Relacions P\u00fabliques.<\/li>\n<li>M\u00e0rqueting Tur\u00edstic.<\/li>\n<li>Direcci\u00f3 d&#8217;Allotjaments Tur\u00edstics.<\/li>\n<li>Gesti\u00f3 del Departament de Pisos.<\/li>\n<li>Recepci\u00f3 i Reserves.<\/li>\n<li>Recursos Humans en l&#8217;Allotjament.<\/li>\n<li>Comercialitzaci\u00f3 d&#8217;Esdeveniments.<\/li>\n<li>Ingl\u00e9s<\/li>\n<li>Segunda Lengua Extranjera.<\/li>\n<li>Projecte de Gesti\u00f3 d&#8217;Allotjament Tur\u00edstic.<\/li>\n<li>Formaci\u00f3n y orientaci\u00f3n laboral.<\/li>\n<li>Empresa e Iniciativa Emprendedora.<\/li>\n<li>Formaci\u00f3n en Centros de Trabajo.<\/li>\n<\/ul>\n<h3>C\u00f3mo acceder<strong><br \/>\n<\/strong><\/h3>\n<p style=\"text-align: justify;\">Tienen\u00a0<strong>acceso directo<\/strong>\u00a0al ciclo las personas que cumplen alguno de los siguientes requisitos:<\/p>\n<ul>\n<li style=\"text-align: justify;\">Tener el t\u00edtulo de bachillerato.<\/li>\n<li style=\"text-align: justify;\">Tener el t\u00edtulo de t\u00e9cnico de formaci\u00f3n profesional o t\u00e9cnico superior de formaci\u00f3n profesional o t\u00e9cnico especialista.<\/li>\n<li style=\"text-align: justify;\">Haber superado el segundo curso de bachillerato de cualquier modalidad de bachillerato experimental.<\/li>\n<li style=\"text-align: justify;\">Haber superado el curso de orientaci\u00f3n universitaria (COU) o el preuniversitario.<\/li>\n<li style=\"text-align: justify;\">Tener el t\u00edtulo de bachillerato por haber cursado el bachillerato unificado polivalente (BUP).<\/li>\n<li style=\"text-align: justify;\">Tener cualquier titulaci\u00f3n universitaria o equivalente,<\/li>\n<li style=\"text-align: justify;\">Haber superado la prueba de acceso a la universidad para mayores de 25 a\u00f1os.<\/li>\n<\/ul>\n<p style=\"text-align: justify;\">Las personas que no cumplan ninguno de los requisitos relacionados deben superar una prueba de acceso. Para presentarse es necesario tener 19 a\u00f1os o haberlos cumplido durante el a\u00f1o natural en el que se realiza la prueba.<\/p>\n<h3>Salidas profesionales<\/h3>\n<h4>Salidas acad\u00e9micas<\/h4>\n<p style=\"text-align: justify;\">Con estos estudios se obtiene el t\u00edtulo de t\u00e9cnico superior o t\u00e9cnica superior que permite acceder a cualquier estudio universitario oficial de grado. Las personas que se han graduado en un ciclo formativo de grado superior pueden obtener convalidaci\u00f3n de cr\u00e9ditos universitarios ECTS.<\/p>\n<h4>Salidas profesionales<\/h4>\n<p style=\"text-align: justify;\">La superaci\u00f3n de este ciclo formativo permite acceder al\u00a0<strong>mundo laboral<\/strong>\u00a0como:<\/p>\n<ul>\n<li style=\"text-align: justify;\">Director o directora de l&#8217;\u00e0rea d&#8217;allotjaments.<\/li>\n<li style=\"text-align: justify;\">Cap de recepci\u00f3 o de reserves.<\/li>\n<li style=\"text-align: justify;\">Coordinador o coordinadora de qualitat.<\/li>\n<li style=\"text-align: justify;\">Encarregat o encarregada general del servei de pisos i neteja.<\/li>\n<li style=\"text-align: justify;\">Gestor o gestora d&#8217;allotjament en resid\u00e8ncies, hospitals i similars.<\/li>\n<li style=\"text-align: justify;\">Gestor o gestora d&#8217;allotjament en cases rurals.<\/li>\n<li style=\"text-align: justify;\">Coordinador o coordinadora d&#8217;esdeveniments.<\/li>\n<li style=\"text-align: justify;\">Cap de vendes en establiments d&#8217;allotjaments tur\u00edstics.<\/li>\n<li style=\"text-align: justify;\">Comercial d&#8217;establiments d&#8217;allotjaments tur\u00edstics.<\/li>\n<li style=\"text-align: justify;\">Relacions p\u00fabliques.<\/li>\n<li style=\"text-align: justify;\">Encarregat o encarregada de bugaderia.<\/li>\n<li style=\"text-align: justify;\">Governant o governanta.<\/li>\n<\/ul>\n<h3>Puedes estudiar este ciclo en\u2026<\/h3>\n\t\t<div data-elementor-type=\"page\" data-elementor-id=\"2831\" class=\"elementor elementor-2831\" data-elementor-post-type=\"elementor_library\">\n\t\t\t\t\t\t<section class=\"elementor-section elementor-top-section elementor-element elementor-element-414c858 elementor-section-full_width elementor-section-height-default elementor-section-height-default\" data-id=\"414c858\" data-element_type=\"section\" data-e-type=\"section\">\n\t\t\t\t\t\t<div class=\"elementor-container elementor-column-gap-no\">\n\t\t\t\t\t<div class=\"elementor-column elementor-col-100 elementor-top-column elementor-element elementor-element-c219854\" data-id=\"c219854\" data-element_type=\"column\" data-e-type=\"column\">\n\t\t\t<div class=\"elementor-widget-wrap elementor-element-populated\">\n\t\t\t\t\t\t<section class=\"elementor-section elementor-inner-section elementor-element elementor-element-3ef6f68 elementor-section-full_width elementor-section-height-default elementor-section-height-default\" data-id=\"3ef6f68\" data-element_type=\"section\" data-e-type=\"section\">\n\t\t\t\t\t\t<div class=\"elementor-container elementor-column-gap-narrow\">\n\t\t\t\t\t<div class=\"elementor-column elementor-col-16 elementor-inner-column elementor-element elementor-element-5d25063\" data-id=\"5d25063\" data-element_type=\"column\" data-e-type=\"column\">\n\t\t\t<div class=\"elementor-widget-wrap elementor-element-populated\">\n\t\t\t\t\t\t<div class=\"elementor-element elementor-element-60940e7 elementor-widget elementor-widget-image\" data-id=\"60940e7\" data-element_type=\"widget\" data-e-type=\"widget\" data-widget_type=\"image.default\">\n\t\t\t\t\t\t\t\t\t\t\t\t\t\t\t\t<a href=\"https:\/\/www.fpbaixemporda.com\/es\/ins-baix-emporda\/\">\n\t\t\t\t\t\t\t<img fetchpriority=\"high\" decoding=\"async\" width=\"600\" height=\"370\" src=\"https:\/\/www.fpbaixemporda.com\/wp-content\/uploads\/2026\/04\/IES-Baix-Emporda.jpg\" class=\"attachment-full size-full wp-image-5756\" alt=\"INS Baix Empord\u00e0 | FP Baix Empord\u00e0\" srcset=\"https:\/\/www.fpbaixemporda.com\/wp-content\/uploads\/2026\/04\/IES-Baix-Emporda.jpg.webp 600w, https:\/\/www.fpbaixemporda.com\/wp-content\/uploads\/2026\/04\/IES-Baix-Emporda-300x185.jpg.webp 300w, https:\/\/www.fpbaixemporda.com\/wp-content\/uploads\/2026\/04\/IES-Baix-Emporda-18x12.jpg.webp 18w\" sizes=\"(max-width: 600px) 100vw, 600px\" \/>\t\t\t\t\t\t\t\t<\/a>\n\t\t\t\t\t\t\t\t\t\t\t\t\t\t\t<\/div>\n\t\t\t\t\t<\/div>\n\t\t<\/div>\n\t\t\t\t<div class=\"elementor-column elementor-col-16 elementor-inner-column elementor-element elementor-element-ed05399\" data-id=\"ed05399\" data-element_type=\"column\" data-e-type=\"column\">\n\t\t\t<div class=\"elementor-widget-wrap elementor-element-populated\">\n\t\t\t\t\t\t<div class=\"elementor-element elementor-element-79bfc3a elementor-widget elementor-widget-image\" data-id=\"79bfc3a\" data-element_type=\"widget\" data-e-type=\"widget\" data-widget_type=\"image.default\">\n\t\t\t\t\t\t\t\t\t\t\t\t\t\t\t<img decoding=\"async\" width=\"600\" height=\"370\" src=\"https:\/\/www.fpbaixemporda.com\/wp-content\/uploads\/2020\/02\/IES-La-Bisbal.jpg\" class=\"attachment-full size-full wp-image-615\" alt=\"INS La Bisbal | FP Baix Empord\u00e0\" srcset=\"https:\/\/www.fpbaixemporda.com\/wp-content\/uploads\/2020\/02\/IES-La-Bisbal.jpg.webp 600w, https:\/\/www.fpbaixemporda.com\/wp-content\/uploads\/2020\/02\/IES-La-Bisbal-300x185.jpg.webp 300w\" sizes=\"(max-width: 600px) 100vw, 600px\" \/>\t\t\t\t\t\t\t\t\t\t\t\t\t\t\t<\/div>\n\t\t\t\t\t<\/div>\n\t\t<\/div>\n\t\t\t\t<div class=\"elementor-column elementor-col-16 elementor-inner-column elementor-element elementor-element-d49da4d\" data-id=\"d49da4d\" data-element_type=\"column\" data-e-type=\"column\">\n\t\t\t<div class=\"elementor-widget-wrap elementor-element-populated\">\n\t\t\t\t\t\t<div class=\"elementor-element elementor-element-e07f0f8 elementor-widget elementor-widget-image\" data-id=\"e07f0f8\" data-element_type=\"widget\" data-e-type=\"widget\" data-widget_type=\"image.default\">\n\t\t\t\t\t\t\t\t\t\t\t\t\t\t\t<img decoding=\"async\" width=\"600\" height=\"370\" src=\"https:\/\/www.fpbaixemporda.com\/wp-content\/uploads\/2020\/02\/IES-Montgr\u00ed.jpg\" class=\"attachment-full size-full wp-image-623\" alt=\"INS Montgr\u00ed | FP Baix Empord\u00e0\" srcset=\"https:\/\/www.fpbaixemporda.com\/wp-content\/uploads\/2020\/02\/IES-Montgr\u00ed.jpg.webp 600w, https:\/\/www.fpbaixemporda.com\/wp-content\/uploads\/2020\/02\/IES-Montgr\u00ed-300x185.jpg.webp 300w\" sizes=\"(max-width: 600px) 100vw, 600px\" \/>\t\t\t\t\t\t\t\t\t\t\t\t\t\t\t<\/div>\n\t\t\t\t\t<\/div>\n\t\t<\/div>\n\t\t\t\t<div class=\"elementor-column elementor-col-16 elementor-inner-column elementor-element elementor-element-9e75b44\" data-id=\"9e75b44\" data-element_type=\"column\" data-e-type=\"column\">\n\t\t\t<div class=\"elementor-widget-wrap elementor-element-populated\">\n\t\t\t\t\t\t<div class=\"elementor-element elementor-element-b542160 elementor-widget elementor-widget-image\" data-id=\"b542160\" data-element_type=\"widget\" data-e-type=\"widget\" data-widget_type=\"image.default\">\n\t\t\t\t\t\t\t\t\t\t\t\t\t\t\t<img loading=\"lazy\" decoding=\"async\" width=\"600\" height=\"370\" src=\"https:\/\/www.fpbaixemporda.com\/wp-content\/uploads\/2020\/02\/IES-Palam\u00f3s.jpg\" class=\"attachment-full size-full wp-image-626\" alt=\"INS Palam\u00f3s | FP Baix Empord\u00e0\" srcset=\"https:\/\/www.fpbaixemporda.com\/wp-content\/uploads\/2020\/02\/IES-Palam\u00f3s.jpg.webp 600w, https:\/\/www.fpbaixemporda.com\/wp-content\/uploads\/2020\/02\/IES-Palam\u00f3s-300x185.jpg.webp 300w\" sizes=\"(max-width: 600px) 100vw, 600px\" \/>\t\t\t\t\t\t\t\t\t\t\t\t\t\t\t<\/div>\n\t\t\t\t\t<\/div>\n\t\t<\/div>\n\t\t\t\t<div class=\"elementor-column elementor-col-16 elementor-inner-column elementor-element elementor-element-40dcf75\" data-id=\"40dcf75\" data-element_type=\"column\" data-e-type=\"column\">\n\t\t\t<div class=\"elementor-widget-wrap elementor-element-populated\">\n\t\t\t\t\t\t<div class=\"elementor-element elementor-element-83ec094 elementor-widget elementor-widget-image\" data-id=\"83ec094\" data-element_type=\"widget\" data-e-type=\"widget\" data-widget_type=\"image.default\">\n\t\t\t\t\t\t\t\t\t\t\t\t\t\t\t<img loading=\"lazy\" decoding=\"async\" width=\"600\" height=\"370\" src=\"https:\/\/www.fpbaixemporda.com\/wp-content\/uploads\/2020\/02\/IES-Sant-Feliu.jpg\" class=\"attachment-full size-full wp-image-629\" alt=\"IES Sant Feliu | FP Baix Empord\u00e0\" srcset=\"https:\/\/www.fpbaixemporda.com\/wp-content\/uploads\/2020\/02\/IES-Sant-Feliu.jpg.webp 600w, https:\/\/www.fpbaixemporda.com\/wp-content\/uploads\/2020\/02\/IES-Sant-Feliu-300x185.jpg.webp 300w\" sizes=\"(max-width: 600px) 100vw, 600px\" \/>\t\t\t\t\t\t\t\t\t\t\t\t\t\t\t<\/div>\n\t\t\t\t\t<\/div>\n\t\t<\/div>\n\t\t\t\t<div class=\"elementor-column elementor-col-16 elementor-inner-column elementor-element elementor-element-04e966f\" data-id=\"04e966f\" data-element_type=\"column\" data-e-type=\"column\">\n\t\t\t<div class=\"elementor-widget-wrap elementor-element-populated\">\n\t\t\t\t\t\t<div class=\"elementor-element elementor-element-8ea2fb6 elementor-widget elementor-widget-image\" data-id=\"8ea2fb6\" data-element_type=\"widget\" data-e-type=\"widget\" data-widget_type=\"image.default\">\n\t\t\t\t\t\t\t\t\t\t\t\t\t\t\t<img loading=\"lazy\" decoding=\"async\" width=\"600\" height=\"370\" src=\"https:\/\/www.fpbaixemporda.com\/wp-content\/uploads\/2023\/01\/Escola-Agraria-Monells.jpg\" class=\"attachment-full size-full wp-image-3962\" alt=\"Escuela Agraria Empord\u00e0 | FP Baix Empord\u00e0\" srcset=\"https:\/\/www.fpbaixemporda.com\/wp-content\/uploads\/2023\/01\/Escola-Agraria-Monells.jpg 600w, https:\/\/www.fpbaixemporda.com\/wp-content\/uploads\/2023\/01\/Escola-Agraria-Monells-300x185.jpg 300w\" sizes=\"(max-width: 600px) 100vw, 600px\" \/>\t\t\t\t\t\t\t\t\t\t\t\t\t\t\t<\/div>\n\t\t\t\t\t<\/div>\n\t\t<\/div>\n\t\t\t\t\t<\/div>\n\t\t<\/section>\n\t\t\t\t\t<\/div>\n\t\t<\/div>\n\t\t\t\t\t<\/div>\n\t\t<\/section>\n\t\t\t\t<\/div>","protected":false},"excerpt":{"rendered":"<p>Descripci\u00f3 Aquests estudis capaciten per coordinar els serveis propis dels establiments d&#8217;allotjament tur\u00edstic, organitzar-hi esdeveniments mitjan\u00e7ant la gesti\u00f3 dels recursos humans i materials necessaris; controlar i supervisar el departament de recepci\u00f3 i assegurar l&#8217;atenci\u00f3 a la clientela amb els nivells de qualitat establerts. Tenen una durada de 2.000 hores (1.617\u00a0 lectives en un centre educatiu<br \/><a class=\"moretag\" href=\"https:\/\/www.fpbaixemporda.com\/es\/cf-grau-superior\/gestio-allotjaments-turistics\/\">+ Read More<\/a><\/p>","protected":false},"author":1,"featured_media":1351,"parent":189,"menu_order":0,"comment_status":"closed","ping_status":"closed","template":"templates\/page-fullwidth_template.php","meta":{"footnotes":""},"class_list":["post-1342","page","type-page","status-publish","has-post-thumbnail","hentry"],"yoast_head":"<!-- This site is optimized with the Yoast SEO plugin v27.4 - https:\/\/yoast.com\/product\/yoast-seo-wordpress\/ -->\n<title>Gesti\u00f3 d&#039;allotjaments tur\u00edstics - FP Baix Empord\u00e0<\/title>\n<meta name=\"robots\" content=\"index, follow, max-snippet:-1, max-image-preview:large, max-video-preview:-1\" \/>\n<link rel=\"canonical\" href=\"https:\/\/www.fpbaixemporda.com\/es\/cf-grau-superior\/gestio-allotjaments-turistics\/\" \/>\n<meta property=\"og:locale\" content=\"es_ES\" \/>\n<meta property=\"og:type\" content=\"article\" \/>\n<meta property=\"og:title\" content=\"Gesti\u00f3 d&#039;allotjaments tur\u00edstics - FP Baix Empord\u00e0\" \/>\n<meta property=\"og:description\" content=\"Descripci\u00f3 Aquests estudis capaciten per coordinar els serveis propis dels establiments d&#8217;allotjament tur\u00edstic, organitzar-hi esdeveniments mitjan\u00e7ant la gesti\u00f3 dels recursos humans i materials necessaris; controlar i supervisar el departament de recepci\u00f3 i assegurar l&#8217;atenci\u00f3 a la clientela amb els nivells de qualitat establerts. Tenen una durada de 2.000 hores (1.617\u00a0 lectives en un centre educatiu+ Read More\" \/>\n<meta property=\"og:url\" content=\"https:\/\/www.fpbaixemporda.com\/es\/cf-grau-superior\/gestio-allotjaments-turistics\/\" \/>\n<meta property=\"og:site_name\" content=\"FP Baix Empord\u00e0\" \/>\n<meta property=\"article:publisher\" content=\"https:\/\/www.facebook.com\/fpbaixemporda\" \/>\n<meta property=\"article:modified_time\" content=\"2025-10-23T10:27:12+00:00\" \/>\n<meta property=\"og:image\" content=\"https:\/\/www.fpbaixemporda.com\/wp-content\/uploads\/2020\/04\/Gesti\u00f3-allotjaments-tur\u00edstics-FP-Baix-Empord\u00e0.jpg\" \/>\n\t<meta property=\"og:image:width\" content=\"1400\" \/>\n\t<meta property=\"og:image:height\" content=\"320\" \/>\n\t<meta property=\"og:image:type\" content=\"image\/jpeg\" \/>\n<meta name=\"twitter:card\" content=\"summary_large_image\" \/>\n<meta name=\"twitter:label1\" content=\"Tiempo de lectura\" \/>\n\t<meta name=\"twitter:data1\" content=\"4 minutos\" \/>\n<script type=\"application\/ld+json\" class=\"yoast-schema-graph\">{\"@context\":\"https:\\\/\\\/schema.org\",\"@graph\":[{\"@type\":\"WebPage\",\"@id\":\"https:\\\/\\\/www.fpbaixemporda.com\\\/cf-grau-superior\\\/gestio-allotjaments-turistics\\\/\",\"url\":\"https:\\\/\\\/www.fpbaixemporda.com\\\/cf-grau-superior\\\/gestio-allotjaments-turistics\\\/\",\"name\":\"Gesti\u00f3 d'allotjaments tur\u00edstics - FP Baix Empord\u00e0\",\"isPartOf\":{\"@id\":\"https:\\\/\\\/www.fpbaixemporda.com\\\/#website\"},\"primaryImageOfPage\":{\"@id\":\"https:\\\/\\\/www.fpbaixemporda.com\\\/cf-grau-superior\\\/gestio-allotjaments-turistics\\\/#primaryimage\"},\"image\":{\"@id\":\"https:\\\/\\\/www.fpbaixemporda.com\\\/cf-grau-superior\\\/gestio-allotjaments-turistics\\\/#primaryimage\"},\"thumbnailUrl\":\"https:\\\/\\\/www.fpbaixemporda.com\\\/wp-content\\\/uploads\\\/2020\\\/04\\\/Gesti\u00f3-allotjaments-tur\u00edstics-FP-Baix-Empord\u00e0.jpg\",\"datePublished\":\"2020-04-13T12:29:24+00:00\",\"dateModified\":\"2025-10-23T10:27:12+00:00\",\"breadcrumb\":{\"@id\":\"https:\\\/\\\/www.fpbaixemporda.com\\\/cf-grau-superior\\\/gestio-allotjaments-turistics\\\/#breadcrumb\"},\"inLanguage\":\"es\",\"potentialAction\":[{\"@type\":\"ReadAction\",\"target\":[\"https:\\\/\\\/www.fpbaixemporda.com\\\/cf-grau-superior\\\/gestio-allotjaments-turistics\\\/\"]}]},{\"@type\":\"ImageObject\",\"inLanguage\":\"es\",\"@id\":\"https:\\\/\\\/www.fpbaixemporda.com\\\/cf-grau-superior\\\/gestio-allotjaments-turistics\\\/#primaryimage\",\"url\":\"https:\\\/\\\/www.fpbaixemporda.com\\\/wp-content\\\/uploads\\\/2020\\\/04\\\/Gesti\u00f3-allotjaments-tur\u00edstics-FP-Baix-Empord\u00e0.jpg\",\"contentUrl\":\"https:\\\/\\\/www.fpbaixemporda.com\\\/wp-content\\\/uploads\\\/2020\\\/04\\\/Gesti\u00f3-allotjaments-tur\u00edstics-FP-Baix-Empord\u00e0.jpg\",\"width\":1400,\"height\":320,\"caption\":\"Gesti\u00f3 allotjaments tur\u00edstics - FP Baix Empord\u00e0\"},{\"@type\":\"BreadcrumbList\",\"@id\":\"https:\\\/\\\/www.fpbaixemporda.com\\\/cf-grau-superior\\\/gestio-allotjaments-turistics\\\/#breadcrumb\",\"itemListElement\":[{\"@type\":\"ListItem\",\"position\":1,\"name\":\"Home\",\"item\":\"https:\\\/\\\/www.fpbaixemporda.com\\\/\"},{\"@type\":\"ListItem\",\"position\":2,\"name\":\"CF Grau superior\",\"item\":\"https:\\\/\\\/www.fpbaixemporda.com\\\/cf-grau-superior\\\/\"},{\"@type\":\"ListItem\",\"position\":3,\"name\":\"Gesti\u00f3 d&#8217;allotjaments tur\u00edstics\"}]},{\"@type\":\"WebSite\",\"@id\":\"https:\\\/\\\/www.fpbaixemporda.com\\\/#website\",\"url\":\"https:\\\/\\\/www.fpbaixemporda.com\\\/\",\"name\":\"FP Baix Empord\u00e0\",\"description\":\"El teu futur en bones mans\",\"publisher\":{\"@id\":\"https:\\\/\\\/www.fpbaixemporda.com\\\/#organization\"},\"potentialAction\":[{\"@type\":\"SearchAction\",\"target\":{\"@type\":\"EntryPoint\",\"urlTemplate\":\"https:\\\/\\\/www.fpbaixemporda.com\\\/?s={search_term_string}\"},\"query-input\":{\"@type\":\"PropertyValueSpecification\",\"valueRequired\":true,\"valueName\":\"search_term_string\"}}],\"inLanguage\":\"es\"},{\"@type\":\"Organization\",\"@id\":\"https:\\\/\\\/www.fpbaixemporda.com\\\/#organization\",\"name\":\"FP Baix Empord\u00e0\",\"url\":\"https:\\\/\\\/www.fpbaixemporda.com\\\/\",\"logo\":{\"@type\":\"ImageObject\",\"inLanguage\":\"es\",\"@id\":\"https:\\\/\\\/www.fpbaixemporda.com\\\/#\\\/schema\\\/logo\\\/image\\\/\",\"url\":\"https:\\\/\\\/www.fpbaixemporda.com\\\/wp-content\\\/uploads\\\/2020\\\/02\\\/FP-Baix-Empord\u00e0-Logo.png\",\"contentUrl\":\"https:\\\/\\\/www.fpbaixemporda.com\\\/wp-content\\\/uploads\\\/2020\\\/02\\\/FP-Baix-Empord\u00e0-Logo.png\",\"width\":180,\"height\":117,\"caption\":\"FP Baix Empord\u00e0\"},\"image\":{\"@id\":\"https:\\\/\\\/www.fpbaixemporda.com\\\/#\\\/schema\\\/logo\\\/image\\\/\"},\"sameAs\":[\"https:\\\/\\\/www.facebook.com\\\/fpbaixemporda\",\"https:\\\/\\\/www.instagram.com\\\/fp_baixemporda\\\/\"]}]}<\/script>\n<!-- \/ Yoast SEO plugin. -->","yoast_head_json":{"title":"Gesti\u00f3 d'allotjaments tur\u00edstics - FP Baix Empord\u00e0","robots":{"index":"index","follow":"follow","max-snippet":"max-snippet:-1","max-image-preview":"max-image-preview:large","max-video-preview":"max-video-preview:-1"},"canonical":"https:\/\/www.fpbaixemporda.com\/es\/cf-grau-superior\/gestio-allotjaments-turistics\/","og_locale":"es_ES","og_type":"article","og_title":"Gesti\u00f3 d'allotjaments tur\u00edstics - FP Baix Empord\u00e0","og_description":"Descripci\u00f3 Aquests estudis capaciten per coordinar els serveis propis dels establiments d&#8217;allotjament tur\u00edstic, organitzar-hi esdeveniments mitjan\u00e7ant la gesti\u00f3 dels recursos humans i materials necessaris; controlar i supervisar el departament de recepci\u00f3 i assegurar l&#8217;atenci\u00f3 a la clientela amb els nivells de qualitat establerts. Tenen una durada de 2.000 hores (1.617\u00a0 lectives en un centre educatiu+ Read More","og_url":"https:\/\/www.fpbaixemporda.com\/es\/cf-grau-superior\/gestio-allotjaments-turistics\/","og_site_name":"FP Baix Empord\u00e0","article_publisher":"https:\/\/www.facebook.com\/fpbaixemporda","article_modified_time":"2025-10-23T10:27:12+00:00","og_image":[{"width":1400,"height":320,"url":"https:\/\/www.fpbaixemporda.com\/wp-content\/uploads\/2020\/04\/Gesti\u00f3-allotjaments-tur\u00edstics-FP-Baix-Empord\u00e0.jpg","type":"image\/jpeg"}],"twitter_card":"summary_large_image","twitter_misc":{"Tiempo de lectura":"4 minutos"},"schema":{"@context":"https:\/\/schema.org","@graph":[{"@type":"WebPage","@id":"https:\/\/www.fpbaixemporda.com\/cf-grau-superior\/gestio-allotjaments-turistics\/","url":"https:\/\/www.fpbaixemporda.com\/cf-grau-superior\/gestio-allotjaments-turistics\/","name":"Gesti\u00f3 d'allotjaments tur\u00edstics - FP Baix Empord\u00e0","isPartOf":{"@id":"https:\/\/www.fpbaixemporda.com\/#website"},"primaryImageOfPage":{"@id":"https:\/\/www.fpbaixemporda.com\/cf-grau-superior\/gestio-allotjaments-turistics\/#primaryimage"},"image":{"@id":"https:\/\/www.fpbaixemporda.com\/cf-grau-superior\/gestio-allotjaments-turistics\/#primaryimage"},"thumbnailUrl":"https:\/\/www.fpbaixemporda.com\/wp-content\/uploads\/2020\/04\/Gesti\u00f3-allotjaments-tur\u00edstics-FP-Baix-Empord\u00e0.jpg","datePublished":"2020-04-13T12:29:24+00:00","dateModified":"2025-10-23T10:27:12+00:00","breadcrumb":{"@id":"https:\/\/www.fpbaixemporda.com\/cf-grau-superior\/gestio-allotjaments-turistics\/#breadcrumb"},"inLanguage":"es","potentialAction":[{"@type":"ReadAction","target":["https:\/\/www.fpbaixemporda.com\/cf-grau-superior\/gestio-allotjaments-turistics\/"]}]},{"@type":"ImageObject","inLanguage":"es","@id":"https:\/\/www.fpbaixemporda.com\/cf-grau-superior\/gestio-allotjaments-turistics\/#primaryimage","url":"https:\/\/www.fpbaixemporda.com\/wp-content\/uploads\/2020\/04\/Gesti\u00f3-allotjaments-tur\u00edstics-FP-Baix-Empord\u00e0.jpg","contentUrl":"https:\/\/www.fpbaixemporda.com\/wp-content\/uploads\/2020\/04\/Gesti\u00f3-allotjaments-tur\u00edstics-FP-Baix-Empord\u00e0.jpg","width":1400,"height":320,"caption":"Gesti\u00f3 allotjaments tur\u00edstics - FP Baix Empord\u00e0"},{"@type":"BreadcrumbList","@id":"https:\/\/www.fpbaixemporda.com\/cf-grau-superior\/gestio-allotjaments-turistics\/#breadcrumb","itemListElement":[{"@type":"ListItem","position":1,"name":"Home","item":"https:\/\/www.fpbaixemporda.com\/"},{"@type":"ListItem","position":2,"name":"CF Grau superior","item":"https:\/\/www.fpbaixemporda.com\/cf-grau-superior\/"},{"@type":"ListItem","position":3,"name":"Gesti\u00f3 d&#8217;allotjaments tur\u00edstics"}]},{"@type":"WebSite","@id":"https:\/\/www.fpbaixemporda.com\/#website","url":"https:\/\/www.fpbaixemporda.com\/","name":"FP Baix Empord\u00e0","description":"El teu futur en bones mans","publisher":{"@id":"https:\/\/www.fpbaixemporda.com\/#organization"},"potentialAction":[{"@type":"SearchAction","target":{"@type":"EntryPoint","urlTemplate":"https:\/\/www.fpbaixemporda.com\/?s={search_term_string}"},"query-input":{"@type":"PropertyValueSpecification","valueRequired":true,"valueName":"search_term_string"}}],"inLanguage":"es"},{"@type":"Organization","@id":"https:\/\/www.fpbaixemporda.com\/#organization","name":"FP Baix Empord\u00e0","url":"https:\/\/www.fpbaixemporda.com\/","logo":{"@type":"ImageObject","inLanguage":"es","@id":"https:\/\/www.fpbaixemporda.com\/#\/schema\/logo\/image\/","url":"https:\/\/www.fpbaixemporda.com\/wp-content\/uploads\/2020\/02\/FP-Baix-Empord\u00e0-Logo.png","contentUrl":"https:\/\/www.fpbaixemporda.com\/wp-content\/uploads\/2020\/02\/FP-Baix-Empord\u00e0-Logo.png","width":180,"height":117,"caption":"FP Baix Empord\u00e0"},"image":{"@id":"https:\/\/www.fpbaixemporda.com\/#\/schema\/logo\/image\/"},"sameAs":["https:\/\/www.facebook.com\/fpbaixemporda","https:\/\/www.instagram.com\/fp_baixemporda\/"]}]}},"_links":{"self":[{"href":"https:\/\/www.fpbaixemporda.com\/es\/wp-json\/wp\/v2\/pages\/1342","targetHints":{"allow":["GET"]}}],"collection":[{"href":"https:\/\/www.fpbaixemporda.com\/es\/wp-json\/wp\/v2\/pages"}],"about":[{"href":"https:\/\/www.fpbaixemporda.com\/es\/wp-json\/wp\/v2\/types\/page"}],"author":[{"embeddable":true,"href":"https:\/\/www.fpbaixemporda.com\/es\/wp-json\/wp\/v2\/users\/1"}],"replies":[{"embeddable":true,"href":"https:\/\/www.fpbaixemporda.com\/es\/wp-json\/wp\/v2\/comments?post=1342"}],"version-history":[{"count":2,"href":"https:\/\/www.fpbaixemporda.com\/es\/wp-json\/wp\/v2\/pages\/1342\/revisions"}],"predecessor-version":[{"id":5406,"href":"https:\/\/www.fpbaixemporda.com\/es\/wp-json\/wp\/v2\/pages\/1342\/revisions\/5406"}],"up":[{"embeddable":true,"href":"https:\/\/www.fpbaixemporda.com\/es\/wp-json\/wp\/v2\/pages\/189"}],"wp:featuredmedia":[{"embeddable":true,"href":"https:\/\/www.fpbaixemporda.com\/es\/wp-json\/wp\/v2\/media\/1351"}],"wp:attachment":[{"href":"https:\/\/www.fpbaixemporda.com\/es\/wp-json\/wp\/v2\/media?parent=1342"}],"curies":[{"name":"wp","href":"https:\/\/api.w.org\/{rel}","templated":true}]}}