{"id":191,"date":"2020-02-13T13:50:46","date_gmt":"2020-02-13T12:50:46","guid":{"rendered":"https:\/\/www.fpbaixemporda.com\/?page_id=191"},"modified":"2025-10-24T21:45:31","modified_gmt":"2025-10-24T19:45:31","slug":"fp-dual","status":"publish","type":"page","link":"https:\/\/www.fpbaixemporda.com\/es\/fp-dual\/","title":{"rendered":"FP Dual"},"content":{"rendered":"<p style=\"text-align: justify;\" class=\"translation-block\">La <strong>Formaci\u00f3n Profesional<\/strong> (FP) <strong>dual<\/strong> es la modalidad de formaci\u00f3n profesional en la que el estudiante se convierte en aprendiz y combina la formaci\u00f3n en el centro educativo con la actividad en la empresa.<\/p>\n<p style=\"text-align: justify;\" class=\"translation-block\">La formaci\u00f3n dual <strong>combina el aprendizaje en una empresa con la formaci\u00f3n acad\u00e9mica<\/strong>, aumentando la colaboraci\u00f3n entre los centros de formaci\u00f3n profesional y las empresas, en el proceso formativo de los alumnos<\/p>\n<p><img fetchpriority=\"high\" decoding=\"async\" class=\"aligncenter wp-image-3664\" src=\"https:\/\/www.fpbaixemporda.com\/wp-content\/uploads\/2022\/10\/FP-Baix-Emporda-FP-Dual-Ministeri-dEducacio.jpg\" alt=\"FP Baix Empord\u00e0 - FP Dual - Ministeri d'Educaci\u00f3\" width=\"600\" height=\"119\" srcset=\"https:\/\/www.fpbaixemporda.com\/wp-content\/uploads\/2022\/10\/FP-Baix-Emporda-FP-Dual-Ministeri-dEducacio.jpg 800w, https:\/\/www.fpbaixemporda.com\/wp-content\/uploads\/2022\/10\/FP-Baix-Emporda-FP-Dual-Ministeri-dEducacio-300x60.jpg 300w, https:\/\/www.fpbaixemporda.com\/wp-content\/uploads\/2022\/10\/FP-Baix-Emporda-FP-Dual-Ministeri-dEducacio-768x153.jpg 768w\" sizes=\"(max-width: 600px) 100vw, 600px\" \/><\/p>\n<h3>La empresa y la FP DUAL<\/h3>\n<p style=\"text-align: justify;\" class=\"translation-block\">Desde hace tiempo muchas empresas han reivindicado la necesidad de recuperar el modelo laboral del aprendiz. El <strong>nuevo modelo colaborativo entre empresa y escuela<\/strong> que representa la formaci\u00f3n profesional en alternancia y dual, permite recuperar esta figura con muchas ventajas y valores a\u00f1adidos pues el alumno se incorpora al trabajo con un bagaje de conocimientos adquiridos, directamente relacionados con el perfil profesional de la empresa.<\/p>\n<p style=\"text-align: justify;\" class=\"translation-block\">Este proceso de aprendizaje previamente consensuado con el centro, y que siempre es al menos un tercio del total de contenidos de cada ciclo, <strong>garantiza un m\u00ednimo de 1000 horas de estancia del alumno en la empresa<\/strong>, en calidad de trabajador, con todos los derechos y deberes que ello comporta por las partes. El centro y la empresa pactan los contenidos que el alumno aprender\u00e1 en el centro de trabajo ajust\u00e1ndolos a las necesidades y perfiles del puesto de trabajo por lo que se forma y que ocupar\u00e1 en el futuro.<\/p>\n<p style=\"text-align: justify;\">La firma de un convenio marco entre las partes garantizar\u00e1 el cumplimiento de los pactos y acuerdos fijados.<\/p>\n<p style=\"text-align: justify;\">El seguimiento de todo el proceso corre con cargo a los tutores de empresa y centro previamente designados y que garantizar\u00e1n el cumplimiento del convenio.<\/p>\n<h3>Beneficios de la FP DUAL para la empresa<\/h3>\n<ul>\n<li style=\"text-align: justify;\" class=\"translation-block\">La\u00a0<strong>FP Dual<\/strong>contribuye a la mejora de la competitividad de las empresas al mejorar su gesti\u00f3n de los recursos humanos: permite disponer de un capital humano con las competencias y habilidades personales y profesionales necesarias para incorporarse a la empresa.<\/li>\n<li style=\"text-align: justify;\" class=\"translation-block\">La\u00a0<strong>FP Dual<\/strong> pone el \u00e9nfasis en la formaci\u00f3n pr\u00e1ctica y en la participaci\u00f3n activa de la empresa en el dise\u00f1o de los contenidos de la formaci\u00f3n profesional y, por tanto, ofrece la posibilidad de formar a una persona de acuerdo a las necesidades de las empresas, a sus procesos y cultura empresarial.<\/li>\n<li style=\"text-align: justify;\" class=\"translation-block\">Con la\u00a0<strong>FP Dual<\/strong> se recupera el modelo de aprendiz garantizando una formaci\u00f3n profesional que mejora la calificaci\u00f3n y el desarrollo personal de los j\u00f3venes.<\/li>\n<li style=\"text-align: justify;\" class=\"translation-block\">La <strong>FP Dual<\/strong> aumenta las competencias y el rendimiento laboral del trabajador contratado.<\/li>\n<li style=\"text-align: justify;\" class=\"translation-block\">La empresa participa de la <strong>responsabilidad social<\/strong>de fomentar la formaci\u00f3n y la empleabilidad de las personas.<\/li>\n<\/ul>\n<div class=\"_3d-flip-book  fb3d-fullscreen-mode full-size\" data-id=\"0\" data-mode=\"fullscreen\" data-title=\"false\" data-template=\"short-white-book-view\" data-lightbox=\"dark-shadow\" data-urlparam=\"fb3d-page\" data-page-n=\"0\" data-pdf=\"https:\/\/www.fpbaixemporda.com\/docs\/FP-DUAL.pdf\" data-tax=\"null\" data-thumbnail=\"\" data-cols=\"3\" data-book-template=\"default\" data-trigger=\"\"><\/div>\n<h3>M\u00e1s informaci\u00f3n en la web oficial<\/h3>\n<p><a href=\"https:\/\/projectes.xtec.cat\/fpdual\/\" target=\"_blank\" rel=\"noopener noreferrer\"><strong>www.projectes.xtec.cat\/fpdual\/<\/strong><\/a><\/p>","protected":false},"excerpt":{"rendered":"<p>La Formaci\u00f3 Professional (FP) dual \u00e9s la modalitat de formaci\u00f3 professional en la qual l\u2019estudiant esdev\u00e9 aprenent i combina la formaci\u00f3 en el centre educatiu amb l\u2019activitat a l\u2019empresa. La formaci\u00f3 dual combina l&#8217;aprenentatge en una empresa amb la formaci\u00f3 acad\u00e8mica, augmentant la col\u00b7laboraci\u00f3 entre els centres de formaci\u00f3 professional i les empreses, en el<br \/><a class=\"moretag\" href=\"https:\/\/www.fpbaixemporda.com\/es\/fp-dual\/\">+ Read More<\/a><\/p>","protected":false},"author":1,"featured_media":942,"parent":0,"menu_order":0,"comment_status":"closed","ping_status":"closed","template":"templates\/page-fullwidth_template.php","meta":{"footnotes":""},"class_list":["post-191","page","type-page","status-publish","has-post-thumbnail","hentry"],"yoast_head":"<!-- This site is optimized with the Yoast SEO plugin v27.4 - https:\/\/yoast.com\/product\/yoast-seo-wordpress\/ -->\n<title>FP Dual - FP Baix Empord\u00e0<\/title>\n<meta name=\"robots\" content=\"index, follow, max-snippet:-1, max-image-preview:large, max-video-preview:-1\" \/>\n<link rel=\"canonical\" href=\"https:\/\/www.fpbaixemporda.com\/es\/fp-dual\/\" \/>\n<meta property=\"og:locale\" content=\"es_ES\" \/>\n<meta property=\"og:type\" content=\"article\" \/>\n<meta property=\"og:title\" content=\"FP Dual - FP Baix Empord\u00e0\" \/>\n<meta property=\"og:description\" content=\"La Formaci\u00f3 Professional (FP) dual \u00e9s la modalitat de formaci\u00f3 professional en la qual l\u2019estudiant esdev\u00e9 aprenent i combina la formaci\u00f3 en el centre educatiu amb l\u2019activitat a l\u2019empresa. La formaci\u00f3 dual combina l&#8217;aprenentatge en una empresa amb la formaci\u00f3 acad\u00e8mica, augmentant la col\u00b7laboraci\u00f3 entre els centres de formaci\u00f3 professional i les empreses, en el+ Read More\" \/>\n<meta property=\"og:url\" content=\"https:\/\/www.fpbaixemporda.com\/es\/fp-dual\/\" \/>\n<meta property=\"og:site_name\" content=\"FP Baix Empord\u00e0\" \/>\n<meta property=\"article:publisher\" content=\"https:\/\/www.facebook.com\/fpbaixemporda\" \/>\n<meta property=\"article:modified_time\" content=\"2025-10-24T19:45:31+00:00\" \/>\n<meta property=\"og:image\" content=\"https:\/\/www.fpbaixemporda.com\/wp-content\/uploads\/2020\/03\/FP-Dual-FP-Baix-Empord\u00e0.jpg\" \/>\n\t<meta property=\"og:image:width\" content=\"1400\" \/>\n\t<meta property=\"og:image:height\" content=\"320\" \/>\n\t<meta property=\"og:image:type\" content=\"image\/jpeg\" \/>\n<meta name=\"twitter:card\" content=\"summary_large_image\" \/>\n<meta name=\"twitter:label1\" content=\"Tiempo de lectura\" \/>\n\t<meta name=\"twitter:data1\" content=\"3 minutos\" \/>\n<script type=\"application\/ld+json\" class=\"yoast-schema-graph\">{\"@context\":\"https:\\\/\\\/schema.org\",\"@graph\":[{\"@type\":\"WebPage\",\"@id\":\"https:\\\/\\\/www.fpbaixemporda.com\\\/fp-dual\\\/\",\"url\":\"https:\\\/\\\/www.fpbaixemporda.com\\\/fp-dual\\\/\",\"name\":\"FP Dual - FP Baix Empord\u00e0\",\"isPartOf\":{\"@id\":\"https:\\\/\\\/www.fpbaixemporda.com\\\/#website\"},\"primaryImageOfPage\":{\"@id\":\"https:\\\/\\\/www.fpbaixemporda.com\\\/fp-dual\\\/#primaryimage\"},\"image\":{\"@id\":\"https:\\\/\\\/www.fpbaixemporda.com\\\/fp-dual\\\/#primaryimage\"},\"thumbnailUrl\":\"https:\\\/\\\/www.fpbaixemporda.com\\\/wp-content\\\/uploads\\\/2020\\\/03\\\/FP-Dual-FP-Baix-Empord\u00e0.jpg\",\"datePublished\":\"2020-02-13T12:50:46+00:00\",\"dateModified\":\"2025-10-24T19:45:31+00:00\",\"breadcrumb\":{\"@id\":\"https:\\\/\\\/www.fpbaixemporda.com\\\/fp-dual\\\/#breadcrumb\"},\"inLanguage\":\"es\",\"potentialAction\":[{\"@type\":\"ReadAction\",\"target\":[\"https:\\\/\\\/www.fpbaixemporda.com\\\/fp-dual\\\/\"]}]},{\"@type\":\"ImageObject\",\"inLanguage\":\"es\",\"@id\":\"https:\\\/\\\/www.fpbaixemporda.com\\\/fp-dual\\\/#primaryimage\",\"url\":\"https:\\\/\\\/www.fpbaixemporda.com\\\/wp-content\\\/uploads\\\/2020\\\/03\\\/FP-Dual-FP-Baix-Empord\u00e0.jpg\",\"contentUrl\":\"https:\\\/\\\/www.fpbaixemporda.com\\\/wp-content\\\/uploads\\\/2020\\\/03\\\/FP-Dual-FP-Baix-Empord\u00e0.jpg\",\"width\":1400,\"height\":320,\"caption\":\"FP Dual - FP Baix Empord\u00e0\"},{\"@type\":\"BreadcrumbList\",\"@id\":\"https:\\\/\\\/www.fpbaixemporda.com\\\/fp-dual\\\/#breadcrumb\",\"itemListElement\":[{\"@type\":\"ListItem\",\"position\":1,\"name\":\"Home\",\"item\":\"https:\\\/\\\/www.fpbaixemporda.com\\\/\"},{\"@type\":\"ListItem\",\"position\":2,\"name\":\"FP Dual\"}]},{\"@type\":\"WebSite\",\"@id\":\"https:\\\/\\\/www.fpbaixemporda.com\\\/#website\",\"url\":\"https:\\\/\\\/www.fpbaixemporda.com\\\/\",\"name\":\"FP Baix Empord\u00e0\",\"description\":\"El teu futur en bones mans\",\"publisher\":{\"@id\":\"https:\\\/\\\/www.fpbaixemporda.com\\\/#organization\"},\"potentialAction\":[{\"@type\":\"SearchAction\",\"target\":{\"@type\":\"EntryPoint\",\"urlTemplate\":\"https:\\\/\\\/www.fpbaixemporda.com\\\/?s={search_term_string}\"},\"query-input\":{\"@type\":\"PropertyValueSpecification\",\"valueRequired\":true,\"valueName\":\"search_term_string\"}}],\"inLanguage\":\"es\"},{\"@type\":\"Organization\",\"@id\":\"https:\\\/\\\/www.fpbaixemporda.com\\\/#organization\",\"name\":\"FP Baix Empord\u00e0\",\"url\":\"https:\\\/\\\/www.fpbaixemporda.com\\\/\",\"logo\":{\"@type\":\"ImageObject\",\"inLanguage\":\"es\",\"@id\":\"https:\\\/\\\/www.fpbaixemporda.com\\\/#\\\/schema\\\/logo\\\/image\\\/\",\"url\":\"https:\\\/\\\/www.fpbaixemporda.com\\\/wp-content\\\/uploads\\\/2020\\\/02\\\/FP-Baix-Empord\u00e0-Logo.png\",\"contentUrl\":\"https:\\\/\\\/www.fpbaixemporda.com\\\/wp-content\\\/uploads\\\/2020\\\/02\\\/FP-Baix-Empord\u00e0-Logo.png\",\"width\":180,\"height\":117,\"caption\":\"FP Baix Empord\u00e0\"},\"image\":{\"@id\":\"https:\\\/\\\/www.fpbaixemporda.com\\\/#\\\/schema\\\/logo\\\/image\\\/\"},\"sameAs\":[\"https:\\\/\\\/www.facebook.com\\\/fpbaixemporda\",\"https:\\\/\\\/www.instagram.com\\\/fp_baixemporda\\\/\"]}]}<\/script>\n<!-- \/ Yoast SEO plugin. -->","yoast_head_json":{"title":"FP Dual - FP Baix Empord\u00e0","robots":{"index":"index","follow":"follow","max-snippet":"max-snippet:-1","max-image-preview":"max-image-preview:large","max-video-preview":"max-video-preview:-1"},"canonical":"https:\/\/www.fpbaixemporda.com\/es\/fp-dual\/","og_locale":"es_ES","og_type":"article","og_title":"FP Dual - FP Baix Empord\u00e0","og_description":"La Formaci\u00f3 Professional (FP) dual \u00e9s la modalitat de formaci\u00f3 professional en la qual l\u2019estudiant esdev\u00e9 aprenent i combina la formaci\u00f3 en el centre educatiu amb l\u2019activitat a l\u2019empresa. La formaci\u00f3 dual combina l&#8217;aprenentatge en una empresa amb la formaci\u00f3 acad\u00e8mica, augmentant la col\u00b7laboraci\u00f3 entre els centres de formaci\u00f3 professional i les empreses, en el+ Read More","og_url":"https:\/\/www.fpbaixemporda.com\/es\/fp-dual\/","og_site_name":"FP Baix Empord\u00e0","article_publisher":"https:\/\/www.facebook.com\/fpbaixemporda","article_modified_time":"2025-10-24T19:45:31+00:00","og_image":[{"width":1400,"height":320,"url":"https:\/\/www.fpbaixemporda.com\/wp-content\/uploads\/2020\/03\/FP-Dual-FP-Baix-Empord\u00e0.jpg","type":"image\/jpeg"}],"twitter_card":"summary_large_image","twitter_misc":{"Tiempo de lectura":"3 minutos"},"schema":{"@context":"https:\/\/schema.org","@graph":[{"@type":"WebPage","@id":"https:\/\/www.fpbaixemporda.com\/fp-dual\/","url":"https:\/\/www.fpbaixemporda.com\/fp-dual\/","name":"FP Dual - FP Baix Empord\u00e0","isPartOf":{"@id":"https:\/\/www.fpbaixemporda.com\/#website"},"primaryImageOfPage":{"@id":"https:\/\/www.fpbaixemporda.com\/fp-dual\/#primaryimage"},"image":{"@id":"https:\/\/www.fpbaixemporda.com\/fp-dual\/#primaryimage"},"thumbnailUrl":"https:\/\/www.fpbaixemporda.com\/wp-content\/uploads\/2020\/03\/FP-Dual-FP-Baix-Empord\u00e0.jpg","datePublished":"2020-02-13T12:50:46+00:00","dateModified":"2025-10-24T19:45:31+00:00","breadcrumb":{"@id":"https:\/\/www.fpbaixemporda.com\/fp-dual\/#breadcrumb"},"inLanguage":"es","potentialAction":[{"@type":"ReadAction","target":["https:\/\/www.fpbaixemporda.com\/fp-dual\/"]}]},{"@type":"ImageObject","inLanguage":"es","@id":"https:\/\/www.fpbaixemporda.com\/fp-dual\/#primaryimage","url":"https:\/\/www.fpbaixemporda.com\/wp-content\/uploads\/2020\/03\/FP-Dual-FP-Baix-Empord\u00e0.jpg","contentUrl":"https:\/\/www.fpbaixemporda.com\/wp-content\/uploads\/2020\/03\/FP-Dual-FP-Baix-Empord\u00e0.jpg","width":1400,"height":320,"caption":"FP Dual - FP Baix Empord\u00e0"},{"@type":"BreadcrumbList","@id":"https:\/\/www.fpbaixemporda.com\/fp-dual\/#breadcrumb","itemListElement":[{"@type":"ListItem","position":1,"name":"Home","item":"https:\/\/www.fpbaixemporda.com\/"},{"@type":"ListItem","position":2,"name":"FP Dual"}]},{"@type":"WebSite","@id":"https:\/\/www.fpbaixemporda.com\/#website","url":"https:\/\/www.fpbaixemporda.com\/","name":"FP Baix Empord\u00e0","description":"El teu futur en bones mans","publisher":{"@id":"https:\/\/www.fpbaixemporda.com\/#organization"},"potentialAction":[{"@type":"SearchAction","target":{"@type":"EntryPoint","urlTemplate":"https:\/\/www.fpbaixemporda.com\/?s={search_term_string}"},"query-input":{"@type":"PropertyValueSpecification","valueRequired":true,"valueName":"search_term_string"}}],"inLanguage":"es"},{"@type":"Organization","@id":"https:\/\/www.fpbaixemporda.com\/#organization","name":"FP Baix Empord\u00e0","url":"https:\/\/www.fpbaixemporda.com\/","logo":{"@type":"ImageObject","inLanguage":"es","@id":"https:\/\/www.fpbaixemporda.com\/#\/schema\/logo\/image\/","url":"https:\/\/www.fpbaixemporda.com\/wp-content\/uploads\/2020\/02\/FP-Baix-Empord\u00e0-Logo.png","contentUrl":"https:\/\/www.fpbaixemporda.com\/wp-content\/uploads\/2020\/02\/FP-Baix-Empord\u00e0-Logo.png","width":180,"height":117,"caption":"FP Baix Empord\u00e0"},"image":{"@id":"https:\/\/www.fpbaixemporda.com\/#\/schema\/logo\/image\/"},"sameAs":["https:\/\/www.facebook.com\/fpbaixemporda","https:\/\/www.instagram.com\/fp_baixemporda\/"]}]}},"_links":{"self":[{"href":"https:\/\/www.fpbaixemporda.com\/es\/wp-json\/wp\/v2\/pages\/191","targetHints":{"allow":["GET"]}}],"collection":[{"href":"https:\/\/www.fpbaixemporda.com\/es\/wp-json\/wp\/v2\/pages"}],"about":[{"href":"https:\/\/www.fpbaixemporda.com\/es\/wp-json\/wp\/v2\/types\/page"}],"author":[{"embeddable":true,"href":"https:\/\/www.fpbaixemporda.com\/es\/wp-json\/wp\/v2\/users\/1"}],"replies":[{"embeddable":true,"href":"https:\/\/www.fpbaixemporda.com\/es\/wp-json\/wp\/v2\/comments?post=191"}],"version-history":[{"count":2,"href":"https:\/\/www.fpbaixemporda.com\/es\/wp-json\/wp\/v2\/pages\/191\/revisions"}],"predecessor-version":[{"id":5539,"href":"https:\/\/www.fpbaixemporda.com\/es\/wp-json\/wp\/v2\/pages\/191\/revisions\/5539"}],"wp:featuredmedia":[{"embeddable":true,"href":"https:\/\/www.fpbaixemporda.com\/es\/wp-json\/wp\/v2\/media\/942"}],"wp:attachment":[{"href":"https:\/\/www.fpbaixemporda.com\/es\/wp-json\/wp\/v2\/media?parent=191"}],"curies":[{"name":"wp","href":"https:\/\/api.w.org\/{rel}","templated":true}]}}