{"id":215,"date":"2020-02-13T16:47:29","date_gmt":"2020-02-13T15:47:29","guid":{"rendered":"https:\/\/www.fpbaixemporda.com\/?page_id=215"},"modified":"2025-10-21T18:01:39","modified_gmt":"2025-10-21T16:01:39","slug":"instal%c2%b7lacions-electriques","status":"publish","type":"page","link":"https:\/\/www.fpbaixemporda.com\/es\/cf-grau-mitja\/instal%c2%b7lacions-electriques\/","title":{"rendered":"Instalaciones el\u00e9ctricas y autom\u00e1ticas"},"content":{"rendered":"<h2 style=\"text-align: center;\"><a href=\"https:\/\/www.fpbaixemporda.com\/es\/fp-dual\/\">Ciclo dual<\/a><\/h2>\n<h3>Descripci\u00f3n<\/h3>\n<p style=\"text-align: justify;\">Aquests estudis postobligatoris capaciten per muntar i mantenir infraestructures de telecomunicaci\u00f3 en edificis, instal\u00b7lacions el\u00e8ctriques de baixa tensi\u00f3, m\u00e0quines el\u00e8ctriques i sistemes automatitzats.<\/p>\n<p style=\"text-align: justify;\">Tenen una durada de <strong>2.000 horas<\/strong> (1.617 lectives en un centre educatiu i 383 pr\u00e0ctiques en un centre de treball) distribu\u00efdes en<strong>\u00a0dos cursos<\/strong>\u00a0acad\u00e9micos.<\/p>\n<h3>Contenidos<\/h3>\n<ul>\n<li>Automatismes Industrials.<\/li>\n<li>Instal\u00b7lacions El\u00e8ctriques Interiors.<\/li>\n<li>Instal\u00b7lacions de Distribuci\u00f3.<\/li>\n<li>Infraestructures Comunes de Telecomunicaci\u00f3 en Habitatges i Edificis.<\/li>\n<li>Instal\u00b7lacions Dom\u00f2tiques.<\/li>\n<li>Instal\u00b7lacions Solars Fotovoltaiques.<\/li>\n<li>M\u00e0quines El\u00e8ctriques.<\/li>\n<li>Instal\u00b7lacions El\u00e8ctriques Especials.<\/li>\n<li>Electr\u00f2nica.<\/li>\n<li>Electrot\u00e8cnia.<\/li>\n<li>Formaci\u00f3n y orientaci\u00f3n laboral.<\/li>\n<li>Empresa e Iniciativa Emprendedora.<\/li>\n<li>Ingl\u00e9s T\u00e9cnico.<\/li>\n<li>S\u00edntesis.<\/li>\n<li>Formaci\u00f3n en Centros de Trabajo.<\/li>\n<\/ul>\n<h3>C\u00f3mo acceder<\/h3>\n<p style=\"text-align: justify;\">Tienen\u00a0<strong>acceso directo<\/strong>\u00a0al ciclo las personas que cumplen alguno de los siguientes requisitos:<\/p>\n<ul>\n<li>Tener el t\u00edtulo de graduado en educaci\u00f3n secundaria obligatoria.<\/li>\n<li>Haber superado el curso espec\u00edfico para el acceso a ciclos de grado medio.<\/li>\n<li>Tener el t\u00edtulo de t\u00e9cnico o t\u00e9cnico auxiliar.<\/li>\n<li>Haber superado el segundo curso del bachillerato unificado y polivalente (BUP).<\/li>\n<li>Tener otros estudios equivalentes a efectos acad\u00e9micos.<\/li>\n<li>Haber superado la prueba de acceso a la universidad para mayores de 25 a\u00f1os.<\/li>\n<li>Haber superado los m\u00f3dulos obligatorios de un programa de calificaci\u00f3n profesional inicial (PCPI).<\/li>\n<li>Tener un t\u00edtulo para acceder a un ciclo formativo de grado superior.<\/li>\n<\/ul>\n<p style=\"text-align: justify;\">Las personas que no cumplen ninguno de los requisitos mencionados deben superar una prueba de acceso. Para presentarse es necesario tener como m\u00ednimo 17 a\u00f1os en el a\u00f1o en que se hace la prueba.<\/p>\n<h3>Salidas profesionales<\/h3>\n<h4>Salidas acad\u00e9micas<\/h4>\n<p style=\"text-align: justify;\">Con estos estudios se obtiene el t\u00edtulo de\u00a0<strong>t\u00e9cnico o t\u00e9cnica<\/strong>, que permite acceder:<\/p>\n<ul>\n<li>Al bachillerato.<\/li>\n<li>A un ciclo de grado superior de formaci\u00f3n profesional.<\/li>\n<\/ul>\n<h4>Salidas laborales<\/h4>\n<p style=\"text-align: justify;\">La superaci\u00f3n de este ciclo formativo permite acceder al\u00a0<strong>mundo laboral<\/strong>\u00a0como:<\/p>\n<ul>\n<li>Electricista industrial i d&#8217;instal\u00b7lacions el\u00e8ctriques d&#8217;edificis.<\/li>\n<li>Instal\u00b7lador o instal\u00b7ladora de l\u00ednies el\u00e8ctriques, equips electr\u00f2nics en edificis, antenes i equips telef\u00f2nics.<\/li>\n<li>Electricista de construcci\u00f3.<\/li>\n<li>Electricista de manteniment.<\/li>\n<li>Instal\u00b7lador o instal\u00b7ladora i mantenidor o mantenidora de sistemes dom\u00f2tics.<\/li>\n<li>Muntador o muntadora d&#8217;instal\u00b7lacions d&#8217;energia solar fotovoltaica.<\/li>\n<li>Instal\u00b7lador de telecomunicacions en edificis i habitatges.<\/li>\n<\/ul>\n<p style=\"text-align: justify;\">Amb aquest t\u00edtol s&#8217;obt\u00e9 la compet\u00e8ncia per ser\u00a0<strong>instal\u00b7lador autoritzat en Baixa Tensi\u00f3<\/strong>\u00a0i la qualificaci\u00f3 t\u00e8cnica adequada exigida com a requisit per ser\u00a0<strong>empresa instal\u00b7ladora d&#8217;infraestructures comunes de telecomunicacions<\/strong>.<\/p>\n<h3>Puedes estudiar este ciclo en\u2026<\/h3>\n\t\t<div data-elementor-type=\"page\" data-elementor-id=\"2852\" class=\"elementor elementor-2852\" data-elementor-post-type=\"elementor_library\">\n\t\t\t\t\t\t<section class=\"elementor-section elementor-top-section elementor-element elementor-element-1cd0baf elementor-section-full_width elementor-section-height-default elementor-section-height-default\" data-id=\"1cd0baf\" data-element_type=\"section\" data-e-type=\"section\">\n\t\t\t\t\t\t<div class=\"elementor-container elementor-column-gap-no\">\n\t\t\t\t\t<div class=\"elementor-column elementor-col-100 elementor-top-column elementor-element elementor-element-a8fa618\" data-id=\"a8fa618\" data-element_type=\"column\" data-e-type=\"column\">\n\t\t\t<div class=\"elementor-widget-wrap elementor-element-populated\">\n\t\t\t\t\t\t<section class=\"elementor-section elementor-inner-section elementor-element elementor-element-be85e75 elementor-section-full_width elementor-section-height-default elementor-section-height-default\" data-id=\"be85e75\" data-element_type=\"section\" data-e-type=\"section\">\n\t\t\t\t\t\t<div class=\"elementor-container elementor-column-gap-narrow\">\n\t\t\t\t\t<div class=\"elementor-column elementor-col-16 elementor-inner-column elementor-element elementor-element-ce1558a\" data-id=\"ce1558a\" data-element_type=\"column\" data-e-type=\"column\">\n\t\t\t<div class=\"elementor-widget-wrap elementor-element-populated\">\n\t\t\t\t\t\t<div class=\"elementor-element elementor-element-c4651c5 elementor-widget elementor-widget-image\" data-id=\"c4651c5\" data-element_type=\"widget\" data-e-type=\"widget\" data-widget_type=\"image.default\">\n\t\t\t\t\t\t\t\t\t\t\t\t\t\t\t\t<a href=\"https:\/\/www.fpbaixemporda.com\/es\/ins-baix-emporda\/\">\n\t\t\t\t\t\t\t<img fetchpriority=\"high\" decoding=\"async\" width=\"600\" height=\"370\" src=\"https:\/\/www.fpbaixemporda.com\/wp-content\/uploads\/2026\/04\/IES-Baix-Emporda.jpg\" class=\"attachment-full size-full wp-image-5756\" alt=\"INS Baix Empord\u00e0 | FP Baix Empord\u00e0\" srcset=\"https:\/\/www.fpbaixemporda.com\/wp-content\/uploads\/2026\/04\/IES-Baix-Emporda.jpg 600w, https:\/\/www.fpbaixemporda.com\/wp-content\/uploads\/2026\/04\/IES-Baix-Emporda-300x185.jpg 300w, https:\/\/www.fpbaixemporda.com\/wp-content\/uploads\/2026\/04\/IES-Baix-Emporda-18x12.jpg 18w\" sizes=\"(max-width: 600px) 100vw, 600px\" \/>\t\t\t\t\t\t\t\t<\/a>\n\t\t\t\t\t\t\t\t\t\t\t\t\t\t\t<\/div>\n\t\t\t\t\t<\/div>\n\t\t<\/div>\n\t\t\t\t<div class=\"elementor-column elementor-col-16 elementor-inner-column elementor-element elementor-element-19912ac\" data-id=\"19912ac\" data-element_type=\"column\" data-e-type=\"column\">\n\t\t\t<div class=\"elementor-widget-wrap elementor-element-populated\">\n\t\t\t\t\t\t<div class=\"elementor-element elementor-element-893791b elementor-widget elementor-widget-image\" data-id=\"893791b\" data-element_type=\"widget\" data-e-type=\"widget\" data-widget_type=\"image.default\">\n\t\t\t\t\t\t\t\t\t\t\t\t\t\t\t<img decoding=\"async\" width=\"600\" height=\"370\" src=\"https:\/\/www.fpbaixemporda.com\/wp-content\/uploads\/2020\/02\/IES-La-Bisbal.jpg\" class=\"attachment-full size-full wp-image-615\" alt=\"INS La Bisbal | FP Baix Empord\u00e0\" srcset=\"https:\/\/www.fpbaixemporda.com\/wp-content\/uploads\/2020\/02\/IES-La-Bisbal.jpg 600w, https:\/\/www.fpbaixemporda.com\/wp-content\/uploads\/2020\/02\/IES-La-Bisbal-300x185.jpg 300w\" sizes=\"(max-width: 600px) 100vw, 600px\" \/>\t\t\t\t\t\t\t\t\t\t\t\t\t\t\t<\/div>\n\t\t\t\t\t<\/div>\n\t\t<\/div>\n\t\t\t\t<div class=\"elementor-column elementor-col-16 elementor-inner-column elementor-element elementor-element-1ae237b\" data-id=\"1ae237b\" data-element_type=\"column\" data-e-type=\"column\">\n\t\t\t<div class=\"elementor-widget-wrap elementor-element-populated\">\n\t\t\t\t\t\t<div class=\"elementor-element elementor-element-b1bc45f elementor-widget elementor-widget-image\" data-id=\"b1bc45f\" data-element_type=\"widget\" data-e-type=\"widget\" data-widget_type=\"image.default\">\n\t\t\t\t\t\t\t\t\t\t\t\t\t\t\t<img decoding=\"async\" width=\"600\" height=\"370\" src=\"https:\/\/www.fpbaixemporda.com\/wp-content\/uploads\/2020\/02\/IES-Montgr\u00ed.jpg\" class=\"attachment-full size-full wp-image-623\" alt=\"INS Montgr\u00ed | FP Baix Empord\u00e0\" srcset=\"https:\/\/www.fpbaixemporda.com\/wp-content\/uploads\/2020\/02\/IES-Montgr\u00ed.jpg 600w, https:\/\/www.fpbaixemporda.com\/wp-content\/uploads\/2020\/02\/IES-Montgr\u00ed-300x185.jpg 300w\" sizes=\"(max-width: 600px) 100vw, 600px\" \/>\t\t\t\t\t\t\t\t\t\t\t\t\t\t\t<\/div>\n\t\t\t\t\t<\/div>\n\t\t<\/div>\n\t\t\t\t<div class=\"elementor-column elementor-col-16 elementor-inner-column elementor-element elementor-element-7647c80\" data-id=\"7647c80\" data-element_type=\"column\" data-e-type=\"column\">\n\t\t\t<div class=\"elementor-widget-wrap elementor-element-populated\">\n\t\t\t\t\t\t<div class=\"elementor-element elementor-element-c576037 elementor-widget elementor-widget-image\" data-id=\"c576037\" data-element_type=\"widget\" data-e-type=\"widget\" data-widget_type=\"image.default\">\n\t\t\t\t\t\t\t\t\t\t\t\t\t\t\t<img loading=\"lazy\" decoding=\"async\" width=\"600\" height=\"370\" src=\"https:\/\/www.fpbaixemporda.com\/wp-content\/uploads\/2020\/02\/IES-Palam\u00f3s.jpg\" class=\"attachment-full size-full wp-image-626\" alt=\"INS Palam\u00f3s | FP Baix Empord\u00e0\" srcset=\"https:\/\/www.fpbaixemporda.com\/wp-content\/uploads\/2020\/02\/IES-Palam\u00f3s.jpg 600w, https:\/\/www.fpbaixemporda.com\/wp-content\/uploads\/2020\/02\/IES-Palam\u00f3s-300x185.jpg 300w\" sizes=\"(max-width: 600px) 100vw, 600px\" \/>\t\t\t\t\t\t\t\t\t\t\t\t\t\t\t<\/div>\n\t\t\t\t\t<\/div>\n\t\t<\/div>\n\t\t\t\t<div class=\"elementor-column elementor-col-16 elementor-inner-column elementor-element elementor-element-59a8e5a\" data-id=\"59a8e5a\" data-element_type=\"column\" data-e-type=\"column\">\n\t\t\t<div class=\"elementor-widget-wrap elementor-element-populated\">\n\t\t\t\t\t\t<div class=\"elementor-element elementor-element-4de0392 elementor-widget elementor-widget-image\" data-id=\"4de0392\" data-element_type=\"widget\" data-e-type=\"widget\" data-widget_type=\"image.default\">\n\t\t\t\t\t\t\t\t\t\t\t\t\t\t\t\t<a href=\"https:\/\/www.fpbaixemporda.com\/es\/ins-sant-feliu\/\">\n\t\t\t\t\t\t\t<img loading=\"lazy\" decoding=\"async\" width=\"600\" height=\"370\" src=\"https:\/\/www.fpbaixemporda.com\/wp-content\/uploads\/2020\/02\/IES-Sant-Feliu.jpg\" class=\"attachment-full size-full wp-image-629\" alt=\"IES Sant Feliu | FP Baix Empord\u00e0\" srcset=\"https:\/\/www.fpbaixemporda.com\/wp-content\/uploads\/2020\/02\/IES-Sant-Feliu.jpg 600w, https:\/\/www.fpbaixemporda.com\/wp-content\/uploads\/2020\/02\/IES-Sant-Feliu-300x185.jpg 300w\" sizes=\"(max-width: 600px) 100vw, 600px\" \/>\t\t\t\t\t\t\t\t<\/a>\n\t\t\t\t\t\t\t\t\t\t\t\t\t\t\t<\/div>\n\t\t\t\t\t<\/div>\n\t\t<\/div>\n\t\t\t\t<div class=\"elementor-column elementor-col-16 elementor-inner-column elementor-element elementor-element-df45f66\" data-id=\"df45f66\" data-element_type=\"column\" data-e-type=\"column\">\n\t\t\t<div class=\"elementor-widget-wrap elementor-element-populated\">\n\t\t\t\t\t\t<div class=\"elementor-element elementor-element-2fd7730 elementor-widget elementor-widget-image\" data-id=\"2fd7730\" data-element_type=\"widget\" data-e-type=\"widget\" data-widget_type=\"image.default\">\n\t\t\t\t\t\t\t\t\t\t\t\t\t\t\t<img loading=\"lazy\" decoding=\"async\" width=\"600\" height=\"370\" src=\"https:\/\/www.fpbaixemporda.com\/wp-content\/uploads\/2023\/01\/Escola-Agraria-Monells.jpg\" class=\"attachment-full size-full wp-image-3962\" alt=\"Escuela Agraria Empord\u00e0 | FP Baix Empord\u00e0\" srcset=\"https:\/\/www.fpbaixemporda.com\/wp-content\/uploads\/2023\/01\/Escola-Agraria-Monells.jpg 600w, https:\/\/www.fpbaixemporda.com\/wp-content\/uploads\/2023\/01\/Escola-Agraria-Monells-300x185.jpg 300w\" sizes=\"(max-width: 600px) 100vw, 600px\" \/>\t\t\t\t\t\t\t\t\t\t\t\t\t\t\t<\/div>\n\t\t\t\t\t<\/div>\n\t\t<\/div>\n\t\t\t\t\t<\/div>\n\t\t<\/section>\n\t\t\t\t\t<\/div>\n\t\t<\/div>\n\t\t\t\t\t<\/div>\n\t\t<\/section>\n\t\t\t\t<\/div>","protected":false},"excerpt":{"rendered":"<p>Cicle dual Descripci\u00f3 Aquests estudis postobligatoris capaciten per muntar i mantenir infraestructures de telecomunicaci\u00f3 en edificis, instal\u00b7lacions el\u00e8ctriques de baixa tensi\u00f3, m\u00e0quines el\u00e8ctriques i sistemes automatitzats. Tenen una durada de 2.000 hores (1.617 lectives en un centre educatiu i 383 pr\u00e0ctiques en un centre de treball) distribu\u00efdes en\u00a0dos cursos\u00a0acad\u00e8mics. Continguts Automatismes Industrials. Instal\u00b7lacions El\u00e8ctriques Interiors.<br \/><a class=\"moretag\" href=\"https:\/\/www.fpbaixemporda.com\/es\/cf-grau-mitja\/instal%c2%b7lacions-electriques\/\">+ Read More<\/a><\/p>","protected":false},"author":1,"featured_media":542,"parent":187,"menu_order":0,"comment_status":"closed","ping_status":"closed","template":"templates\/page-fullwidth_template.php","meta":{"footnotes":""},"class_list":["post-215","page","type-page","status-publish","has-post-thumbnail","hentry"],"yoast_head":"<!-- This site is optimized with the Yoast SEO plugin v27.4 - https:\/\/yoast.com\/product\/yoast-seo-wordpress\/ -->\n<title>Instal\u00b7lacions el\u00e8ctriques i autom\u00e0tiques - FP Baix Empord\u00e0<\/title>\n<meta name=\"robots\" content=\"index, follow, max-snippet:-1, max-image-preview:large, max-video-preview:-1\" \/>\n<link rel=\"canonical\" href=\"https:\/\/www.fpbaixemporda.com\/es\/cf-grau-mitja\/instal\u00b7lacions-electriques\/\" \/>\n<meta property=\"og:locale\" content=\"es_ES\" \/>\n<meta property=\"og:type\" content=\"article\" \/>\n<meta property=\"og:title\" content=\"Instal\u00b7lacions el\u00e8ctriques i autom\u00e0tiques - FP Baix Empord\u00e0\" \/>\n<meta property=\"og:description\" content=\"Cicle dual Descripci\u00f3 Aquests estudis postobligatoris capaciten per muntar i mantenir infraestructures de telecomunicaci\u00f3 en edificis, instal\u00b7lacions el\u00e8ctriques de baixa tensi\u00f3, m\u00e0quines el\u00e8ctriques i sistemes automatitzats. Tenen una durada de 2.000 hores (1.617 lectives en un centre educatiu i 383 pr\u00e0ctiques en un centre de treball) distribu\u00efdes en\u00a0dos cursos\u00a0acad\u00e8mics. Continguts Automatismes Industrials. Instal\u00b7lacions El\u00e8ctriques Interiors.+ Read More\" \/>\n<meta property=\"og:url\" content=\"https:\/\/www.fpbaixemporda.com\/es\/cf-grau-mitja\/instal\u00b7lacions-electriques\/\" \/>\n<meta property=\"og:site_name\" content=\"FP Baix Empord\u00e0\" \/>\n<meta property=\"article:publisher\" content=\"https:\/\/www.facebook.com\/fpbaixemporda\" \/>\n<meta property=\"article:modified_time\" content=\"2025-10-21T16:01:39+00:00\" \/>\n<meta property=\"og:image\" content=\"https:\/\/www.fpbaixemporda.com\/wp-content\/uploads\/2020\/02\/Instal\u00b7lacions-el\u00e8ctriques-FP-Baix-Empord\u00e0.jpg\" \/>\n\t<meta property=\"og:image:width\" content=\"1400\" \/>\n\t<meta property=\"og:image:height\" content=\"320\" \/>\n\t<meta property=\"og:image:type\" content=\"image\/jpeg\" \/>\n<meta name=\"twitter:card\" content=\"summary_large_image\" \/>\n<meta name=\"twitter:label1\" content=\"Tiempo de lectura\" \/>\n\t<meta name=\"twitter:data1\" content=\"4 minutos\" \/>\n<script type=\"application\/ld+json\" class=\"yoast-schema-graph\">{\"@context\":\"https:\\\/\\\/schema.org\",\"@graph\":[{\"@type\":\"WebPage\",\"@id\":\"https:\\\/\\\/www.fpbaixemporda.com\\\/cf-grau-mitja\\\/instal%c2%b7lacions-electriques\\\/\",\"url\":\"https:\\\/\\\/www.fpbaixemporda.com\\\/cf-grau-mitja\\\/instal%c2%b7lacions-electriques\\\/\",\"name\":\"Instal\u00b7lacions el\u00e8ctriques i autom\u00e0tiques - FP Baix Empord\u00e0\",\"isPartOf\":{\"@id\":\"https:\\\/\\\/www.fpbaixemporda.com\\\/#website\"},\"primaryImageOfPage\":{\"@id\":\"https:\\\/\\\/www.fpbaixemporda.com\\\/cf-grau-mitja\\\/instal%c2%b7lacions-electriques\\\/#primaryimage\"},\"image\":{\"@id\":\"https:\\\/\\\/www.fpbaixemporda.com\\\/cf-grau-mitja\\\/instal%c2%b7lacions-electriques\\\/#primaryimage\"},\"thumbnailUrl\":\"https:\\\/\\\/www.fpbaixemporda.com\\\/wp-content\\\/uploads\\\/2020\\\/02\\\/Instal\u00b7lacions-el\u00e8ctriques-FP-Baix-Empord\u00e0.jpg\",\"datePublished\":\"2020-02-13T15:47:29+00:00\",\"dateModified\":\"2025-10-21T16:01:39+00:00\",\"breadcrumb\":{\"@id\":\"https:\\\/\\\/www.fpbaixemporda.com\\\/cf-grau-mitja\\\/instal%c2%b7lacions-electriques\\\/#breadcrumb\"},\"inLanguage\":\"es\",\"potentialAction\":[{\"@type\":\"ReadAction\",\"target\":[\"https:\\\/\\\/www.fpbaixemporda.com\\\/cf-grau-mitja\\\/instal%c2%b7lacions-electriques\\\/\"]}]},{\"@type\":\"ImageObject\",\"inLanguage\":\"es\",\"@id\":\"https:\\\/\\\/www.fpbaixemporda.com\\\/cf-grau-mitja\\\/instal%c2%b7lacions-electriques\\\/#primaryimage\",\"url\":\"https:\\\/\\\/www.fpbaixemporda.com\\\/wp-content\\\/uploads\\\/2020\\\/02\\\/Instal\u00b7lacions-el\u00e8ctriques-FP-Baix-Empord\u00e0.jpg\",\"contentUrl\":\"https:\\\/\\\/www.fpbaixemporda.com\\\/wp-content\\\/uploads\\\/2020\\\/02\\\/Instal\u00b7lacions-el\u00e8ctriques-FP-Baix-Empord\u00e0.jpg\",\"width\":1400,\"height\":320,\"caption\":\"Instal\u00b7lacions el\u00e8ctriques - FP Baix Empord\u00e0\"},{\"@type\":\"BreadcrumbList\",\"@id\":\"https:\\\/\\\/www.fpbaixemporda.com\\\/cf-grau-mitja\\\/instal%c2%b7lacions-electriques\\\/#breadcrumb\",\"itemListElement\":[{\"@type\":\"ListItem\",\"position\":1,\"name\":\"Home\",\"item\":\"https:\\\/\\\/www.fpbaixemporda.com\\\/\"},{\"@type\":\"ListItem\",\"position\":2,\"name\":\"CF Grau Mitj\u00e0\",\"item\":\"https:\\\/\\\/www.fpbaixemporda.com\\\/cf-grau-mitja\\\/\"},{\"@type\":\"ListItem\",\"position\":3,\"name\":\"Instal\u00b7lacions el\u00e8ctriques i autom\u00e0tiques\"}]},{\"@type\":\"WebSite\",\"@id\":\"https:\\\/\\\/www.fpbaixemporda.com\\\/#website\",\"url\":\"https:\\\/\\\/www.fpbaixemporda.com\\\/\",\"name\":\"FP Baix Empord\u00e0\",\"description\":\"El teu futur en bones mans\",\"publisher\":{\"@id\":\"https:\\\/\\\/www.fpbaixemporda.com\\\/#organization\"},\"potentialAction\":[{\"@type\":\"SearchAction\",\"target\":{\"@type\":\"EntryPoint\",\"urlTemplate\":\"https:\\\/\\\/www.fpbaixemporda.com\\\/?s={search_term_string}\"},\"query-input\":{\"@type\":\"PropertyValueSpecification\",\"valueRequired\":true,\"valueName\":\"search_term_string\"}}],\"inLanguage\":\"es\"},{\"@type\":\"Organization\",\"@id\":\"https:\\\/\\\/www.fpbaixemporda.com\\\/#organization\",\"name\":\"FP Baix Empord\u00e0\",\"url\":\"https:\\\/\\\/www.fpbaixemporda.com\\\/\",\"logo\":{\"@type\":\"ImageObject\",\"inLanguage\":\"es\",\"@id\":\"https:\\\/\\\/www.fpbaixemporda.com\\\/#\\\/schema\\\/logo\\\/image\\\/\",\"url\":\"https:\\\/\\\/www.fpbaixemporda.com\\\/wp-content\\\/uploads\\\/2020\\\/02\\\/FP-Baix-Empord\u00e0-Logo.png\",\"contentUrl\":\"https:\\\/\\\/www.fpbaixemporda.com\\\/wp-content\\\/uploads\\\/2020\\\/02\\\/FP-Baix-Empord\u00e0-Logo.png\",\"width\":180,\"height\":117,\"caption\":\"FP Baix Empord\u00e0\"},\"image\":{\"@id\":\"https:\\\/\\\/www.fpbaixemporda.com\\\/#\\\/schema\\\/logo\\\/image\\\/\"},\"sameAs\":[\"https:\\\/\\\/www.facebook.com\\\/fpbaixemporda\",\"https:\\\/\\\/www.instagram.com\\\/fp_baixemporda\\\/\"]}]}<\/script>\n<!-- \/ Yoast SEO plugin. -->","yoast_head_json":{"title":"Instal\u00b7lacions el\u00e8ctriques i autom\u00e0tiques - FP Baix Empord\u00e0","robots":{"index":"index","follow":"follow","max-snippet":"max-snippet:-1","max-image-preview":"max-image-preview:large","max-video-preview":"max-video-preview:-1"},"canonical":"https:\/\/www.fpbaixemporda.com\/es\/cf-grau-mitja\/instal\u00b7lacions-electriques\/","og_locale":"es_ES","og_type":"article","og_title":"Instal\u00b7lacions el\u00e8ctriques i autom\u00e0tiques - FP Baix Empord\u00e0","og_description":"Cicle dual Descripci\u00f3 Aquests estudis postobligatoris capaciten per muntar i mantenir infraestructures de telecomunicaci\u00f3 en edificis, instal\u00b7lacions el\u00e8ctriques de baixa tensi\u00f3, m\u00e0quines el\u00e8ctriques i sistemes automatitzats. Tenen una durada de 2.000 hores (1.617 lectives en un centre educatiu i 383 pr\u00e0ctiques en un centre de treball) distribu\u00efdes en\u00a0dos cursos\u00a0acad\u00e8mics. Continguts Automatismes Industrials. Instal\u00b7lacions El\u00e8ctriques Interiors.+ Read More","og_url":"https:\/\/www.fpbaixemporda.com\/es\/cf-grau-mitja\/instal\u00b7lacions-electriques\/","og_site_name":"FP Baix Empord\u00e0","article_publisher":"https:\/\/www.facebook.com\/fpbaixemporda","article_modified_time":"2025-10-21T16:01:39+00:00","og_image":[{"width":1400,"height":320,"url":"https:\/\/www.fpbaixemporda.com\/wp-content\/uploads\/2020\/02\/Instal\u00b7lacions-el\u00e8ctriques-FP-Baix-Empord\u00e0.jpg","type":"image\/jpeg"}],"twitter_card":"summary_large_image","twitter_misc":{"Tiempo de lectura":"4 minutos"},"schema":{"@context":"https:\/\/schema.org","@graph":[{"@type":"WebPage","@id":"https:\/\/www.fpbaixemporda.com\/cf-grau-mitja\/instal%c2%b7lacions-electriques\/","url":"https:\/\/www.fpbaixemporda.com\/cf-grau-mitja\/instal%c2%b7lacions-electriques\/","name":"Instal\u00b7lacions el\u00e8ctriques i autom\u00e0tiques - FP Baix Empord\u00e0","isPartOf":{"@id":"https:\/\/www.fpbaixemporda.com\/#website"},"primaryImageOfPage":{"@id":"https:\/\/www.fpbaixemporda.com\/cf-grau-mitja\/instal%c2%b7lacions-electriques\/#primaryimage"},"image":{"@id":"https:\/\/www.fpbaixemporda.com\/cf-grau-mitja\/instal%c2%b7lacions-electriques\/#primaryimage"},"thumbnailUrl":"https:\/\/www.fpbaixemporda.com\/wp-content\/uploads\/2020\/02\/Instal\u00b7lacions-el\u00e8ctriques-FP-Baix-Empord\u00e0.jpg","datePublished":"2020-02-13T15:47:29+00:00","dateModified":"2025-10-21T16:01:39+00:00","breadcrumb":{"@id":"https:\/\/www.fpbaixemporda.com\/cf-grau-mitja\/instal%c2%b7lacions-electriques\/#breadcrumb"},"inLanguage":"es","potentialAction":[{"@type":"ReadAction","target":["https:\/\/www.fpbaixemporda.com\/cf-grau-mitja\/instal%c2%b7lacions-electriques\/"]}]},{"@type":"ImageObject","inLanguage":"es","@id":"https:\/\/www.fpbaixemporda.com\/cf-grau-mitja\/instal%c2%b7lacions-electriques\/#primaryimage","url":"https:\/\/www.fpbaixemporda.com\/wp-content\/uploads\/2020\/02\/Instal\u00b7lacions-el\u00e8ctriques-FP-Baix-Empord\u00e0.jpg","contentUrl":"https:\/\/www.fpbaixemporda.com\/wp-content\/uploads\/2020\/02\/Instal\u00b7lacions-el\u00e8ctriques-FP-Baix-Empord\u00e0.jpg","width":1400,"height":320,"caption":"Instal\u00b7lacions el\u00e8ctriques - FP Baix Empord\u00e0"},{"@type":"BreadcrumbList","@id":"https:\/\/www.fpbaixemporda.com\/cf-grau-mitja\/instal%c2%b7lacions-electriques\/#breadcrumb","itemListElement":[{"@type":"ListItem","position":1,"name":"Home","item":"https:\/\/www.fpbaixemporda.com\/"},{"@type":"ListItem","position":2,"name":"CF Grau Mitj\u00e0","item":"https:\/\/www.fpbaixemporda.com\/cf-grau-mitja\/"},{"@type":"ListItem","position":3,"name":"Instal\u00b7lacions el\u00e8ctriques i autom\u00e0tiques"}]},{"@type":"WebSite","@id":"https:\/\/www.fpbaixemporda.com\/#website","url":"https:\/\/www.fpbaixemporda.com\/","name":"FP Baix Empord\u00e0","description":"El teu futur en bones mans","publisher":{"@id":"https:\/\/www.fpbaixemporda.com\/#organization"},"potentialAction":[{"@type":"SearchAction","target":{"@type":"EntryPoint","urlTemplate":"https:\/\/www.fpbaixemporda.com\/?s={search_term_string}"},"query-input":{"@type":"PropertyValueSpecification","valueRequired":true,"valueName":"search_term_string"}}],"inLanguage":"es"},{"@type":"Organization","@id":"https:\/\/www.fpbaixemporda.com\/#organization","name":"FP Baix Empord\u00e0","url":"https:\/\/www.fpbaixemporda.com\/","logo":{"@type":"ImageObject","inLanguage":"es","@id":"https:\/\/www.fpbaixemporda.com\/#\/schema\/logo\/image\/","url":"https:\/\/www.fpbaixemporda.com\/wp-content\/uploads\/2020\/02\/FP-Baix-Empord\u00e0-Logo.png","contentUrl":"https:\/\/www.fpbaixemporda.com\/wp-content\/uploads\/2020\/02\/FP-Baix-Empord\u00e0-Logo.png","width":180,"height":117,"caption":"FP Baix Empord\u00e0"},"image":{"@id":"https:\/\/www.fpbaixemporda.com\/#\/schema\/logo\/image\/"},"sameAs":["https:\/\/www.facebook.com\/fpbaixemporda","https:\/\/www.instagram.com\/fp_baixemporda\/"]}]}},"_links":{"self":[{"href":"https:\/\/www.fpbaixemporda.com\/es\/wp-json\/wp\/v2\/pages\/215","targetHints":{"allow":["GET"]}}],"collection":[{"href":"https:\/\/www.fpbaixemporda.com\/es\/wp-json\/wp\/v2\/pages"}],"about":[{"href":"https:\/\/www.fpbaixemporda.com\/es\/wp-json\/wp\/v2\/types\/page"}],"author":[{"embeddable":true,"href":"https:\/\/www.fpbaixemporda.com\/es\/wp-json\/wp\/v2\/users\/1"}],"replies":[{"embeddable":true,"href":"https:\/\/www.fpbaixemporda.com\/es\/wp-json\/wp\/v2\/comments?post=215"}],"version-history":[{"count":2,"href":"https:\/\/www.fpbaixemporda.com\/es\/wp-json\/wp\/v2\/pages\/215\/revisions"}],"predecessor-version":[{"id":5316,"href":"https:\/\/www.fpbaixemporda.com\/es\/wp-json\/wp\/v2\/pages\/215\/revisions\/5316"}],"up":[{"embeddable":true,"href":"https:\/\/www.fpbaixemporda.com\/es\/wp-json\/wp\/v2\/pages\/187"}],"wp:featuredmedia":[{"embeddable":true,"href":"https:\/\/www.fpbaixemporda.com\/es\/wp-json\/wp\/v2\/media\/542"}],"wp:attachment":[{"href":"https:\/\/www.fpbaixemporda.com\/es\/wp-json\/wp\/v2\/media?parent=215"}],"curies":[{"name":"wp","href":"https:\/\/api.w.org\/{rel}","templated":true}]}}