{"id":226,"date":"2020-02-13T17:21:58","date_gmt":"2020-02-13T16:21:58","guid":{"rendered":"https:\/\/www.fpbaixemporda.com\/?page_id=226"},"modified":"2025-10-21T18:06:21","modified_gmt":"2025-10-21T16:06:21","slug":"perruqueria-i-cosmetica-capil%c2%b7lar","status":"publish","type":"page","link":"https:\/\/www.fpbaixemporda.com\/es\/cf-grau-mitja\/perruqueria-i-cosmetica-capil%c2%b7lar\/","title":{"rendered":"Peluquer\u00eda y cosm\u00e9tica capilar"},"content":{"rendered":"<h2 style=\"text-align: center;\"><a href=\"https:\/\/www.fpbaixemporda.com\/es\/fp-dual\/\">Ciclo dual<\/a><\/h2>\n<h3>Descripci\u00f3n<\/h3>\n<p style=\"text-align: justify;\">Aquests estudis capaciten per fer la cura i l&#8217;embelliment del cabell, l&#8217;est\u00e8tica de mans i peus i l&#8217;estilisme mascul\u00ed, aix\u00ed com comercialitzar serveis i venda de cosm\u00e8tics, complint els protocols de qualitat, prevenci\u00f3 de riscos laborals i protecci\u00f3 ambiental.<\/p>\n<p style=\"text-align: justify;\" class=\"translation-block\">Tienen una duraci\u00f3n de <strong>2.000 horas<\/strong> (1.650 lectivas en un centro educativo y 350 en un centro de trabajo) distribuidas en <strong>dos cursos<\/strong> acad\u00e9micos.<\/p>\n<h3>Contiguts<\/h3>\n<ul>\n<li>Pentinats i Recollits.<\/li>\n<li>Coloraci\u00f3 Capil\u00b7lar.<\/li>\n<li>Cosm\u00e8tica per a Perruqueria.<\/li>\n<li>T\u00e8cniques de Tallada del Cabell.<\/li>\n<li>Canvis de Forma Permanent del Cabell.<\/li>\n<li>Perruqueria i Estilisme Mascul\u00ed.<\/li>\n<li>An\u00e0lisi Capil\u00b7lar.<\/li>\n<li>Est\u00e9tica de Manos y Pies.<\/li>\n<li>Imagen Corporal y H\u00e1bitos Saludables.<\/li>\n<li>Marketing y Venta en Imagen Personal.<\/li>\n<li>Formaci\u00f3n y orientaci\u00f3n laboral.<\/li>\n<li>Empresa e Iniciativa Emprendedora.<\/li>\n<li>Ingl\u00e9s T\u00e9cnico.<\/li>\n<li>S\u00edntesis.<\/li>\n<li>Formaci\u00f3n en Centros de Trabajo.<\/li>\n<\/ul>\n<h3>C\u00f3mo acceder<\/h3>\n<p style=\"text-align: justify;\">Tienen\u00a0<strong>acceso directo<\/strong>\u00a0al ciclo las personas que cumplen alguno de los siguientes requisitos:<\/p>\n<ul>\n<li style=\"text-align: justify;\">Tener el t\u00edtulo de graduado en educaci\u00f3n secundaria obligatoria.<\/li>\n<li style=\"text-align: justify;\">Haver superat el curs espec\u00edfic per a l&#8217;acc\u00e9s als cicles de grau mitj\u00e0,<\/li>\n<li style=\"text-align: justify;\">Tener el t\u00edtulo de t\u00e9cnico o t\u00e9cnico auxiliar,<\/li>\n<li style=\"text-align: justify;\">Haber superado el segundo curso del bachillerato unificado y polivalente (BUP),<\/li>\n<li style=\"text-align: justify;\">Tener otros estudios equivalentes a efectos acad\u00e9micos,<\/li>\n<li style=\"text-align: justify;\">Haber superado la prueba de acceso a la universidad para mayores de 25 a\u00f1os,<\/li>\n<li style=\"text-align: justify;\">Haber superado los m\u00f3dulos obligatorios de un programa de calificaci\u00f3n profesional inicial (PCPI),<\/li>\n<li style=\"text-align: justify;\">Tener un t\u00edtulo para acceder a un ciclo formativo de grado superior.<\/li>\n<\/ul>\n<p style=\"text-align: justify;\">Las personas que no cumplen ninguno de los requisitos mencionados deben superar una prueba de acceso. Para presentarse es necesario tener como m\u00ednimo 17 a\u00f1os en el a\u00f1o en que se hace la prueba.<\/p>\n<h3>Salidas profesionales<\/h3>\n<h4>Salidas acad\u00e9micas<\/h4>\n<p style=\"text-align: justify;\">Con estos estudios se obtiene el t\u00edtulo de\u00a0<strong>t\u00e9cnico o t\u00e9cnica<\/strong>, que permite acceder:<\/p>\n<ul>\n<li>Al bachillerato.<\/li>\n<li>A un ciclo de grado superior de formaci\u00f3n profesional.<\/li>\n<\/ul>\n<h4>Salidas laborales<\/h4>\n<p style=\"text-align: justify;\">La superaci\u00f3n de este ciclo formativo permite acceder al\u00a0<strong>mundo laboral<\/strong>\u00a0como:<\/p>\n<ul>\n<li>Perruquer o perruquera.<\/li>\n<li>Barber o barbera.<\/li>\n<li>T\u00e8cnic o t\u00e8cnica en coloracions capil\u2022lars.<\/li>\n<li>T\u00e8cnic o t\u00e8cnica en canvis de forma del cabell.<\/li>\n<li>T\u00e8cnic o t\u00e8cnica en tall de cabell.<\/li>\n<li>T\u00e8cnic o t\u00e8cnica en postisseria.<\/li>\n<li>T\u00e8cnic o t\u00e8cnica en manicura.<\/li>\n<li>T\u00e8cnic o t\u00e8cnica en pedicura.<\/li>\n<li>T\u00e8cnic o t\u00e8cnica o agent comercial d\u2019empreses del sector.<\/li>\n<li>Recepcionista en empreses perruqueria.<\/li>\n<li>Demostrador o demostradora d\u2019equips, cosm\u00e8tics i t\u00e8cniques de perruqueria.<\/li>\n<\/ul>\n<h3>Puedes estudiar este ciclo en\u2026<\/h3>\n\t\t<div data-elementor-type=\"page\" data-elementor-id=\"2827\" class=\"elementor elementor-2827\" data-elementor-post-type=\"elementor_library\">\n\t\t\t\t\t\t<section class=\"elementor-section elementor-top-section elementor-element elementor-element-716150c elementor-section-full_width elementor-section-height-default elementor-section-height-default\" data-id=\"716150c\" data-element_type=\"section\" data-e-type=\"section\">\n\t\t\t\t\t\t<div class=\"elementor-container elementor-column-gap-no\">\n\t\t\t\t\t<div class=\"elementor-column elementor-col-100 elementor-top-column elementor-element elementor-element-8f05eef\" data-id=\"8f05eef\" data-element_type=\"column\" data-e-type=\"column\">\n\t\t\t<div class=\"elementor-widget-wrap elementor-element-populated\">\n\t\t\t\t\t\t<section class=\"elementor-section elementor-inner-section elementor-element elementor-element-d688b89 elementor-section-full_width elementor-section-height-default elementor-section-height-default\" data-id=\"d688b89\" data-element_type=\"section\" data-e-type=\"section\">\n\t\t\t\t\t\t<div class=\"elementor-container elementor-column-gap-narrow\">\n\t\t\t\t\t<div class=\"elementor-column elementor-col-16 elementor-inner-column elementor-element elementor-element-c96b13e\" data-id=\"c96b13e\" data-element_type=\"column\" data-e-type=\"column\">\n\t\t\t<div class=\"elementor-widget-wrap elementor-element-populated\">\n\t\t\t\t\t\t<div class=\"elementor-element elementor-element-9f5039e elementor-widget elementor-widget-image\" data-id=\"9f5039e\" data-element_type=\"widget\" data-e-type=\"widget\" data-widget_type=\"image.default\">\n\t\t\t\t\t\t\t\t\t\t\t\t\t\t\t<img fetchpriority=\"high\" decoding=\"async\" width=\"600\" height=\"370\" src=\"https:\/\/www.fpbaixemporda.com\/wp-content\/uploads\/2026\/04\/IES-Baix-Emporda.jpg\" class=\"attachment-full size-full wp-image-5756\" alt=\"INS Baix Empord\u00e0 | FP Baix Empord\u00e0\" srcset=\"https:\/\/www.fpbaixemporda.com\/wp-content\/uploads\/2026\/04\/IES-Baix-Emporda.jpg 600w, https:\/\/www.fpbaixemporda.com\/wp-content\/uploads\/2026\/04\/IES-Baix-Emporda-300x185.jpg 300w, https:\/\/www.fpbaixemporda.com\/wp-content\/uploads\/2026\/04\/IES-Baix-Emporda-18x12.jpg 18w\" sizes=\"(max-width: 600px) 100vw, 600px\" \/>\t\t\t\t\t\t\t\t\t\t\t\t\t\t\t<\/div>\n\t\t\t\t\t<\/div>\n\t\t<\/div>\n\t\t\t\t<div class=\"elementor-column elementor-col-16 elementor-inner-column elementor-element elementor-element-e29a682\" data-id=\"e29a682\" data-element_type=\"column\" data-e-type=\"column\">\n\t\t\t<div class=\"elementor-widget-wrap elementor-element-populated\">\n\t\t\t\t\t\t<div class=\"elementor-element elementor-element-378a760 elementor-widget elementor-widget-image\" data-id=\"378a760\" data-element_type=\"widget\" data-e-type=\"widget\" data-widget_type=\"image.default\">\n\t\t\t\t\t\t\t\t\t\t\t\t\t\t\t<img decoding=\"async\" width=\"600\" height=\"370\" src=\"https:\/\/www.fpbaixemporda.com\/wp-content\/uploads\/2020\/02\/IES-La-Bisbal.jpg\" class=\"attachment-full size-full wp-image-615\" alt=\"INS La Bisbal | FP Baix Empord\u00e0\" srcset=\"https:\/\/www.fpbaixemporda.com\/wp-content\/uploads\/2020\/02\/IES-La-Bisbal.jpg 600w, https:\/\/www.fpbaixemporda.com\/wp-content\/uploads\/2020\/02\/IES-La-Bisbal-300x185.jpg 300w\" sizes=\"(max-width: 600px) 100vw, 600px\" \/>\t\t\t\t\t\t\t\t\t\t\t\t\t\t\t<\/div>\n\t\t\t\t\t<\/div>\n\t\t<\/div>\n\t\t\t\t<div class=\"elementor-column elementor-col-16 elementor-inner-column elementor-element elementor-element-af3044d\" data-id=\"af3044d\" data-element_type=\"column\" data-e-type=\"column\">\n\t\t\t<div class=\"elementor-widget-wrap elementor-element-populated\">\n\t\t\t\t\t\t<div class=\"elementor-element elementor-element-7f84205 elementor-widget elementor-widget-image\" data-id=\"7f84205\" data-element_type=\"widget\" data-e-type=\"widget\" data-widget_type=\"image.default\">\n\t\t\t\t\t\t\t\t\t\t\t\t\t\t\t<img decoding=\"async\" width=\"600\" height=\"370\" src=\"https:\/\/www.fpbaixemporda.com\/wp-content\/uploads\/2020\/02\/IES-Montgr\u00ed.jpg\" class=\"attachment-full size-full wp-image-623\" alt=\"INS Montgr\u00ed | FP Baix Empord\u00e0\" srcset=\"https:\/\/www.fpbaixemporda.com\/wp-content\/uploads\/2020\/02\/IES-Montgr\u00ed.jpg 600w, https:\/\/www.fpbaixemporda.com\/wp-content\/uploads\/2020\/02\/IES-Montgr\u00ed-300x185.jpg 300w\" sizes=\"(max-width: 600px) 100vw, 600px\" \/>\t\t\t\t\t\t\t\t\t\t\t\t\t\t\t<\/div>\n\t\t\t\t\t<\/div>\n\t\t<\/div>\n\t\t\t\t<div class=\"elementor-column elementor-col-16 elementor-inner-column elementor-element elementor-element-6242b24\" data-id=\"6242b24\" data-element_type=\"column\" data-e-type=\"column\">\n\t\t\t<div class=\"elementor-widget-wrap elementor-element-populated\">\n\t\t\t\t\t\t<div class=\"elementor-element elementor-element-f70baef elementor-widget elementor-widget-image\" data-id=\"f70baef\" data-element_type=\"widget\" data-e-type=\"widget\" data-widget_type=\"image.default\">\n\t\t\t\t\t\t\t\t\t\t\t\t\t\t\t<img loading=\"lazy\" decoding=\"async\" width=\"600\" height=\"370\" src=\"https:\/\/www.fpbaixemporda.com\/wp-content\/uploads\/2020\/02\/IES-Palam\u00f3s.jpg\" class=\"attachment-full size-full wp-image-626\" alt=\"INS Palam\u00f3s | FP Baix Empord\u00e0\" srcset=\"https:\/\/www.fpbaixemporda.com\/wp-content\/uploads\/2020\/02\/IES-Palam\u00f3s.jpg 600w, https:\/\/www.fpbaixemporda.com\/wp-content\/uploads\/2020\/02\/IES-Palam\u00f3s-300x185.jpg 300w\" sizes=\"(max-width: 600px) 100vw, 600px\" \/>\t\t\t\t\t\t\t\t\t\t\t\t\t\t\t<\/div>\n\t\t\t\t\t<\/div>\n\t\t<\/div>\n\t\t\t\t<div class=\"elementor-column elementor-col-16 elementor-inner-column elementor-element elementor-element-82b9479\" data-id=\"82b9479\" data-element_type=\"column\" data-e-type=\"column\">\n\t\t\t<div class=\"elementor-widget-wrap elementor-element-populated\">\n\t\t\t\t\t\t<div class=\"elementor-element elementor-element-12f480f elementor-widget elementor-widget-image\" data-id=\"12f480f\" data-element_type=\"widget\" data-e-type=\"widget\" data-widget_type=\"image.default\">\n\t\t\t\t\t\t\t\t\t\t\t\t\t\t\t\t<a href=\"https:\/\/www.fpbaixemporda.com\/es\/ins-sant-feliu\/\">\n\t\t\t\t\t\t\t<img loading=\"lazy\" decoding=\"async\" width=\"600\" height=\"370\" src=\"https:\/\/www.fpbaixemporda.com\/wp-content\/uploads\/2020\/02\/IES-Sant-Feliu.jpg\" class=\"attachment-full size-full wp-image-629\" alt=\"IES Sant Feliu | FP Baix Empord\u00e0\" srcset=\"https:\/\/www.fpbaixemporda.com\/wp-content\/uploads\/2020\/02\/IES-Sant-Feliu.jpg 600w, https:\/\/www.fpbaixemporda.com\/wp-content\/uploads\/2020\/02\/IES-Sant-Feliu-300x185.jpg 300w\" sizes=\"(max-width: 600px) 100vw, 600px\" \/>\t\t\t\t\t\t\t\t<\/a>\n\t\t\t\t\t\t\t\t\t\t\t\t\t\t\t<\/div>\n\t\t\t\t\t<\/div>\n\t\t<\/div>\n\t\t\t\t<div class=\"elementor-column elementor-col-16 elementor-inner-column elementor-element elementor-element-bb020e0\" data-id=\"bb020e0\" data-element_type=\"column\" data-e-type=\"column\">\n\t\t\t<div class=\"elementor-widget-wrap elementor-element-populated\">\n\t\t\t\t\t\t<div class=\"elementor-element elementor-element-20961d0 elementor-widget elementor-widget-image\" data-id=\"20961d0\" data-element_type=\"widget\" data-e-type=\"widget\" data-widget_type=\"image.default\">\n\t\t\t\t\t\t\t\t\t\t\t\t\t\t\t<img loading=\"lazy\" decoding=\"async\" width=\"600\" height=\"370\" src=\"https:\/\/www.fpbaixemporda.com\/wp-content\/uploads\/2023\/01\/Escola-Agraria-Monells.jpg\" class=\"attachment-full size-full wp-image-3962\" alt=\"Escuela Agraria Empord\u00e0 | FP Baix Empord\u00e0\" srcset=\"https:\/\/www.fpbaixemporda.com\/wp-content\/uploads\/2023\/01\/Escola-Agraria-Monells.jpg 600w, https:\/\/www.fpbaixemporda.com\/wp-content\/uploads\/2023\/01\/Escola-Agraria-Monells-300x185.jpg 300w\" sizes=\"(max-width: 600px) 100vw, 600px\" \/>\t\t\t\t\t\t\t\t\t\t\t\t\t\t\t<\/div>\n\t\t\t\t\t<\/div>\n\t\t<\/div>\n\t\t\t\t\t<\/div>\n\t\t<\/section>\n\t\t\t\t\t<\/div>\n\t\t<\/div>\n\t\t\t\t\t<\/div>\n\t\t<\/section>\n\t\t\t\t<\/div>","protected":false},"excerpt":{"rendered":"<p>Ciclo dual Descripci\u00f3 Aquests estudis capaciten per fer la cura i l&#8217;embelliment del cabell, l&#8217;est\u00e8tica de mans i peus i l&#8217;estilisme mascul\u00ed, aix\u00ed com comercialitzar serveis i venda de cosm\u00e8tics, complint els protocols de qualitat, prevenci\u00f3 de riscos laborals i protecci\u00f3 ambiental. Tenen una durada de 2.000 hores (1.650 en un centre educatiu i 350<br \/><a class=\"moretag\" href=\"https:\/\/www.fpbaixemporda.com\/es\/cf-grau-mitja\/perruqueria-i-cosmetica-capil%c2%b7lar\/\">+ Read More<\/a><\/p>","protected":false},"author":1,"featured_media":548,"parent":187,"menu_order":0,"comment_status":"closed","ping_status":"closed","template":"templates\/page-fullwidth_template.php","meta":{"footnotes":""},"class_list":["post-226","page","type-page","status-publish","has-post-thumbnail","hentry"],"yoast_head":"<!-- This site is optimized with the Yoast SEO plugin v27.4 - https:\/\/yoast.com\/product\/yoast-seo-wordpress\/ -->\n<title>Perruqueria i cosm\u00e8tica capil\u00b7lar - FP Baix Empord\u00e0<\/title>\n<meta name=\"robots\" content=\"index, follow, max-snippet:-1, max-image-preview:large, max-video-preview:-1\" \/>\n<link rel=\"canonical\" href=\"https:\/\/www.fpbaixemporda.com\/es\/cf-grau-mitja\/perruqueria-i-cosmetica-capil\u00b7lar\/\" \/>\n<meta property=\"og:locale\" content=\"es_ES\" \/>\n<meta property=\"og:type\" content=\"article\" \/>\n<meta property=\"og:title\" content=\"Perruqueria i cosm\u00e8tica capil\u00b7lar - FP Baix Empord\u00e0\" \/>\n<meta property=\"og:description\" content=\"Ciclo dual Descripci\u00f3 Aquests estudis capaciten per fer la cura i l&#8217;embelliment del cabell, l&#8217;est\u00e8tica de mans i peus i l&#8217;estilisme mascul\u00ed, aix\u00ed com comercialitzar serveis i venda de cosm\u00e8tics, complint els protocols de qualitat, prevenci\u00f3 de riscos laborals i protecci\u00f3 ambiental. Tenen una durada de 2.000 hores (1.650 en un centre educatiu i 350+ Read More\" \/>\n<meta property=\"og:url\" content=\"https:\/\/www.fpbaixemporda.com\/es\/cf-grau-mitja\/perruqueria-i-cosmetica-capil\u00b7lar\/\" \/>\n<meta property=\"og:site_name\" content=\"FP Baix Empord\u00e0\" \/>\n<meta property=\"article:publisher\" content=\"https:\/\/www.facebook.com\/fpbaixemporda\" \/>\n<meta property=\"article:modified_time\" content=\"2025-10-21T16:06:21+00:00\" \/>\n<meta property=\"og:image\" content=\"https:\/\/www.fpbaixemporda.com\/wp-content\/uploads\/2020\/02\/Perruqueria-i-Cosm\u00e8tica-capilar-FP-Baix-Empord\u00e0.jpg\" \/>\n\t<meta property=\"og:image:width\" content=\"1400\" \/>\n\t<meta property=\"og:image:height\" content=\"320\" \/>\n\t<meta property=\"og:image:type\" content=\"image\/jpeg\" \/>\n<meta name=\"twitter:card\" content=\"summary_large_image\" \/>\n<meta name=\"twitter:label1\" content=\"Tiempo de lectura\" \/>\n\t<meta name=\"twitter:data1\" content=\"4 minutos\" \/>\n<script type=\"application\/ld+json\" class=\"yoast-schema-graph\">{\"@context\":\"https:\\\/\\\/schema.org\",\"@graph\":[{\"@type\":\"WebPage\",\"@id\":\"https:\\\/\\\/www.fpbaixemporda.com\\\/cf-grau-mitja\\\/perruqueria-i-cosmetica-capil%c2%b7lar\\\/\",\"url\":\"https:\\\/\\\/www.fpbaixemporda.com\\\/cf-grau-mitja\\\/perruqueria-i-cosmetica-capil%c2%b7lar\\\/\",\"name\":\"Perruqueria i cosm\u00e8tica capil\u00b7lar - FP Baix Empord\u00e0\",\"isPartOf\":{\"@id\":\"https:\\\/\\\/www.fpbaixemporda.com\\\/#website\"},\"primaryImageOfPage\":{\"@id\":\"https:\\\/\\\/www.fpbaixemporda.com\\\/cf-grau-mitja\\\/perruqueria-i-cosmetica-capil%c2%b7lar\\\/#primaryimage\"},\"image\":{\"@id\":\"https:\\\/\\\/www.fpbaixemporda.com\\\/cf-grau-mitja\\\/perruqueria-i-cosmetica-capil%c2%b7lar\\\/#primaryimage\"},\"thumbnailUrl\":\"https:\\\/\\\/www.fpbaixemporda.com\\\/wp-content\\\/uploads\\\/2020\\\/02\\\/Perruqueria-i-Cosm\u00e8tica-capilar-FP-Baix-Empord\u00e0.jpg\",\"datePublished\":\"2020-02-13T16:21:58+00:00\",\"dateModified\":\"2025-10-21T16:06:21+00:00\",\"breadcrumb\":{\"@id\":\"https:\\\/\\\/www.fpbaixemporda.com\\\/cf-grau-mitja\\\/perruqueria-i-cosmetica-capil%c2%b7lar\\\/#breadcrumb\"},\"inLanguage\":\"es\",\"potentialAction\":[{\"@type\":\"ReadAction\",\"target\":[\"https:\\\/\\\/www.fpbaixemporda.com\\\/cf-grau-mitja\\\/perruqueria-i-cosmetica-capil%c2%b7lar\\\/\"]}]},{\"@type\":\"ImageObject\",\"inLanguage\":\"es\",\"@id\":\"https:\\\/\\\/www.fpbaixemporda.com\\\/cf-grau-mitja\\\/perruqueria-i-cosmetica-capil%c2%b7lar\\\/#primaryimage\",\"url\":\"https:\\\/\\\/www.fpbaixemporda.com\\\/wp-content\\\/uploads\\\/2020\\\/02\\\/Perruqueria-i-Cosm\u00e8tica-capilar-FP-Baix-Empord\u00e0.jpg\",\"contentUrl\":\"https:\\\/\\\/www.fpbaixemporda.com\\\/wp-content\\\/uploads\\\/2020\\\/02\\\/Perruqueria-i-Cosm\u00e8tica-capilar-FP-Baix-Empord\u00e0.jpg\",\"width\":1400,\"height\":320,\"caption\":\"Perruqueria i Cosm\u00e8tica capilar - FP Baix Empord\u00e0\"},{\"@type\":\"BreadcrumbList\",\"@id\":\"https:\\\/\\\/www.fpbaixemporda.com\\\/cf-grau-mitja\\\/perruqueria-i-cosmetica-capil%c2%b7lar\\\/#breadcrumb\",\"itemListElement\":[{\"@type\":\"ListItem\",\"position\":1,\"name\":\"Home\",\"item\":\"https:\\\/\\\/www.fpbaixemporda.com\\\/\"},{\"@type\":\"ListItem\",\"position\":2,\"name\":\"CF Grau Mitj\u00e0\",\"item\":\"https:\\\/\\\/www.fpbaixemporda.com\\\/cf-grau-mitja\\\/\"},{\"@type\":\"ListItem\",\"position\":3,\"name\":\"Perruqueria i cosm\u00e8tica capil\u00b7lar\"}]},{\"@type\":\"WebSite\",\"@id\":\"https:\\\/\\\/www.fpbaixemporda.com\\\/#website\",\"url\":\"https:\\\/\\\/www.fpbaixemporda.com\\\/\",\"name\":\"FP Baix Empord\u00e0\",\"description\":\"El teu futur en bones mans\",\"publisher\":{\"@id\":\"https:\\\/\\\/www.fpbaixemporda.com\\\/#organization\"},\"potentialAction\":[{\"@type\":\"SearchAction\",\"target\":{\"@type\":\"EntryPoint\",\"urlTemplate\":\"https:\\\/\\\/www.fpbaixemporda.com\\\/?s={search_term_string}\"},\"query-input\":{\"@type\":\"PropertyValueSpecification\",\"valueRequired\":true,\"valueName\":\"search_term_string\"}}],\"inLanguage\":\"es\"},{\"@type\":\"Organization\",\"@id\":\"https:\\\/\\\/www.fpbaixemporda.com\\\/#organization\",\"name\":\"FP Baix Empord\u00e0\",\"url\":\"https:\\\/\\\/www.fpbaixemporda.com\\\/\",\"logo\":{\"@type\":\"ImageObject\",\"inLanguage\":\"es\",\"@id\":\"https:\\\/\\\/www.fpbaixemporda.com\\\/#\\\/schema\\\/logo\\\/image\\\/\",\"url\":\"https:\\\/\\\/www.fpbaixemporda.com\\\/wp-content\\\/uploads\\\/2020\\\/02\\\/FP-Baix-Empord\u00e0-Logo.png\",\"contentUrl\":\"https:\\\/\\\/www.fpbaixemporda.com\\\/wp-content\\\/uploads\\\/2020\\\/02\\\/FP-Baix-Empord\u00e0-Logo.png\",\"width\":180,\"height\":117,\"caption\":\"FP Baix Empord\u00e0\"},\"image\":{\"@id\":\"https:\\\/\\\/www.fpbaixemporda.com\\\/#\\\/schema\\\/logo\\\/image\\\/\"},\"sameAs\":[\"https:\\\/\\\/www.facebook.com\\\/fpbaixemporda\",\"https:\\\/\\\/www.instagram.com\\\/fp_baixemporda\\\/\"]}]}<\/script>\n<!-- \/ Yoast SEO plugin. -->","yoast_head_json":{"title":"Perruqueria i cosm\u00e8tica capil\u00b7lar - FP Baix Empord\u00e0","robots":{"index":"index","follow":"follow","max-snippet":"max-snippet:-1","max-image-preview":"max-image-preview:large","max-video-preview":"max-video-preview:-1"},"canonical":"https:\/\/www.fpbaixemporda.com\/es\/cf-grau-mitja\/perruqueria-i-cosmetica-capil\u00b7lar\/","og_locale":"es_ES","og_type":"article","og_title":"Perruqueria i cosm\u00e8tica capil\u00b7lar - FP Baix Empord\u00e0","og_description":"Ciclo dual Descripci\u00f3 Aquests estudis capaciten per fer la cura i l&#8217;embelliment del cabell, l&#8217;est\u00e8tica de mans i peus i l&#8217;estilisme mascul\u00ed, aix\u00ed com comercialitzar serveis i venda de cosm\u00e8tics, complint els protocols de qualitat, prevenci\u00f3 de riscos laborals i protecci\u00f3 ambiental. Tenen una durada de 2.000 hores (1.650 en un centre educatiu i 350+ Read More","og_url":"https:\/\/www.fpbaixemporda.com\/es\/cf-grau-mitja\/perruqueria-i-cosmetica-capil\u00b7lar\/","og_site_name":"FP Baix Empord\u00e0","article_publisher":"https:\/\/www.facebook.com\/fpbaixemporda","article_modified_time":"2025-10-21T16:06:21+00:00","og_image":[{"width":1400,"height":320,"url":"https:\/\/www.fpbaixemporda.com\/wp-content\/uploads\/2020\/02\/Perruqueria-i-Cosm\u00e8tica-capilar-FP-Baix-Empord\u00e0.jpg","type":"image\/jpeg"}],"twitter_card":"summary_large_image","twitter_misc":{"Tiempo de lectura":"4 minutos"},"schema":{"@context":"https:\/\/schema.org","@graph":[{"@type":"WebPage","@id":"https:\/\/www.fpbaixemporda.com\/cf-grau-mitja\/perruqueria-i-cosmetica-capil%c2%b7lar\/","url":"https:\/\/www.fpbaixemporda.com\/cf-grau-mitja\/perruqueria-i-cosmetica-capil%c2%b7lar\/","name":"Perruqueria i cosm\u00e8tica capil\u00b7lar - FP Baix Empord\u00e0","isPartOf":{"@id":"https:\/\/www.fpbaixemporda.com\/#website"},"primaryImageOfPage":{"@id":"https:\/\/www.fpbaixemporda.com\/cf-grau-mitja\/perruqueria-i-cosmetica-capil%c2%b7lar\/#primaryimage"},"image":{"@id":"https:\/\/www.fpbaixemporda.com\/cf-grau-mitja\/perruqueria-i-cosmetica-capil%c2%b7lar\/#primaryimage"},"thumbnailUrl":"https:\/\/www.fpbaixemporda.com\/wp-content\/uploads\/2020\/02\/Perruqueria-i-Cosm\u00e8tica-capilar-FP-Baix-Empord\u00e0.jpg","datePublished":"2020-02-13T16:21:58+00:00","dateModified":"2025-10-21T16:06:21+00:00","breadcrumb":{"@id":"https:\/\/www.fpbaixemporda.com\/cf-grau-mitja\/perruqueria-i-cosmetica-capil%c2%b7lar\/#breadcrumb"},"inLanguage":"es","potentialAction":[{"@type":"ReadAction","target":["https:\/\/www.fpbaixemporda.com\/cf-grau-mitja\/perruqueria-i-cosmetica-capil%c2%b7lar\/"]}]},{"@type":"ImageObject","inLanguage":"es","@id":"https:\/\/www.fpbaixemporda.com\/cf-grau-mitja\/perruqueria-i-cosmetica-capil%c2%b7lar\/#primaryimage","url":"https:\/\/www.fpbaixemporda.com\/wp-content\/uploads\/2020\/02\/Perruqueria-i-Cosm\u00e8tica-capilar-FP-Baix-Empord\u00e0.jpg","contentUrl":"https:\/\/www.fpbaixemporda.com\/wp-content\/uploads\/2020\/02\/Perruqueria-i-Cosm\u00e8tica-capilar-FP-Baix-Empord\u00e0.jpg","width":1400,"height":320,"caption":"Perruqueria i Cosm\u00e8tica capilar - FP Baix Empord\u00e0"},{"@type":"BreadcrumbList","@id":"https:\/\/www.fpbaixemporda.com\/cf-grau-mitja\/perruqueria-i-cosmetica-capil%c2%b7lar\/#breadcrumb","itemListElement":[{"@type":"ListItem","position":1,"name":"Home","item":"https:\/\/www.fpbaixemporda.com\/"},{"@type":"ListItem","position":2,"name":"CF Grau Mitj\u00e0","item":"https:\/\/www.fpbaixemporda.com\/cf-grau-mitja\/"},{"@type":"ListItem","position":3,"name":"Perruqueria i cosm\u00e8tica capil\u00b7lar"}]},{"@type":"WebSite","@id":"https:\/\/www.fpbaixemporda.com\/#website","url":"https:\/\/www.fpbaixemporda.com\/","name":"FP Baix Empord\u00e0","description":"El teu futur en bones mans","publisher":{"@id":"https:\/\/www.fpbaixemporda.com\/#organization"},"potentialAction":[{"@type":"SearchAction","target":{"@type":"EntryPoint","urlTemplate":"https:\/\/www.fpbaixemporda.com\/?s={search_term_string}"},"query-input":{"@type":"PropertyValueSpecification","valueRequired":true,"valueName":"search_term_string"}}],"inLanguage":"es"},{"@type":"Organization","@id":"https:\/\/www.fpbaixemporda.com\/#organization","name":"FP Baix Empord\u00e0","url":"https:\/\/www.fpbaixemporda.com\/","logo":{"@type":"ImageObject","inLanguage":"es","@id":"https:\/\/www.fpbaixemporda.com\/#\/schema\/logo\/image\/","url":"https:\/\/www.fpbaixemporda.com\/wp-content\/uploads\/2020\/02\/FP-Baix-Empord\u00e0-Logo.png","contentUrl":"https:\/\/www.fpbaixemporda.com\/wp-content\/uploads\/2020\/02\/FP-Baix-Empord\u00e0-Logo.png","width":180,"height":117,"caption":"FP Baix Empord\u00e0"},"image":{"@id":"https:\/\/www.fpbaixemporda.com\/#\/schema\/logo\/image\/"},"sameAs":["https:\/\/www.facebook.com\/fpbaixemporda","https:\/\/www.instagram.com\/fp_baixemporda\/"]}]}},"_links":{"self":[{"href":"https:\/\/www.fpbaixemporda.com\/es\/wp-json\/wp\/v2\/pages\/226","targetHints":{"allow":["GET"]}}],"collection":[{"href":"https:\/\/www.fpbaixemporda.com\/es\/wp-json\/wp\/v2\/pages"}],"about":[{"href":"https:\/\/www.fpbaixemporda.com\/es\/wp-json\/wp\/v2\/types\/page"}],"author":[{"embeddable":true,"href":"https:\/\/www.fpbaixemporda.com\/es\/wp-json\/wp\/v2\/users\/1"}],"replies":[{"embeddable":true,"href":"https:\/\/www.fpbaixemporda.com\/es\/wp-json\/wp\/v2\/comments?post=226"}],"version-history":[{"count":3,"href":"https:\/\/www.fpbaixemporda.com\/es\/wp-json\/wp\/v2\/pages\/226\/revisions"}],"predecessor-version":[{"id":5325,"href":"https:\/\/www.fpbaixemporda.com\/es\/wp-json\/wp\/v2\/pages\/226\/revisions\/5325"}],"up":[{"embeddable":true,"href":"https:\/\/www.fpbaixemporda.com\/es\/wp-json\/wp\/v2\/pages\/187"}],"wp:featuredmedia":[{"embeddable":true,"href":"https:\/\/www.fpbaixemporda.com\/es\/wp-json\/wp\/v2\/media\/548"}],"wp:attachment":[{"href":"https:\/\/www.fpbaixemporda.com\/es\/wp-json\/wp\/v2\/media?parent=226"}],"curies":[{"name":"wp","href":"https:\/\/api.w.org\/{rel}","templated":true}]}}