{"id":228,"date":"2020-02-13T17:22:40","date_gmt":"2020-02-13T16:22:40","guid":{"rendered":"https:\/\/www.fpbaixemporda.com\/?page_id=228"},"modified":"2025-10-23T11:56:00","modified_gmt":"2025-10-23T09:56:00","slug":"sistemes-micro-informatics-i-xarxes","status":"publish","type":"page","link":"https:\/\/www.fpbaixemporda.com\/es\/cf-grau-mitja\/sistemes-micro-informatics-i-xarxes\/","title":{"rendered":"Sistemas micro inform\u00e1ticos y redes"},"content":{"rendered":"<h2 style=\"text-align: center;\"><a href=\"https:\/\/www.fpbaixemporda.com\/es\/fp-dual\/\">Ciclo dual<\/a><\/h2>\n<h3>Descripci\u00f3n<\/h3>\n<p style=\"text-align: justify;\">Aquests estudis postobligatoris capaciten per instal\u00b7lar i mantenir serveis de xarxes fixes i m\u00f2bils, serveis d\u2019Internet i sistemes inform\u00e0tics i tamb\u00e9 per prestar suport als usuaris i usu\u00e0ries.<\/p>\n<p style=\"text-align: justify;\">Tenen una durada de <strong>2.000 horas<\/strong> (1.485 lectives en un centre educatiu i 515 pr\u00e0ctiques en un centre de treball) distribu\u00efdes en <strong>dos cursos\u00a0<\/strong>acad\u00e9micos.<\/p>\n<h3>Contenidos<\/h3>\n<ul>\n<li style=\"text-align: justify;\">Muntatge i manteniment d\u2019equips.<\/li>\n<li style=\"text-align: justify;\">Sistemes operatius monolloc.<\/li>\n<li style=\"text-align: justify;\">Aplicacions ofim\u00e0tiques.<\/li>\n<li style=\"text-align: justify;\">Sistemes operatius en xarxa.<\/li>\n<li style=\"text-align: justify;\">Xarxes locals.<\/li>\n<li style=\"text-align: justify;\">Seguretat inform\u00e0tica.<\/li>\n<li style=\"text-align: justify;\">Serveis de xarxa.<\/li>\n<li style=\"text-align: justify;\">Aplicacions web.<\/li>\n<li style=\"text-align: justify;\">Ingl\u00e9s Profesional.<\/li>\n<li style=\"text-align: justify;\">Digitalizaci\u00f3n aplicada a los sectores productivos.<\/li>\n<li style=\"text-align: justify;\">Sostenibilidad aplicada en el sistema productivo.<\/li>\n<li style=\"text-align: justify;\">Itinerario personal para la empleabilidad I y II.<\/li>\n<li style=\"text-align: justify;\">Proyecto intermodular.<\/li>\n<\/ul>\n<h3>C\u00f3mo acceder<\/h3>\n<p style=\"text-align: justify;\">Tienen\u00a0<strong>acceso directo<\/strong>\u00a0al ciclo las personas que cumplen alguno de los siguientes requisitos:<\/p>\n<ul>\n<li style=\"text-align: justify;\">Tener el t\u00edtulo de graduado en educaci\u00f3n secundaria obligatoria.<\/li>\n<li style=\"text-align: justify;\">Haber superado el curso espec\u00edfico para el acceso a ciclos de grado medio.<\/li>\n<li style=\"text-align: justify;\">Tener el t\u00edtulo de t\u00e9cnico o t\u00e9cnico auxiliar.<\/li>\n<li style=\"text-align: justify;\">Haber superado el segundo curso del bachillerato unificado y polivalente (BUP).<\/li>\n<li style=\"text-align: justify;\">tenir altres estudis equivalents a efectes acad\u00e8mics.<\/li>\n<li style=\"text-align: justify;\">Haber superado la prueba de acceso a la universidad para mayores de 25 a\u00f1os.<\/li>\n<li style=\"text-align: justify;\">Haber superado los m\u00f3dulos obligatorios de un programa de calificaci\u00f3n profesional inicial (PCPI).<\/li>\n<li style=\"text-align: justify;\">Tener un t\u00edtulo para acceder a un ciclo formativo de grado superior.<\/li>\n<\/ul>\n<p style=\"text-align: justify;\">Las personas que no cumplen ninguno de los requisitos mencionados deben superar una prueba de acceso. Para presentarse es necesario tener como m\u00ednimo 17 a\u00f1os en el a\u00f1o en que se hace la prueba.<\/p>\n<h3>Salidas profesionales<\/h3>\n<h4>Salidas acad\u00e9micas<\/h4>\n<p style=\"text-align: justify;\">Con estos estudios se obtiene el t\u00edtulo de\u00a0<strong>t\u00e9cnico o t\u00e9cnica<\/strong>, que permite acceder:<\/p>\n<ul>\n<li>Al bachillerato.<\/li>\n<li>A un ciclo de grado superior de formaci\u00f3n profesional.<\/li>\n<\/ul>\n<h4>Salidas laborales<\/h4>\n<p style=\"text-align: justify;\">La superaci\u00f3n de este ciclo formativo permite acceder al\u00a0<strong>mundo laboral<\/strong>\u00a0como:<\/p>\n<ul>\n<li style=\"text-align: justify;\">T\u00e8cnic instal\u00b7lador i reparador o t\u00e8cnica instal\u00b7ladora i reparadora d&#8217;equips inform\u00e0tics.<\/li>\n<li style=\"text-align: justify;\">T\u00e8cnic o t\u00e8cnica en manteniment de sistemes inform\u00e0tics.<\/li>\n<li style=\"text-align: justify;\">T\u00e8cnic o t\u00e8cnica en manteniment de serveis d&#8217;Internet.<\/li>\n<li style=\"text-align: justify;\">T\u00e8cnic o t\u00e8cnica de suport inform\u00e0tic.<\/li>\n<li style=\"text-align: justify;\">T\u00e8cnic o t\u00e8cnica de xarxes de dades.<\/li>\n<li style=\"text-align: justify;\">T\u00e8cnic o t\u00e8cnica en vendes de TIC per a sectors industrials.<\/li>\n<li style=\"text-align: justify;\">Reparador o reparadora de perif\u00e8rics de sistemes microinform\u00e0tics.<\/li>\n<li style=\"text-align: justify;\">Comercial de microinform\u00e0tica.<\/li>\n<li style=\"text-align: justify;\">Operador o operadora de teleassist\u00e8ncia.<\/li>\n<li style=\"text-align: justify;\">Operador o operadora de sistemes.<\/li>\n<\/ul>\n<h3>Puedes estudiar este ciclo en\u2026<\/h3>\n\t\t<div data-elementor-type=\"page\" data-elementor-id=\"2805\" class=\"elementor elementor-2805\" data-elementor-post-type=\"elementor_library\">\n\t\t\t\t\t\t<section class=\"elementor-section elementor-top-section elementor-element elementor-element-2c82e0f elementor-section-full_width elementor-section-height-default elementor-section-height-default\" data-id=\"2c82e0f\" data-element_type=\"section\" data-e-type=\"section\">\n\t\t\t\t\t\t<div class=\"elementor-container elementor-column-gap-no\">\n\t\t\t\t\t<div class=\"elementor-column elementor-col-100 elementor-top-column elementor-element elementor-element-1a8c49d\" data-id=\"1a8c49d\" data-element_type=\"column\" data-e-type=\"column\">\n\t\t\t<div class=\"elementor-widget-wrap elementor-element-populated\">\n\t\t\t\t\t\t<section class=\"elementor-section elementor-inner-section elementor-element elementor-element-7768134 elementor-section-full_width elementor-section-height-default elementor-section-height-default\" data-id=\"7768134\" data-element_type=\"section\" data-e-type=\"section\">\n\t\t\t\t\t\t<div class=\"elementor-container elementor-column-gap-narrow\">\n\t\t\t\t\t<div class=\"elementor-column elementor-col-16 elementor-inner-column elementor-element elementor-element-817477e\" data-id=\"817477e\" data-element_type=\"column\" data-e-type=\"column\">\n\t\t\t<div class=\"elementor-widget-wrap elementor-element-populated\">\n\t\t\t\t\t\t<div class=\"elementor-element elementor-element-634ac2f elementor-widget elementor-widget-image\" data-id=\"634ac2f\" data-element_type=\"widget\" data-e-type=\"widget\" data-widget_type=\"image.default\">\n\t\t\t\t\t\t\t\t\t\t\t\t\t\t\t<img fetchpriority=\"high\" decoding=\"async\" width=\"600\" height=\"370\" src=\"https:\/\/www.fpbaixemporda.com\/wp-content\/uploads\/2026\/04\/IES-Baix-Emporda.jpg\" class=\"attachment-full size-full wp-image-5756\" alt=\"INS Baix Empord\u00e0 | FP Baix Empord\u00e0\" srcset=\"https:\/\/www.fpbaixemporda.com\/wp-content\/uploads\/2026\/04\/IES-Baix-Emporda.jpg 600w, https:\/\/www.fpbaixemporda.com\/wp-content\/uploads\/2026\/04\/IES-Baix-Emporda-300x185.jpg 300w, https:\/\/www.fpbaixemporda.com\/wp-content\/uploads\/2026\/04\/IES-Baix-Emporda-18x12.jpg 18w\" sizes=\"(max-width: 600px) 100vw, 600px\" \/>\t\t\t\t\t\t\t\t\t\t\t\t\t\t\t<\/div>\n\t\t\t\t\t<\/div>\n\t\t<\/div>\n\t\t\t\t<div class=\"elementor-column elementor-col-16 elementor-inner-column elementor-element elementor-element-f8b963e\" data-id=\"f8b963e\" data-element_type=\"column\" data-e-type=\"column\">\n\t\t\t<div class=\"elementor-widget-wrap elementor-element-populated\">\n\t\t\t\t\t\t<div class=\"elementor-element elementor-element-080f1dc elementor-widget elementor-widget-image\" data-id=\"080f1dc\" data-element_type=\"widget\" data-e-type=\"widget\" data-widget_type=\"image.default\">\n\t\t\t\t\t\t\t\t\t\t\t\t\t\t\t<img decoding=\"async\" width=\"600\" height=\"370\" src=\"https:\/\/www.fpbaixemporda.com\/wp-content\/uploads\/2020\/02\/IES-La-Bisbal.jpg\" class=\"attachment-full size-full wp-image-615\" alt=\"INS La Bisbal | FP Baix Empord\u00e0\" srcset=\"https:\/\/www.fpbaixemporda.com\/wp-content\/uploads\/2020\/02\/IES-La-Bisbal.jpg 600w, https:\/\/www.fpbaixemporda.com\/wp-content\/uploads\/2020\/02\/IES-La-Bisbal-300x185.jpg 300w\" sizes=\"(max-width: 600px) 100vw, 600px\" \/>\t\t\t\t\t\t\t\t\t\t\t\t\t\t\t<\/div>\n\t\t\t\t\t<\/div>\n\t\t<\/div>\n\t\t\t\t<div class=\"elementor-column elementor-col-16 elementor-inner-column elementor-element elementor-element-1ab8d13\" data-id=\"1ab8d13\" data-element_type=\"column\" data-e-type=\"column\">\n\t\t\t<div class=\"elementor-widget-wrap elementor-element-populated\">\n\t\t\t\t\t\t<div class=\"elementor-element elementor-element-2af1c5b elementor-widget elementor-widget-image\" data-id=\"2af1c5b\" data-element_type=\"widget\" data-e-type=\"widget\" data-widget_type=\"image.default\">\n\t\t\t\t\t\t\t\t\t\t\t\t\t\t\t<img decoding=\"async\" width=\"600\" height=\"370\" src=\"https:\/\/www.fpbaixemporda.com\/wp-content\/uploads\/2020\/02\/IES-Montgr\u00ed.jpg\" class=\"attachment-full size-full wp-image-623\" alt=\"INS Montgr\u00ed | FP Baix Empord\u00e0\" srcset=\"https:\/\/www.fpbaixemporda.com\/wp-content\/uploads\/2020\/02\/IES-Montgr\u00ed.jpg 600w, https:\/\/www.fpbaixemporda.com\/wp-content\/uploads\/2020\/02\/IES-Montgr\u00ed-300x185.jpg 300w\" sizes=\"(max-width: 600px) 100vw, 600px\" \/>\t\t\t\t\t\t\t\t\t\t\t\t\t\t\t<\/div>\n\t\t\t\t\t<\/div>\n\t\t<\/div>\n\t\t\t\t<div class=\"elementor-column elementor-col-16 elementor-inner-column elementor-element elementor-element-a9dc0f6\" data-id=\"a9dc0f6\" data-element_type=\"column\" data-e-type=\"column\">\n\t\t\t<div class=\"elementor-widget-wrap elementor-element-populated\">\n\t\t\t\t\t\t<div class=\"elementor-element elementor-element-d9da26b elementor-widget elementor-widget-image\" data-id=\"d9da26b\" data-element_type=\"widget\" data-e-type=\"widget\" data-widget_type=\"image.default\">\n\t\t\t\t\t\t\t\t\t\t\t\t\t\t\t\t<a href=\"https:\/\/www.fpbaixemporda.com\/es\/ins-palamos\/\">\n\t\t\t\t\t\t\t<img loading=\"lazy\" decoding=\"async\" width=\"600\" height=\"370\" src=\"https:\/\/www.fpbaixemporda.com\/wp-content\/uploads\/2020\/02\/IES-Palam\u00f3s.jpg\" class=\"attachment-full size-full wp-image-626\" alt=\"INS Palam\u00f3s | FP Baix Empord\u00e0\" srcset=\"https:\/\/www.fpbaixemporda.com\/wp-content\/uploads\/2020\/02\/IES-Palam\u00f3s.jpg 600w, https:\/\/www.fpbaixemporda.com\/wp-content\/uploads\/2020\/02\/IES-Palam\u00f3s-300x185.jpg 300w\" sizes=\"(max-width: 600px) 100vw, 600px\" \/>\t\t\t\t\t\t\t\t<\/a>\n\t\t\t\t\t\t\t\t\t\t\t\t\t\t\t<\/div>\n\t\t\t\t\t<\/div>\n\t\t<\/div>\n\t\t\t\t<div class=\"elementor-column elementor-col-16 elementor-inner-column elementor-element elementor-element-ff06431\" data-id=\"ff06431\" data-element_type=\"column\" data-e-type=\"column\">\n\t\t\t<div class=\"elementor-widget-wrap elementor-element-populated\">\n\t\t\t\t\t\t<div class=\"elementor-element elementor-element-c8f13ea elementor-widget elementor-widget-image\" data-id=\"c8f13ea\" data-element_type=\"widget\" data-e-type=\"widget\" data-widget_type=\"image.default\">\n\t\t\t\t\t\t\t\t\t\t\t\t\t\t\t<img loading=\"lazy\" decoding=\"async\" width=\"600\" height=\"370\" src=\"https:\/\/www.fpbaixemporda.com\/wp-content\/uploads\/2020\/02\/IES-Sant-Feliu.jpg\" class=\"attachment-full size-full wp-image-629\" alt=\"IES Sant Feliu | FP Baix Empord\u00e0\" srcset=\"https:\/\/www.fpbaixemporda.com\/wp-content\/uploads\/2020\/02\/IES-Sant-Feliu.jpg 600w, https:\/\/www.fpbaixemporda.com\/wp-content\/uploads\/2020\/02\/IES-Sant-Feliu-300x185.jpg 300w\" sizes=\"(max-width: 600px) 100vw, 600px\" \/>\t\t\t\t\t\t\t\t\t\t\t\t\t\t\t<\/div>\n\t\t\t\t\t<\/div>\n\t\t<\/div>\n\t\t\t\t<div class=\"elementor-column elementor-col-16 elementor-inner-column elementor-element elementor-element-d4c6243\" data-id=\"d4c6243\" data-element_type=\"column\" data-e-type=\"column\">\n\t\t\t<div class=\"elementor-widget-wrap elementor-element-populated\">\n\t\t\t\t\t\t<div class=\"elementor-element elementor-element-db13fea elementor-widget elementor-widget-image\" data-id=\"db13fea\" data-element_type=\"widget\" data-e-type=\"widget\" data-widget_type=\"image.default\">\n\t\t\t\t\t\t\t\t\t\t\t\t\t\t\t<img loading=\"lazy\" decoding=\"async\" width=\"600\" height=\"370\" src=\"https:\/\/www.fpbaixemporda.com\/wp-content\/uploads\/2023\/01\/Escola-Agraria-Monells.jpg\" class=\"attachment-full size-full wp-image-3962\" alt=\"Escuela Agraria Empord\u00e0 | FP Baix Empord\u00e0\" srcset=\"https:\/\/www.fpbaixemporda.com\/wp-content\/uploads\/2023\/01\/Escola-Agraria-Monells.jpg 600w, https:\/\/www.fpbaixemporda.com\/wp-content\/uploads\/2023\/01\/Escola-Agraria-Monells-300x185.jpg 300w\" sizes=\"(max-width: 600px) 100vw, 600px\" \/>\t\t\t\t\t\t\t\t\t\t\t\t\t\t\t<\/div>\n\t\t\t\t\t<\/div>\n\t\t<\/div>\n\t\t\t\t\t<\/div>\n\t\t<\/section>\n\t\t\t\t\t<\/div>\n\t\t<\/div>\n\t\t\t\t\t<\/div>\n\t\t<\/section>\n\t\t\t\t<\/div>","protected":false},"excerpt":{"rendered":"<p>Cicle dual Descripci\u00f3 Aquests estudis postobligatoris capaciten per instal\u00b7lar i mantenir serveis de xarxes fixes i m\u00f2bils, serveis d\u2019Internet i sistemes inform\u00e0tics i tamb\u00e9 per prestar suport als usuaris i usu\u00e0ries. Tenen una durada de 2.000 hores (1.485 lectives en un centre educatiu i 515 pr\u00e0ctiques en un centre de treball) distribu\u00efdes en dos cursos\u00a0acad\u00e8mics.<br \/><a class=\"moretag\" href=\"https:\/\/www.fpbaixemporda.com\/es\/cf-grau-mitja\/sistemes-micro-informatics-i-xarxes\/\">+ Read More<\/a><\/p>","protected":false},"author":1,"featured_media":550,"parent":187,"menu_order":0,"comment_status":"closed","ping_status":"closed","template":"templates\/page-fullwidth_template.php","meta":{"footnotes":""},"class_list":["post-228","page","type-page","status-publish","has-post-thumbnail","hentry"],"yoast_head":"<!-- This site is optimized with the Yoast SEO plugin v27.4 - https:\/\/yoast.com\/product\/yoast-seo-wordpress\/ -->\n<title>Sistemes micro inform\u00e0tics i xarxes - FP Baix Empord\u00e0<\/title>\n<meta name=\"robots\" content=\"index, follow, max-snippet:-1, max-image-preview:large, max-video-preview:-1\" \/>\n<link rel=\"canonical\" href=\"https:\/\/www.fpbaixemporda.com\/es\/cf-grau-mitja\/sistemes-micro-informatics-i-xarxes\/\" \/>\n<meta property=\"og:locale\" content=\"es_ES\" \/>\n<meta property=\"og:type\" content=\"article\" \/>\n<meta property=\"og:title\" content=\"Sistemes micro inform\u00e0tics i xarxes - FP Baix Empord\u00e0\" \/>\n<meta property=\"og:description\" content=\"Cicle dual Descripci\u00f3 Aquests estudis postobligatoris capaciten per instal\u00b7lar i mantenir serveis de xarxes fixes i m\u00f2bils, serveis d\u2019Internet i sistemes inform\u00e0tics i tamb\u00e9 per prestar suport als usuaris i usu\u00e0ries. Tenen una durada de 2.000 hores (1.485 lectives en un centre educatiu i 515 pr\u00e0ctiques en un centre de treball) distribu\u00efdes en dos cursos\u00a0acad\u00e8mics.+ Read More\" \/>\n<meta property=\"og:url\" content=\"https:\/\/www.fpbaixemporda.com\/es\/cf-grau-mitja\/sistemes-micro-informatics-i-xarxes\/\" \/>\n<meta property=\"og:site_name\" content=\"FP Baix Empord\u00e0\" \/>\n<meta property=\"article:publisher\" content=\"https:\/\/www.facebook.com\/fpbaixemporda\" \/>\n<meta property=\"article:modified_time\" content=\"2025-10-23T09:56:00+00:00\" \/>\n<meta property=\"og:image\" content=\"https:\/\/www.fpbaixemporda.com\/wp-content\/uploads\/2020\/02\/Sistemes-microinform\u00e0tics-i-xarxes-FP-Baix-Empord\u00e0.jpg\" \/>\n\t<meta property=\"og:image:width\" content=\"1400\" \/>\n\t<meta property=\"og:image:height\" content=\"320\" \/>\n\t<meta property=\"og:image:type\" content=\"image\/jpeg\" \/>\n<meta name=\"twitter:card\" content=\"summary_large_image\" \/>\n<meta name=\"twitter:label1\" content=\"Tiempo de lectura\" \/>\n\t<meta name=\"twitter:data1\" content=\"4 minutos\" \/>\n<script type=\"application\/ld+json\" class=\"yoast-schema-graph\">{\"@context\":\"https:\\\/\\\/schema.org\",\"@graph\":[{\"@type\":\"WebPage\",\"@id\":\"https:\\\/\\\/www.fpbaixemporda.com\\\/cf-grau-mitja\\\/sistemes-micro-informatics-i-xarxes\\\/\",\"url\":\"https:\\\/\\\/www.fpbaixemporda.com\\\/cf-grau-mitja\\\/sistemes-micro-informatics-i-xarxes\\\/\",\"name\":\"Sistemes micro inform\u00e0tics i xarxes - FP Baix Empord\u00e0\",\"isPartOf\":{\"@id\":\"https:\\\/\\\/www.fpbaixemporda.com\\\/#website\"},\"primaryImageOfPage\":{\"@id\":\"https:\\\/\\\/www.fpbaixemporda.com\\\/cf-grau-mitja\\\/sistemes-micro-informatics-i-xarxes\\\/#primaryimage\"},\"image\":{\"@id\":\"https:\\\/\\\/www.fpbaixemporda.com\\\/cf-grau-mitja\\\/sistemes-micro-informatics-i-xarxes\\\/#primaryimage\"},\"thumbnailUrl\":\"https:\\\/\\\/www.fpbaixemporda.com\\\/wp-content\\\/uploads\\\/2020\\\/02\\\/Sistemes-microinform\u00e0tics-i-xarxes-FP-Baix-Empord\u00e0.jpg\",\"datePublished\":\"2020-02-13T16:22:40+00:00\",\"dateModified\":\"2025-10-23T09:56:00+00:00\",\"breadcrumb\":{\"@id\":\"https:\\\/\\\/www.fpbaixemporda.com\\\/cf-grau-mitja\\\/sistemes-micro-informatics-i-xarxes\\\/#breadcrumb\"},\"inLanguage\":\"es\",\"potentialAction\":[{\"@type\":\"ReadAction\",\"target\":[\"https:\\\/\\\/www.fpbaixemporda.com\\\/cf-grau-mitja\\\/sistemes-micro-informatics-i-xarxes\\\/\"]}]},{\"@type\":\"ImageObject\",\"inLanguage\":\"es\",\"@id\":\"https:\\\/\\\/www.fpbaixemporda.com\\\/cf-grau-mitja\\\/sistemes-micro-informatics-i-xarxes\\\/#primaryimage\",\"url\":\"https:\\\/\\\/www.fpbaixemporda.com\\\/wp-content\\\/uploads\\\/2020\\\/02\\\/Sistemes-microinform\u00e0tics-i-xarxes-FP-Baix-Empord\u00e0.jpg\",\"contentUrl\":\"https:\\\/\\\/www.fpbaixemporda.com\\\/wp-content\\\/uploads\\\/2020\\\/02\\\/Sistemes-microinform\u00e0tics-i-xarxes-FP-Baix-Empord\u00e0.jpg\",\"width\":1400,\"height\":320,\"caption\":\"Sistemes microinform\u00e0tics i xarxes - FP Baix Empord\u00e0\"},{\"@type\":\"BreadcrumbList\",\"@id\":\"https:\\\/\\\/www.fpbaixemporda.com\\\/cf-grau-mitja\\\/sistemes-micro-informatics-i-xarxes\\\/#breadcrumb\",\"itemListElement\":[{\"@type\":\"ListItem\",\"position\":1,\"name\":\"Home\",\"item\":\"https:\\\/\\\/www.fpbaixemporda.com\\\/\"},{\"@type\":\"ListItem\",\"position\":2,\"name\":\"CF Grau Mitj\u00e0\",\"item\":\"https:\\\/\\\/www.fpbaixemporda.com\\\/cf-grau-mitja\\\/\"},{\"@type\":\"ListItem\",\"position\":3,\"name\":\"Sistemes micro inform\u00e0tics i xarxes\"}]},{\"@type\":\"WebSite\",\"@id\":\"https:\\\/\\\/www.fpbaixemporda.com\\\/#website\",\"url\":\"https:\\\/\\\/www.fpbaixemporda.com\\\/\",\"name\":\"FP Baix Empord\u00e0\",\"description\":\"El teu futur en bones mans\",\"publisher\":{\"@id\":\"https:\\\/\\\/www.fpbaixemporda.com\\\/#organization\"},\"potentialAction\":[{\"@type\":\"SearchAction\",\"target\":{\"@type\":\"EntryPoint\",\"urlTemplate\":\"https:\\\/\\\/www.fpbaixemporda.com\\\/?s={search_term_string}\"},\"query-input\":{\"@type\":\"PropertyValueSpecification\",\"valueRequired\":true,\"valueName\":\"search_term_string\"}}],\"inLanguage\":\"es\"},{\"@type\":\"Organization\",\"@id\":\"https:\\\/\\\/www.fpbaixemporda.com\\\/#organization\",\"name\":\"FP Baix Empord\u00e0\",\"url\":\"https:\\\/\\\/www.fpbaixemporda.com\\\/\",\"logo\":{\"@type\":\"ImageObject\",\"inLanguage\":\"es\",\"@id\":\"https:\\\/\\\/www.fpbaixemporda.com\\\/#\\\/schema\\\/logo\\\/image\\\/\",\"url\":\"https:\\\/\\\/www.fpbaixemporda.com\\\/wp-content\\\/uploads\\\/2020\\\/02\\\/FP-Baix-Empord\u00e0-Logo.png\",\"contentUrl\":\"https:\\\/\\\/www.fpbaixemporda.com\\\/wp-content\\\/uploads\\\/2020\\\/02\\\/FP-Baix-Empord\u00e0-Logo.png\",\"width\":180,\"height\":117,\"caption\":\"FP Baix Empord\u00e0\"},\"image\":{\"@id\":\"https:\\\/\\\/www.fpbaixemporda.com\\\/#\\\/schema\\\/logo\\\/image\\\/\"},\"sameAs\":[\"https:\\\/\\\/www.facebook.com\\\/fpbaixemporda\",\"https:\\\/\\\/www.instagram.com\\\/fp_baixemporda\\\/\"]}]}<\/script>\n<!-- \/ Yoast SEO plugin. -->","yoast_head_json":{"title":"Sistemes micro inform\u00e0tics i xarxes - FP Baix Empord\u00e0","robots":{"index":"index","follow":"follow","max-snippet":"max-snippet:-1","max-image-preview":"max-image-preview:large","max-video-preview":"max-video-preview:-1"},"canonical":"https:\/\/www.fpbaixemporda.com\/es\/cf-grau-mitja\/sistemes-micro-informatics-i-xarxes\/","og_locale":"es_ES","og_type":"article","og_title":"Sistemes micro inform\u00e0tics i xarxes - FP Baix Empord\u00e0","og_description":"Cicle dual Descripci\u00f3 Aquests estudis postobligatoris capaciten per instal\u00b7lar i mantenir serveis de xarxes fixes i m\u00f2bils, serveis d\u2019Internet i sistemes inform\u00e0tics i tamb\u00e9 per prestar suport als usuaris i usu\u00e0ries. Tenen una durada de 2.000 hores (1.485 lectives en un centre educatiu i 515 pr\u00e0ctiques en un centre de treball) distribu\u00efdes en dos cursos\u00a0acad\u00e8mics.+ Read More","og_url":"https:\/\/www.fpbaixemporda.com\/es\/cf-grau-mitja\/sistemes-micro-informatics-i-xarxes\/","og_site_name":"FP Baix Empord\u00e0","article_publisher":"https:\/\/www.facebook.com\/fpbaixemporda","article_modified_time":"2025-10-23T09:56:00+00:00","og_image":[{"width":1400,"height":320,"url":"https:\/\/www.fpbaixemporda.com\/wp-content\/uploads\/2020\/02\/Sistemes-microinform\u00e0tics-i-xarxes-FP-Baix-Empord\u00e0.jpg","type":"image\/jpeg"}],"twitter_card":"summary_large_image","twitter_misc":{"Tiempo de lectura":"4 minutos"},"schema":{"@context":"https:\/\/schema.org","@graph":[{"@type":"WebPage","@id":"https:\/\/www.fpbaixemporda.com\/cf-grau-mitja\/sistemes-micro-informatics-i-xarxes\/","url":"https:\/\/www.fpbaixemporda.com\/cf-grau-mitja\/sistemes-micro-informatics-i-xarxes\/","name":"Sistemes micro inform\u00e0tics i xarxes - FP Baix Empord\u00e0","isPartOf":{"@id":"https:\/\/www.fpbaixemporda.com\/#website"},"primaryImageOfPage":{"@id":"https:\/\/www.fpbaixemporda.com\/cf-grau-mitja\/sistemes-micro-informatics-i-xarxes\/#primaryimage"},"image":{"@id":"https:\/\/www.fpbaixemporda.com\/cf-grau-mitja\/sistemes-micro-informatics-i-xarxes\/#primaryimage"},"thumbnailUrl":"https:\/\/www.fpbaixemporda.com\/wp-content\/uploads\/2020\/02\/Sistemes-microinform\u00e0tics-i-xarxes-FP-Baix-Empord\u00e0.jpg","datePublished":"2020-02-13T16:22:40+00:00","dateModified":"2025-10-23T09:56:00+00:00","breadcrumb":{"@id":"https:\/\/www.fpbaixemporda.com\/cf-grau-mitja\/sistemes-micro-informatics-i-xarxes\/#breadcrumb"},"inLanguage":"es","potentialAction":[{"@type":"ReadAction","target":["https:\/\/www.fpbaixemporda.com\/cf-grau-mitja\/sistemes-micro-informatics-i-xarxes\/"]}]},{"@type":"ImageObject","inLanguage":"es","@id":"https:\/\/www.fpbaixemporda.com\/cf-grau-mitja\/sistemes-micro-informatics-i-xarxes\/#primaryimage","url":"https:\/\/www.fpbaixemporda.com\/wp-content\/uploads\/2020\/02\/Sistemes-microinform\u00e0tics-i-xarxes-FP-Baix-Empord\u00e0.jpg","contentUrl":"https:\/\/www.fpbaixemporda.com\/wp-content\/uploads\/2020\/02\/Sistemes-microinform\u00e0tics-i-xarxes-FP-Baix-Empord\u00e0.jpg","width":1400,"height":320,"caption":"Sistemes microinform\u00e0tics i xarxes - FP Baix Empord\u00e0"},{"@type":"BreadcrumbList","@id":"https:\/\/www.fpbaixemporda.com\/cf-grau-mitja\/sistemes-micro-informatics-i-xarxes\/#breadcrumb","itemListElement":[{"@type":"ListItem","position":1,"name":"Home","item":"https:\/\/www.fpbaixemporda.com\/"},{"@type":"ListItem","position":2,"name":"CF Grau Mitj\u00e0","item":"https:\/\/www.fpbaixemporda.com\/cf-grau-mitja\/"},{"@type":"ListItem","position":3,"name":"Sistemes micro inform\u00e0tics i xarxes"}]},{"@type":"WebSite","@id":"https:\/\/www.fpbaixemporda.com\/#website","url":"https:\/\/www.fpbaixemporda.com\/","name":"FP Baix Empord\u00e0","description":"El teu futur en bones mans","publisher":{"@id":"https:\/\/www.fpbaixemporda.com\/#organization"},"potentialAction":[{"@type":"SearchAction","target":{"@type":"EntryPoint","urlTemplate":"https:\/\/www.fpbaixemporda.com\/?s={search_term_string}"},"query-input":{"@type":"PropertyValueSpecification","valueRequired":true,"valueName":"search_term_string"}}],"inLanguage":"es"},{"@type":"Organization","@id":"https:\/\/www.fpbaixemporda.com\/#organization","name":"FP Baix Empord\u00e0","url":"https:\/\/www.fpbaixemporda.com\/","logo":{"@type":"ImageObject","inLanguage":"es","@id":"https:\/\/www.fpbaixemporda.com\/#\/schema\/logo\/image\/","url":"https:\/\/www.fpbaixemporda.com\/wp-content\/uploads\/2020\/02\/FP-Baix-Empord\u00e0-Logo.png","contentUrl":"https:\/\/www.fpbaixemporda.com\/wp-content\/uploads\/2020\/02\/FP-Baix-Empord\u00e0-Logo.png","width":180,"height":117,"caption":"FP Baix Empord\u00e0"},"image":{"@id":"https:\/\/www.fpbaixemporda.com\/#\/schema\/logo\/image\/"},"sameAs":["https:\/\/www.facebook.com\/fpbaixemporda","https:\/\/www.instagram.com\/fp_baixemporda\/"]}]}},"_links":{"self":[{"href":"https:\/\/www.fpbaixemporda.com\/es\/wp-json\/wp\/v2\/pages\/228","targetHints":{"allow":["GET"]}}],"collection":[{"href":"https:\/\/www.fpbaixemporda.com\/es\/wp-json\/wp\/v2\/pages"}],"about":[{"href":"https:\/\/www.fpbaixemporda.com\/es\/wp-json\/wp\/v2\/types\/page"}],"author":[{"embeddable":true,"href":"https:\/\/www.fpbaixemporda.com\/es\/wp-json\/wp\/v2\/users\/1"}],"replies":[{"embeddable":true,"href":"https:\/\/www.fpbaixemporda.com\/es\/wp-json\/wp\/v2\/comments?post=228"}],"version-history":[{"count":2,"href":"https:\/\/www.fpbaixemporda.com\/es\/wp-json\/wp\/v2\/pages\/228\/revisions"}],"predecessor-version":[{"id":5381,"href":"https:\/\/www.fpbaixemporda.com\/es\/wp-json\/wp\/v2\/pages\/228\/revisions\/5381"}],"up":[{"embeddable":true,"href":"https:\/\/www.fpbaixemporda.com\/es\/wp-json\/wp\/v2\/pages\/187"}],"wp:featuredmedia":[{"embeddable":true,"href":"https:\/\/www.fpbaixemporda.com\/es\/wp-json\/wp\/v2\/media\/550"}],"wp:attachment":[{"href":"https:\/\/www.fpbaixemporda.com\/es\/wp-json\/wp\/v2\/media?parent=228"}],"curies":[{"name":"wp","href":"https:\/\/api.w.org\/{rel}","templated":true}]}}