{"id":234,"date":"2020-02-13T17:24:41","date_gmt":"2020-02-13T16:24:41","guid":{"rendered":"https:\/\/www.fpbaixemporda.com\/?page_id=234"},"modified":"2025-10-23T11:32:06","modified_gmt":"2025-10-23T09:32:06","slug":"desenvolupament-aplicacions-multiplataforma","status":"publish","type":"page","link":"https:\/\/www.fpbaixemporda.com\/es\/cf-grau-superior\/desenvolupament-aplicacions-multiplataforma\/","title":{"rendered":"Desarrollo aplicaciones multiplataforma y aplicaciones web"},"content":{"rendered":"<h2 style=\"text-align: center;\"><a href=\"https:\/\/www.fpbaixemporda.com\/es\/fp-dual\/\">Ciclo dual<\/a><\/h2>\n<h3>Descripci\u00f3n<\/h3>\n<p style=\"text-align: justify;\">Aquests estudis postobligatoris capaciten per desenvolupar, implantar, documentar i mantenir aplicacions inform\u00e0tiques multiplataforma i aplicacions web, utilitzant tecnologies i entorns de desenvolupament espec\u00edfics, garantint l\u2019acc\u00e9s a les dades de forma segura i complint els criteris d&#8217;usabilitat i qualitat exigides en els est\u00e0ndards establerts.<\/p>\n<p style=\"text-align: justify;\">Tenen una durada de <strong>2.000 horas<\/strong> (1.485 en un centre educatiu i 515 en un centre de treball) distribu\u00efdes en dos cursos acad\u00e8mics per obtenir un dels dos t\u00edtols, es fan en anys alterns, o <strong>2.878 hores<\/strong> (1.848 en un centre educatiu i 1030 en un centre de treball) en tres cursos acad\u00e8mics per obtenir els dos t\u00edtols.<\/p>\n<h3>Contenidos<\/h3>\n<ul>\n<li>Llenguatges de marques i sistemes de gesti\u00f3 d\u2019informaci\u00f3.<\/li>\n<li>Sistemes inform\u00e0tics.<\/li>\n<li>Bases de dades.<\/li>\n<li>Programaci\u00f3.<\/li>\n<li>Entorns de desenvolupament.<\/li>\n<li>Acc\u00e9s a dades.<\/li>\n<li>Desenvolupament d\u2019interf\u00edcies.<\/li>\n<li>Desenvolupament web en entorn client.<\/li>\n<li>Desenvolupament web en entorn servidor.<\/li>\n<li>Desplegament d\u2019aplicacions web.<\/li>\n<li>Disseny d\u2019interf\u00edcies web.<\/li>\n<li>Programaci\u00f3 multim\u00e8dia i dispositius m\u00f2bils.<\/li>\n<li>Programaci\u00f3 de serveis i processos.<\/li>\n<li>Sistemes de gesti\u00f3 empresarial.<\/li>\n<li>Ingl\u00e9s Profesional.<\/li>\n<li>Digitalizaci\u00f3n aplicada a los sectores productivos.<\/li>\n<li>Sostenibilidad aplicada en el sistema productivo.<\/li>\n<li>Itinerario personal para la empleabilidad I y II.<\/li>\n<li>Projecte intermodular de desenvolupament d&#8217;aplicacions multiplataforma.<\/li>\n<li>Projecte intermodular de desenvolupament d\u2019aplicacions web.<\/li>\n<\/ul>\n<h3>C\u00f3mo acceder<\/h3>\n<p>Tienen\u00a0<strong>acceso directo<\/strong>\u00a0al ciclo las personas que cumplen alguno de los siguientes requisitos:<\/p>\n<ul>\n<li>Tener el t\u00edtulo de bachillerato.<\/li>\n<li style=\"text-align: justify;\">Tener el t\u00edtulo de t\u00e9cnico de formaci\u00f3n profesional o t\u00e9cnico superior de formaci\u00f3n profesional o t\u00e9cnico especialista.<\/li>\n<li style=\"text-align: justify;\">Haber superado el segundo curso de bachillerato de cualquier modalidad de bachillerato experimental.<\/li>\n<li style=\"text-align: justify;\">Haber superado el curso de orientaci\u00f3n universitaria (COU) o el preuniversitario.<\/li>\n<li style=\"text-align: justify;\">Tener el t\u00edtulo de bachillerato por haber cursado el bachillerato unificado polivalente (BUP).<\/li>\n<li style=\"text-align: justify;\">Tener cualquier titulaci\u00f3n universitaria o equivalente,<\/li>\n<li style=\"text-align: justify;\">Haber superado la prueba de acceso a la universidad para mayores de 25 a\u00f1os.<\/li>\n<\/ul>\n<p style=\"text-align: justify;\">Las personas que no cumplan ninguno de los requisitos relacionados deben superar una prueba de acceso. Para presentarse es necesario tener 19 a\u00f1os o haberlos cumplido durante el a\u00f1o natural en el que se realiza la prueba.<\/p>\n<h3>Salidas profesionales<\/h3>\n<h4>Salidas acad\u00e9micas<\/h4>\n<p style=\"text-align: justify;\">Con estos estudios se obtiene el t\u00edtulo de t\u00e9cnico superior o t\u00e9cnica superior que permite acceder a cualquier estudio universitario oficial de grado. Las personas que se han graduado en un ciclo formativo de grado superior pueden obtener convalidaci\u00f3n de cr\u00e9ditos universitarios ECTS.<\/p>\n<h4>Salidas laborales<\/h4>\n<p style=\"text-align: justify;\">La superaci\u00f3n de este ciclo formativo permite acceder al\u00a0<strong>mundo laboral<\/strong>\u00a0como:<\/p>\n<ul>\n<li style=\"text-align: justify;\">T\u00e8cnic o t\u00e8cnica en desenvolupament d\u2019aplicacions inform\u00e0tiques per a la gesti\u00f3 empresarial i de negocis.<\/li>\n<li style=\"text-align: justify;\">T\u00e8cnic o t\u00e8cnica en desenvolupament d\u2019aplicacions inform\u00e0tiques de prop\u00f2sit general.<\/li>\n<li style=\"text-align: justify;\">T\u00e8cnic o t\u00e8cnica en desenvolupament d\u2019aplicacions inform\u00e0tiques en l\u2019\u00e0mbit de l\u2019entreteniment i de la inform\u00e0tica m\u00f2bil.<\/li>\n<li style=\"text-align: justify;\">T\u00e8cnic o t\u00e8cnica en desenvolupament d\u2019aplicacions en entorns web.<\/li>\n<li style=\"text-align: justify;\">Programador web.<\/li>\n<li style=\"text-align: justify;\">Programador multim\u00e8dia.<\/li>\n<\/ul>\n<h3>Puedes estudiar este ciclo en\u2026<\/h3>\n\t\t<div data-elementor-type=\"page\" data-elementor-id=\"2805\" class=\"elementor elementor-2805\" data-elementor-post-type=\"elementor_library\">\n\t\t\t\t\t\t<section class=\"elementor-section elementor-top-section elementor-element elementor-element-2c82e0f elementor-section-full_width elementor-section-height-default elementor-section-height-default\" data-id=\"2c82e0f\" data-element_type=\"section\" data-e-type=\"section\">\n\t\t\t\t\t\t<div class=\"elementor-container elementor-column-gap-no\">\n\t\t\t\t\t<div class=\"elementor-column elementor-col-100 elementor-top-column elementor-element elementor-element-1a8c49d\" data-id=\"1a8c49d\" data-element_type=\"column\" data-e-type=\"column\">\n\t\t\t<div class=\"elementor-widget-wrap elementor-element-populated\">\n\t\t\t\t\t\t<section class=\"elementor-section elementor-inner-section elementor-element elementor-element-7768134 elementor-section-full_width elementor-section-height-default elementor-section-height-default\" data-id=\"7768134\" data-element_type=\"section\" data-e-type=\"section\">\n\t\t\t\t\t\t<div class=\"elementor-container elementor-column-gap-narrow\">\n\t\t\t\t\t<div class=\"elementor-column elementor-col-16 elementor-inner-column elementor-element elementor-element-817477e\" data-id=\"817477e\" data-element_type=\"column\" data-e-type=\"column\">\n\t\t\t<div class=\"elementor-widget-wrap elementor-element-populated\">\n\t\t\t\t\t\t<div class=\"elementor-element elementor-element-634ac2f elementor-widget elementor-widget-image\" data-id=\"634ac2f\" data-element_type=\"widget\" data-e-type=\"widget\" data-widget_type=\"image.default\">\n\t\t\t\t\t\t\t\t\t\t\t\t\t\t\t<img fetchpriority=\"high\" decoding=\"async\" width=\"600\" height=\"370\" src=\"https:\/\/www.fpbaixemporda.com\/wp-content\/uploads\/2026\/04\/IES-Baix-Emporda.jpg\" class=\"attachment-full size-full wp-image-5756\" alt=\"INS Baix Empord\u00e0 | FP Baix Empord\u00e0\" srcset=\"https:\/\/www.fpbaixemporda.com\/wp-content\/uploads\/2026\/04\/IES-Baix-Emporda.jpg 600w, https:\/\/www.fpbaixemporda.com\/wp-content\/uploads\/2026\/04\/IES-Baix-Emporda-300x185.jpg 300w, https:\/\/www.fpbaixemporda.com\/wp-content\/uploads\/2026\/04\/IES-Baix-Emporda-18x12.jpg 18w\" sizes=\"(max-width: 600px) 100vw, 600px\" \/>\t\t\t\t\t\t\t\t\t\t\t\t\t\t\t<\/div>\n\t\t\t\t\t<\/div>\n\t\t<\/div>\n\t\t\t\t<div class=\"elementor-column elementor-col-16 elementor-inner-column elementor-element elementor-element-f8b963e\" data-id=\"f8b963e\" data-element_type=\"column\" data-e-type=\"column\">\n\t\t\t<div class=\"elementor-widget-wrap elementor-element-populated\">\n\t\t\t\t\t\t<div class=\"elementor-element elementor-element-080f1dc elementor-widget elementor-widget-image\" data-id=\"080f1dc\" data-element_type=\"widget\" data-e-type=\"widget\" data-widget_type=\"image.default\">\n\t\t\t\t\t\t\t\t\t\t\t\t\t\t\t<img decoding=\"async\" width=\"600\" height=\"370\" src=\"https:\/\/www.fpbaixemporda.com\/wp-content\/uploads\/2020\/02\/IES-La-Bisbal.jpg\" class=\"attachment-full size-full wp-image-615\" alt=\"INS La Bisbal | FP Baix Empord\u00e0\" srcset=\"https:\/\/www.fpbaixemporda.com\/wp-content\/uploads\/2020\/02\/IES-La-Bisbal.jpg 600w, https:\/\/www.fpbaixemporda.com\/wp-content\/uploads\/2020\/02\/IES-La-Bisbal-300x185.jpg 300w\" sizes=\"(max-width: 600px) 100vw, 600px\" \/>\t\t\t\t\t\t\t\t\t\t\t\t\t\t\t<\/div>\n\t\t\t\t\t<\/div>\n\t\t<\/div>\n\t\t\t\t<div class=\"elementor-column elementor-col-16 elementor-inner-column elementor-element elementor-element-1ab8d13\" data-id=\"1ab8d13\" data-element_type=\"column\" data-e-type=\"column\">\n\t\t\t<div class=\"elementor-widget-wrap elementor-element-populated\">\n\t\t\t\t\t\t<div class=\"elementor-element elementor-element-2af1c5b elementor-widget elementor-widget-image\" data-id=\"2af1c5b\" data-element_type=\"widget\" data-e-type=\"widget\" data-widget_type=\"image.default\">\n\t\t\t\t\t\t\t\t\t\t\t\t\t\t\t<img decoding=\"async\" width=\"600\" height=\"370\" src=\"https:\/\/www.fpbaixemporda.com\/wp-content\/uploads\/2020\/02\/IES-Montgr\u00ed.jpg\" class=\"attachment-full size-full wp-image-623\" alt=\"INS Montgr\u00ed | FP Baix Empord\u00e0\" srcset=\"https:\/\/www.fpbaixemporda.com\/wp-content\/uploads\/2020\/02\/IES-Montgr\u00ed.jpg 600w, https:\/\/www.fpbaixemporda.com\/wp-content\/uploads\/2020\/02\/IES-Montgr\u00ed-300x185.jpg 300w\" sizes=\"(max-width: 600px) 100vw, 600px\" \/>\t\t\t\t\t\t\t\t\t\t\t\t\t\t\t<\/div>\n\t\t\t\t\t<\/div>\n\t\t<\/div>\n\t\t\t\t<div class=\"elementor-column elementor-col-16 elementor-inner-column elementor-element elementor-element-a9dc0f6\" data-id=\"a9dc0f6\" data-element_type=\"column\" data-e-type=\"column\">\n\t\t\t<div class=\"elementor-widget-wrap elementor-element-populated\">\n\t\t\t\t\t\t<div class=\"elementor-element elementor-element-d9da26b elementor-widget elementor-widget-image\" data-id=\"d9da26b\" data-element_type=\"widget\" data-e-type=\"widget\" data-widget_type=\"image.default\">\n\t\t\t\t\t\t\t\t\t\t\t\t\t\t\t\t<a href=\"https:\/\/www.fpbaixemporda.com\/es\/ins-palamos\/\">\n\t\t\t\t\t\t\t<img loading=\"lazy\" decoding=\"async\" width=\"600\" height=\"370\" src=\"https:\/\/www.fpbaixemporda.com\/wp-content\/uploads\/2020\/02\/IES-Palam\u00f3s.jpg\" class=\"attachment-full size-full wp-image-626\" alt=\"INS Palam\u00f3s | FP Baix Empord\u00e0\" srcset=\"https:\/\/www.fpbaixemporda.com\/wp-content\/uploads\/2020\/02\/IES-Palam\u00f3s.jpg 600w, https:\/\/www.fpbaixemporda.com\/wp-content\/uploads\/2020\/02\/IES-Palam\u00f3s-300x185.jpg 300w\" sizes=\"(max-width: 600px) 100vw, 600px\" \/>\t\t\t\t\t\t\t\t<\/a>\n\t\t\t\t\t\t\t\t\t\t\t\t\t\t\t<\/div>\n\t\t\t\t\t<\/div>\n\t\t<\/div>\n\t\t\t\t<div class=\"elementor-column elementor-col-16 elementor-inner-column elementor-element elementor-element-ff06431\" data-id=\"ff06431\" data-element_type=\"column\" data-e-type=\"column\">\n\t\t\t<div class=\"elementor-widget-wrap elementor-element-populated\">\n\t\t\t\t\t\t<div class=\"elementor-element elementor-element-c8f13ea elementor-widget elementor-widget-image\" data-id=\"c8f13ea\" data-element_type=\"widget\" data-e-type=\"widget\" data-widget_type=\"image.default\">\n\t\t\t\t\t\t\t\t\t\t\t\t\t\t\t<img loading=\"lazy\" decoding=\"async\" width=\"600\" height=\"370\" src=\"https:\/\/www.fpbaixemporda.com\/wp-content\/uploads\/2020\/02\/IES-Sant-Feliu.jpg\" class=\"attachment-full size-full wp-image-629\" alt=\"IES Sant Feliu | FP Baix Empord\u00e0\" srcset=\"https:\/\/www.fpbaixemporda.com\/wp-content\/uploads\/2020\/02\/IES-Sant-Feliu.jpg 600w, https:\/\/www.fpbaixemporda.com\/wp-content\/uploads\/2020\/02\/IES-Sant-Feliu-300x185.jpg 300w\" sizes=\"(max-width: 600px) 100vw, 600px\" \/>\t\t\t\t\t\t\t\t\t\t\t\t\t\t\t<\/div>\n\t\t\t\t\t<\/div>\n\t\t<\/div>\n\t\t\t\t<div class=\"elementor-column elementor-col-16 elementor-inner-column elementor-element elementor-element-d4c6243\" data-id=\"d4c6243\" data-element_type=\"column\" data-e-type=\"column\">\n\t\t\t<div class=\"elementor-widget-wrap elementor-element-populated\">\n\t\t\t\t\t\t<div class=\"elementor-element elementor-element-db13fea elementor-widget elementor-widget-image\" data-id=\"db13fea\" data-element_type=\"widget\" data-e-type=\"widget\" data-widget_type=\"image.default\">\n\t\t\t\t\t\t\t\t\t\t\t\t\t\t\t<img loading=\"lazy\" decoding=\"async\" width=\"600\" height=\"370\" src=\"https:\/\/www.fpbaixemporda.com\/wp-content\/uploads\/2023\/01\/Escola-Agraria-Monells.jpg\" class=\"attachment-full size-full wp-image-3962\" alt=\"Escuela Agraria Empord\u00e0 | FP Baix Empord\u00e0\" srcset=\"https:\/\/www.fpbaixemporda.com\/wp-content\/uploads\/2023\/01\/Escola-Agraria-Monells.jpg 600w, https:\/\/www.fpbaixemporda.com\/wp-content\/uploads\/2023\/01\/Escola-Agraria-Monells-300x185.jpg 300w\" sizes=\"(max-width: 600px) 100vw, 600px\" \/>\t\t\t\t\t\t\t\t\t\t\t\t\t\t\t<\/div>\n\t\t\t\t\t<\/div>\n\t\t<\/div>\n\t\t\t\t\t<\/div>\n\t\t<\/section>\n\t\t\t\t\t<\/div>\n\t\t<\/div>\n\t\t\t\t\t<\/div>\n\t\t<\/section>\n\t\t\t\t<\/div>","protected":false},"excerpt":{"rendered":"<p>Cicle dual Descripci\u00f3 Aquests estudis postobligatoris capaciten per desenvolupar, implantar, documentar i mantenir aplicacions inform\u00e0tiques multiplataforma i aplicacions web, utilitzant tecnologies i entorns de desenvolupament espec\u00edfics, garantint l\u2019acc\u00e9s a les dades de forma segura i complint els criteris d&#8217;usabilitat i qualitat exigides en els est\u00e0ndards establerts. Tenen una durada de 2.000 hores (1.485 en un<br \/><a class=\"moretag\" href=\"https:\/\/www.fpbaixemporda.com\/es\/cf-grau-superior\/desenvolupament-aplicacions-multiplataforma\/\">+ Read More<\/a><\/p>","protected":false},"author":1,"featured_media":534,"parent":189,"menu_order":0,"comment_status":"closed","ping_status":"closed","template":"templates\/page-fullwidth_template.php","meta":{"footnotes":""},"class_list":["post-234","page","type-page","status-publish","has-post-thumbnail","hentry"],"yoast_head":"<!-- This site is optimized with the Yoast SEO plugin v27.4 - https:\/\/yoast.com\/product\/yoast-seo-wordpress\/ -->\n<title>Desenvolupament aplicacions multiplataforma i aplicacions web - FP Baix Empord\u00e0<\/title>\n<meta name=\"robots\" content=\"index, follow, max-snippet:-1, max-image-preview:large, max-video-preview:-1\" \/>\n<link rel=\"canonical\" href=\"https:\/\/www.fpbaixemporda.com\/es\/cf-grau-superior\/desenvolupament-aplicacions-multiplataforma\/\" \/>\n<meta property=\"og:locale\" content=\"es_ES\" \/>\n<meta property=\"og:type\" content=\"article\" \/>\n<meta property=\"og:title\" content=\"Desenvolupament aplicacions multiplataforma i aplicacions web - FP Baix Empord\u00e0\" \/>\n<meta property=\"og:description\" content=\"Cicle dual Descripci\u00f3 Aquests estudis postobligatoris capaciten per desenvolupar, implantar, documentar i mantenir aplicacions inform\u00e0tiques multiplataforma i aplicacions web, utilitzant tecnologies i entorns de desenvolupament espec\u00edfics, garantint l\u2019acc\u00e9s a les dades de forma segura i complint els criteris d&#8217;usabilitat i qualitat exigides en els est\u00e0ndards establerts. Tenen una durada de 2.000 hores (1.485 en un+ Read More\" \/>\n<meta property=\"og:url\" content=\"https:\/\/www.fpbaixemporda.com\/es\/cf-grau-superior\/desenvolupament-aplicacions-multiplataforma\/\" \/>\n<meta property=\"og:site_name\" content=\"FP Baix Empord\u00e0\" \/>\n<meta property=\"article:publisher\" content=\"https:\/\/www.facebook.com\/fpbaixemporda\" \/>\n<meta property=\"article:modified_time\" content=\"2025-10-23T09:32:06+00:00\" \/>\n<meta property=\"og:image\" content=\"https:\/\/www.fpbaixemporda.com\/wp-content\/uploads\/2020\/02\/Desenvolupament-serveis-multiplataforma-FP-Baix-Empord\u00e0.jpg\" \/>\n\t<meta property=\"og:image:width\" content=\"1400\" \/>\n\t<meta property=\"og:image:height\" content=\"320\" \/>\n\t<meta property=\"og:image:type\" content=\"image\/jpeg\" \/>\n<meta name=\"twitter:card\" content=\"summary_large_image\" \/>\n<meta name=\"twitter:label1\" content=\"Tiempo de lectura\" \/>\n\t<meta name=\"twitter:data1\" content=\"3 minutos\" \/>\n<script type=\"application\/ld+json\" class=\"yoast-schema-graph\">{\"@context\":\"https:\\\/\\\/schema.org\",\"@graph\":[{\"@type\":\"WebPage\",\"@id\":\"https:\\\/\\\/www.fpbaixemporda.com\\\/cf-grau-superior\\\/desenvolupament-aplicacions-multiplataforma\\\/\",\"url\":\"https:\\\/\\\/www.fpbaixemporda.com\\\/cf-grau-superior\\\/desenvolupament-aplicacions-multiplataforma\\\/\",\"name\":\"Desenvolupament aplicacions multiplataforma i aplicacions web - FP Baix Empord\u00e0\",\"isPartOf\":{\"@id\":\"https:\\\/\\\/www.fpbaixemporda.com\\\/#website\"},\"primaryImageOfPage\":{\"@id\":\"https:\\\/\\\/www.fpbaixemporda.com\\\/cf-grau-superior\\\/desenvolupament-aplicacions-multiplataforma\\\/#primaryimage\"},\"image\":{\"@id\":\"https:\\\/\\\/www.fpbaixemporda.com\\\/cf-grau-superior\\\/desenvolupament-aplicacions-multiplataforma\\\/#primaryimage\"},\"thumbnailUrl\":\"https:\\\/\\\/www.fpbaixemporda.com\\\/wp-content\\\/uploads\\\/2020\\\/02\\\/Desenvolupament-serveis-multiplataforma-FP-Baix-Empord\u00e0.jpg\",\"datePublished\":\"2020-02-13T16:24:41+00:00\",\"dateModified\":\"2025-10-23T09:32:06+00:00\",\"breadcrumb\":{\"@id\":\"https:\\\/\\\/www.fpbaixemporda.com\\\/cf-grau-superior\\\/desenvolupament-aplicacions-multiplataforma\\\/#breadcrumb\"},\"inLanguage\":\"es\",\"potentialAction\":[{\"@type\":\"ReadAction\",\"target\":[\"https:\\\/\\\/www.fpbaixemporda.com\\\/cf-grau-superior\\\/desenvolupament-aplicacions-multiplataforma\\\/\"]}]},{\"@type\":\"ImageObject\",\"inLanguage\":\"es\",\"@id\":\"https:\\\/\\\/www.fpbaixemporda.com\\\/cf-grau-superior\\\/desenvolupament-aplicacions-multiplataforma\\\/#primaryimage\",\"url\":\"https:\\\/\\\/www.fpbaixemporda.com\\\/wp-content\\\/uploads\\\/2020\\\/02\\\/Desenvolupament-serveis-multiplataforma-FP-Baix-Empord\u00e0.jpg\",\"contentUrl\":\"https:\\\/\\\/www.fpbaixemporda.com\\\/wp-content\\\/uploads\\\/2020\\\/02\\\/Desenvolupament-serveis-multiplataforma-FP-Baix-Empord\u00e0.jpg\",\"width\":1400,\"height\":320,\"caption\":\"Desenvolupament serveis multiplataforma - FP Baix Empord\u00e0\"},{\"@type\":\"BreadcrumbList\",\"@id\":\"https:\\\/\\\/www.fpbaixemporda.com\\\/cf-grau-superior\\\/desenvolupament-aplicacions-multiplataforma\\\/#breadcrumb\",\"itemListElement\":[{\"@type\":\"ListItem\",\"position\":1,\"name\":\"Home\",\"item\":\"https:\\\/\\\/www.fpbaixemporda.com\\\/\"},{\"@type\":\"ListItem\",\"position\":2,\"name\":\"CF Grau superior\",\"item\":\"https:\\\/\\\/www.fpbaixemporda.com\\\/cf-grau-superior\\\/\"},{\"@type\":\"ListItem\",\"position\":3,\"name\":\"Desenvolupament aplicacions multiplataforma i aplicacions web\"}]},{\"@type\":\"WebSite\",\"@id\":\"https:\\\/\\\/www.fpbaixemporda.com\\\/#website\",\"url\":\"https:\\\/\\\/www.fpbaixemporda.com\\\/\",\"name\":\"FP Baix Empord\u00e0\",\"description\":\"El teu futur en bones mans\",\"publisher\":{\"@id\":\"https:\\\/\\\/www.fpbaixemporda.com\\\/#organization\"},\"potentialAction\":[{\"@type\":\"SearchAction\",\"target\":{\"@type\":\"EntryPoint\",\"urlTemplate\":\"https:\\\/\\\/www.fpbaixemporda.com\\\/?s={search_term_string}\"},\"query-input\":{\"@type\":\"PropertyValueSpecification\",\"valueRequired\":true,\"valueName\":\"search_term_string\"}}],\"inLanguage\":\"es\"},{\"@type\":\"Organization\",\"@id\":\"https:\\\/\\\/www.fpbaixemporda.com\\\/#organization\",\"name\":\"FP Baix Empord\u00e0\",\"url\":\"https:\\\/\\\/www.fpbaixemporda.com\\\/\",\"logo\":{\"@type\":\"ImageObject\",\"inLanguage\":\"es\",\"@id\":\"https:\\\/\\\/www.fpbaixemporda.com\\\/#\\\/schema\\\/logo\\\/image\\\/\",\"url\":\"https:\\\/\\\/www.fpbaixemporda.com\\\/wp-content\\\/uploads\\\/2020\\\/02\\\/FP-Baix-Empord\u00e0-Logo.png\",\"contentUrl\":\"https:\\\/\\\/www.fpbaixemporda.com\\\/wp-content\\\/uploads\\\/2020\\\/02\\\/FP-Baix-Empord\u00e0-Logo.png\",\"width\":180,\"height\":117,\"caption\":\"FP Baix Empord\u00e0\"},\"image\":{\"@id\":\"https:\\\/\\\/www.fpbaixemporda.com\\\/#\\\/schema\\\/logo\\\/image\\\/\"},\"sameAs\":[\"https:\\\/\\\/www.facebook.com\\\/fpbaixemporda\",\"https:\\\/\\\/www.instagram.com\\\/fp_baixemporda\\\/\"]}]}<\/script>\n<!-- \/ Yoast SEO plugin. -->","yoast_head_json":{"title":"Desenvolupament aplicacions multiplataforma i aplicacions web - FP Baix Empord\u00e0","robots":{"index":"index","follow":"follow","max-snippet":"max-snippet:-1","max-image-preview":"max-image-preview:large","max-video-preview":"max-video-preview:-1"},"canonical":"https:\/\/www.fpbaixemporda.com\/es\/cf-grau-superior\/desenvolupament-aplicacions-multiplataforma\/","og_locale":"es_ES","og_type":"article","og_title":"Desenvolupament aplicacions multiplataforma i aplicacions web - FP Baix Empord\u00e0","og_description":"Cicle dual Descripci\u00f3 Aquests estudis postobligatoris capaciten per desenvolupar, implantar, documentar i mantenir aplicacions inform\u00e0tiques multiplataforma i aplicacions web, utilitzant tecnologies i entorns de desenvolupament espec\u00edfics, garantint l\u2019acc\u00e9s a les dades de forma segura i complint els criteris d&#8217;usabilitat i qualitat exigides en els est\u00e0ndards establerts. Tenen una durada de 2.000 hores (1.485 en un+ Read More","og_url":"https:\/\/www.fpbaixemporda.com\/es\/cf-grau-superior\/desenvolupament-aplicacions-multiplataforma\/","og_site_name":"FP Baix Empord\u00e0","article_publisher":"https:\/\/www.facebook.com\/fpbaixemporda","article_modified_time":"2025-10-23T09:32:06+00:00","og_image":[{"width":1400,"height":320,"url":"https:\/\/www.fpbaixemporda.com\/wp-content\/uploads\/2020\/02\/Desenvolupament-serveis-multiplataforma-FP-Baix-Empord\u00e0.jpg","type":"image\/jpeg"}],"twitter_card":"summary_large_image","twitter_misc":{"Tiempo de lectura":"3 minutos"},"schema":{"@context":"https:\/\/schema.org","@graph":[{"@type":"WebPage","@id":"https:\/\/www.fpbaixemporda.com\/cf-grau-superior\/desenvolupament-aplicacions-multiplataforma\/","url":"https:\/\/www.fpbaixemporda.com\/cf-grau-superior\/desenvolupament-aplicacions-multiplataforma\/","name":"Desenvolupament aplicacions multiplataforma i aplicacions web - FP Baix Empord\u00e0","isPartOf":{"@id":"https:\/\/www.fpbaixemporda.com\/#website"},"primaryImageOfPage":{"@id":"https:\/\/www.fpbaixemporda.com\/cf-grau-superior\/desenvolupament-aplicacions-multiplataforma\/#primaryimage"},"image":{"@id":"https:\/\/www.fpbaixemporda.com\/cf-grau-superior\/desenvolupament-aplicacions-multiplataforma\/#primaryimage"},"thumbnailUrl":"https:\/\/www.fpbaixemporda.com\/wp-content\/uploads\/2020\/02\/Desenvolupament-serveis-multiplataforma-FP-Baix-Empord\u00e0.jpg","datePublished":"2020-02-13T16:24:41+00:00","dateModified":"2025-10-23T09:32:06+00:00","breadcrumb":{"@id":"https:\/\/www.fpbaixemporda.com\/cf-grau-superior\/desenvolupament-aplicacions-multiplataforma\/#breadcrumb"},"inLanguage":"es","potentialAction":[{"@type":"ReadAction","target":["https:\/\/www.fpbaixemporda.com\/cf-grau-superior\/desenvolupament-aplicacions-multiplataforma\/"]}]},{"@type":"ImageObject","inLanguage":"es","@id":"https:\/\/www.fpbaixemporda.com\/cf-grau-superior\/desenvolupament-aplicacions-multiplataforma\/#primaryimage","url":"https:\/\/www.fpbaixemporda.com\/wp-content\/uploads\/2020\/02\/Desenvolupament-serveis-multiplataforma-FP-Baix-Empord\u00e0.jpg","contentUrl":"https:\/\/www.fpbaixemporda.com\/wp-content\/uploads\/2020\/02\/Desenvolupament-serveis-multiplataforma-FP-Baix-Empord\u00e0.jpg","width":1400,"height":320,"caption":"Desenvolupament serveis multiplataforma - FP Baix Empord\u00e0"},{"@type":"BreadcrumbList","@id":"https:\/\/www.fpbaixemporda.com\/cf-grau-superior\/desenvolupament-aplicacions-multiplataforma\/#breadcrumb","itemListElement":[{"@type":"ListItem","position":1,"name":"Home","item":"https:\/\/www.fpbaixemporda.com\/"},{"@type":"ListItem","position":2,"name":"CF Grau superior","item":"https:\/\/www.fpbaixemporda.com\/cf-grau-superior\/"},{"@type":"ListItem","position":3,"name":"Desenvolupament aplicacions multiplataforma i aplicacions web"}]},{"@type":"WebSite","@id":"https:\/\/www.fpbaixemporda.com\/#website","url":"https:\/\/www.fpbaixemporda.com\/","name":"FP Baix Empord\u00e0","description":"El teu futur en bones mans","publisher":{"@id":"https:\/\/www.fpbaixemporda.com\/#organization"},"potentialAction":[{"@type":"SearchAction","target":{"@type":"EntryPoint","urlTemplate":"https:\/\/www.fpbaixemporda.com\/?s={search_term_string}"},"query-input":{"@type":"PropertyValueSpecification","valueRequired":true,"valueName":"search_term_string"}}],"inLanguage":"es"},{"@type":"Organization","@id":"https:\/\/www.fpbaixemporda.com\/#organization","name":"FP Baix Empord\u00e0","url":"https:\/\/www.fpbaixemporda.com\/","logo":{"@type":"ImageObject","inLanguage":"es","@id":"https:\/\/www.fpbaixemporda.com\/#\/schema\/logo\/image\/","url":"https:\/\/www.fpbaixemporda.com\/wp-content\/uploads\/2020\/02\/FP-Baix-Empord\u00e0-Logo.png","contentUrl":"https:\/\/www.fpbaixemporda.com\/wp-content\/uploads\/2020\/02\/FP-Baix-Empord\u00e0-Logo.png","width":180,"height":117,"caption":"FP Baix Empord\u00e0"},"image":{"@id":"https:\/\/www.fpbaixemporda.com\/#\/schema\/logo\/image\/"},"sameAs":["https:\/\/www.facebook.com\/fpbaixemporda","https:\/\/www.instagram.com\/fp_baixemporda\/"]}]}},"_links":{"self":[{"href":"https:\/\/www.fpbaixemporda.com\/es\/wp-json\/wp\/v2\/pages\/234","targetHints":{"allow":["GET"]}}],"collection":[{"href":"https:\/\/www.fpbaixemporda.com\/es\/wp-json\/wp\/v2\/pages"}],"about":[{"href":"https:\/\/www.fpbaixemporda.com\/es\/wp-json\/wp\/v2\/types\/page"}],"author":[{"embeddable":true,"href":"https:\/\/www.fpbaixemporda.com\/es\/wp-json\/wp\/v2\/users\/1"}],"replies":[{"embeddable":true,"href":"https:\/\/www.fpbaixemporda.com\/es\/wp-json\/wp\/v2\/comments?post=234"}],"version-history":[{"count":2,"href":"https:\/\/www.fpbaixemporda.com\/es\/wp-json\/wp\/v2\/pages\/234\/revisions"}],"predecessor-version":[{"id":5334,"href":"https:\/\/www.fpbaixemporda.com\/es\/wp-json\/wp\/v2\/pages\/234\/revisions\/5334"}],"up":[{"embeddable":true,"href":"https:\/\/www.fpbaixemporda.com\/es\/wp-json\/wp\/v2\/pages\/189"}],"wp:featuredmedia":[{"embeddable":true,"href":"https:\/\/www.fpbaixemporda.com\/es\/wp-json\/wp\/v2\/media\/534"}],"wp:attachment":[{"href":"https:\/\/www.fpbaixemporda.com\/es\/wp-json\/wp\/v2\/media?parent=234"}],"curies":[{"name":"wp","href":"https:\/\/api.w.org\/{rel}","templated":true}]}}