{"id":262,"date":"2020-02-13T17:34:04","date_gmt":"2020-02-13T16:34:04","guid":{"rendered":"https:\/\/www.fpbaixemporda.com\/?page_id=262"},"modified":"2026-04-15T15:10:48","modified_gmt":"2026-04-15T13:10:48","slug":"blog","status":"publish","type":"page","link":"https:\/\/www.fpbaixemporda.com\/es\/blog\/","title":{"rendered":"Blog"},"content":{"rendered":"<div data-elementor-type=\"wp-page\" data-elementor-id=\"262\" class=\"elementor elementor-262\" data-elementor-post-type=\"page\">\n\t\t\t\t\t\t<section class=\"elementor-section elementor-top-section elementor-element elementor-element-358b99b elementor-section-full_width elementor-section-height-default elementor-section-height-default\" data-id=\"358b99b\" data-element_type=\"section\" data-e-type=\"section\">\n\t\t\t\t\t\t<div class=\"elementor-container elementor-column-gap-no\">\n\t\t\t\t\t<div class=\"elementor-column elementor-col-100 elementor-top-column elementor-element elementor-element-7e210dc\" data-id=\"7e210dc\" data-element_type=\"column\" data-e-type=\"column\">\n\t\t\t<div class=\"elementor-widget-wrap elementor-element-populated\">\n\t\t\t\t\t\t<div class=\"elementor-element elementor-element-46f9c66 premium-blog-align-center elementor-widget elementor-widget-premium-addon-blog\" data-id=\"46f9c66\" data-element_type=\"widget\" data-e-type=\"widget\" data-settings=\"{&quot;premium_blog_columns_number&quot;:&quot;100%&quot;,&quot;premium_blog_columns_number_tablet&quot;:&quot;100%&quot;,&quot;premium_blog_grid&quot;:&quot;yes&quot;,&quot;premium_blog_layout&quot;:&quot;even&quot;,&quot;premium_blog_columns_number_mobile&quot;:&quot;100%&quot;,&quot;scroll_to_offset&quot;:&quot;yes&quot;}\" data-widget_type=\"premium-addon-blog.default\">\n\t\t\t\t\t\n\t\t\n\n\t\t\t\t<div class=\"premium-blog-wrap  premium-blog-even\" data-page=\"262\" data-pagination=\"true\">\n\t\t\t\t\t\t\t\t\t<div class=\"premium-blog-post-outer-container\" data-total=\"4\">\n\t\t\t<div class=\"premium-blog-post-container premium-blog-skin-modern\">\n\t\t\t\t\t\t\t\t\t<div class=\"premium-blog-thumb-effect-wrapper\">\n\t\t\t\t\t\t<div class=\"premium-blog-thumbnail-container premium-blog-zoomin-effect\">\n\t\t\t\t\t\t\t\t\t\t\t<a href=\"https:\/\/www.fpbaixemporda.com\/es\/dos-alumnes-dinstitut-la-bisbal-guanyen-medalla-al-campionat-spainskills-de-formacio-professional\/\" target=\"_self\">\n\t\t\t\t<img fetchpriority=\"high\" decoding=\"async\" width=\"900\" height=\"675\" src=\"https:\/\/www.fpbaixemporda.com\/wp-content\/uploads\/2026\/03\/FP-Baix-Emporda-Blog-Dos-alumnes-dInstitut-La-Bisbal-guanyen-medalla-al-campionat-Spainskills-de-formacio-professional.jpg\" class=\"attachment-full size-full wp-image-5620\" alt=\"FP Baix Empord\u00e0 - Blog - Dos alumnos de Instituto La Bisbal ganan medalla en el campeonato Spainskills de formaci\u00f3n profesional\" srcset=\"https:\/\/www.fpbaixemporda.com\/wp-content\/uploads\/2026\/03\/FP-Baix-Emporda-Blog-Dos-alumnes-dInstitut-La-Bisbal-guanyen-medalla-al-campionat-Spainskills-de-formacio-professional.jpg 900w, https:\/\/www.fpbaixemporda.com\/wp-content\/uploads\/2026\/03\/FP-Baix-Emporda-Blog-Dos-alumnes-dInstitut-La-Bisbal-guanyen-medalla-al-campionat-Spainskills-de-formacio-professional-300x225.jpg 300w, https:\/\/www.fpbaixemporda.com\/wp-content\/uploads\/2026\/03\/FP-Baix-Emporda-Blog-Dos-alumnes-dInstitut-La-Bisbal-guanyen-medalla-al-campionat-Spainskills-de-formacio-professional-768x576.jpg 768w, https:\/\/www.fpbaixemporda.com\/wp-content\/uploads\/2026\/03\/FP-Baix-Emporda-Blog-Dos-alumnes-dInstitut-La-Bisbal-guanyen-medalla-al-campionat-Spainskills-de-formacio-professional-16x12.jpg 16w\" sizes=\"(max-width: 900px) 100vw, 900px\" \/>\t\t\t\t<\/a>\n\t\t\t\t\t\t\t\t\t\t<\/div>\n\t\t\t\t\t\t\t\t\t\t\t\t\t<div class=\"premium-blog-effect-container premium-blog-framed-effect\">\n\t\t\t\t\t\t\t\t<a class=\"premium-blog-post-link\" href=\"https:\/\/www.fpbaixemporda.com\/es\/dos-alumnes-dinstitut-la-bisbal-guanyen-medalla-al-campionat-spainskills-de-formacio-professional\/\" target=\"_self\"><span>Dos alumnos de Instituto La Bisbal ganan medalla en el campeonato Spainskills de formaci\u00f3n profesional<\/span><\/a>\n\t\t\t\t\t\t\t\t\t\t\t\t\t\t\t<\/div>\n\t\t\t\t\t\t\t\t\t\t\t<\/div>\n\t\t\t\t\t\t\t\t\t\t\t\t<div class=\"premium-blog-content-wrapper\">\n\n\t\t\t\t\t<div class=\"premium-blog-inner-container\">\n\n\t\t\t\t\t\t\t\t\t\t\t\t\t\t<h3 class=\"premium-blog-entry-title\">\n\t\t\t<a href=\"https:\/\/www.fpbaixemporda.com\/es\/dos-alumnes-dinstitut-la-bisbal-guanyen-medalla-al-campionat-spainskills-de-formacio-professional\/\" target=\"_self\">\n\t\t\t\tDos alumnos de Instituto La Bisbal ganan medalla en el campeonato Spainskills de formaci\u00f3n profesional\t\t\t<\/a>\n\t\t<\/h3>\n\t\t\t\t<div class=\"premium-blog-entry-meta\">\n\t\t\t\n\t\t\t\n\t\t\t\n\t\t\t\t\t<\/div>\n\t\t\n\t\t\t\t\t<\/div>\n\n\t\t\t\t\t\t\t<div class=\"premium-blog-content-inner-wrapper\">\n\t\t<p class=\"premium-blog-post-content\"><p style=\"text-align: justify\">Catalu\u00f1a ha obtenido un total de 10 medallas en su participaci\u00f3n en el campeonato Spainskills, un concurso estatal de formaci\u00f3n profesional que premia a los alumnos de FP que desarrollan sus habilidades o skills en diferentes pruebas ante un jurado.<\/p>\r\n<p style=\"text-align: justify\">Brian Zavala Cerrato y Arnau Tejero Ferrer, del Instituto La Bisbal han obtenido medalla de bronce en el skill de Jardiner\u00eda y paisajismo.<\/p><\/p><div class=\"premium-blog-excerpt-link-wrap\"><a href=\"https:\/\/www.fpbaixemporda.com\/es\/dos-alumnes-dinstitut-la-bisbal-guanyen-medalla-al-campionat-spainskills-de-formacio-professional\/\" target=\"_self\" class=\"premium-blog-excerpt-link elementor-button\">LEER M\u00c1S<\/a><\/div>\t\t<\/div>\n\t\t\t\t\t\t\t\n\t\t\t\t<\/div>\n\t\t\t<\/div>\n\t\t<\/div>\n\n\t\t\t\t<div class=\"premium-blog-post-outer-container\" data-total=\"4\">\n\t\t\t<div class=\"premium-blog-post-container premium-blog-skin-modern\">\n\t\t\t\t\t\t\t\t\t<div class=\"premium-blog-thumb-effect-wrapper\">\n\t\t\t\t\t\t<div class=\"premium-blog-thumbnail-container premium-blog-zoomin-effect\">\n\t\t\t\t\t\t\t\t\t\t\t<a href=\"https:\/\/www.fpbaixemporda.com\/es\/formacio-en-centre-de-treball-a-life-del-cee-cepsir-els-angels-de-palamos\/\" target=\"_self\">\n\t\t\t\t<img decoding=\"async\" width=\"900\" height=\"675\" src=\"https:\/\/www.fpbaixemporda.com\/wp-content\/uploads\/2025\/04\/FP-Baix-Emporda-Blog-Formacio-en-Centre-de-Treball-a-lIFE-del-CEE-CEPSIR-Els-Angels-de-Palamos-01.jpg\" class=\"attachment-full size-full wp-image-5177\" alt=\"FP Baix Empord\u00e0 - Blog - Formaci\u00f3n en Centro de Trabajo en el IFE del CEE - CEPSIR Els \u00c0ngels de Palam\u00f3s\" srcset=\"https:\/\/www.fpbaixemporda.com\/wp-content\/uploads\/2025\/04\/FP-Baix-Emporda-Blog-Formacio-en-Centre-de-Treball-a-lIFE-del-CEE-CEPSIR-Els-Angels-de-Palamos-01.jpg 900w, https:\/\/www.fpbaixemporda.com\/wp-content\/uploads\/2025\/04\/FP-Baix-Emporda-Blog-Formacio-en-Centre-de-Treball-a-lIFE-del-CEE-CEPSIR-Els-Angels-de-Palamos-01-300x225.jpg 300w, https:\/\/www.fpbaixemporda.com\/wp-content\/uploads\/2025\/04\/FP-Baix-Emporda-Blog-Formacio-en-Centre-de-Treball-a-lIFE-del-CEE-CEPSIR-Els-Angels-de-Palamos-01-768x576.jpg 768w\" sizes=\"(max-width: 900px) 100vw, 900px\" \/>\t\t\t\t<\/a>\n\t\t\t\t\t\t\t\t\t\t<\/div>\n\t\t\t\t\t\t\t\t\t\t\t\t\t<div class=\"premium-blog-effect-container premium-blog-framed-effect\">\n\t\t\t\t\t\t\t\t<a class=\"premium-blog-post-link\" href=\"https:\/\/www.fpbaixemporda.com\/es\/formacio-en-centre-de-treball-a-life-del-cee-cepsir-els-angels-de-palamos\/\" target=\"_self\"><span>Formaci\u00f3n en Centro de Trabajo en el IFE del CEE - CEPSIR Els \u00c0ngels de Palam\u00f3s<\/span><\/a>\n\t\t\t\t\t\t\t\t\t\t\t\t\t\t\t<\/div>\n\t\t\t\t\t\t\t\t\t\t\t<\/div>\n\t\t\t\t\t\t\t\t\t\t\t\t<div class=\"premium-blog-content-wrapper\">\n\n\t\t\t\t\t<div class=\"premium-blog-inner-container\">\n\n\t\t\t\t\t\t\t\t\t\t\t\t\t\t<h3 class=\"premium-blog-entry-title\">\n\t\t\t<a href=\"https:\/\/www.fpbaixemporda.com\/es\/formacio-en-centre-de-treball-a-life-del-cee-cepsir-els-angels-de-palamos\/\" target=\"_self\">\n\t\t\t\tFormaci\u00f3n en Centro de Trabajo en el IFE del CEE - CEPSIR Els \u00c0ngels de Palam\u00f3s\t\t\t<\/a>\n\t\t<\/h3>\n\t\t\t\t<div class=\"premium-blog-entry-meta\">\n\t\t\t\n\t\t\t\n\t\t\t\n\t\t\t\t\t<\/div>\n\t\t\n\t\t\t\t\t<\/div>\n\n\t\t\t\t\t\t\t<div class=\"premium-blog-content-inner-wrapper\">\n\t\t<p class=\"premium-blog-post-content\"><p style=\"text-align: justify\">La formaci\u00f3n en el centro de trabajo se realiza durante 385 horas en el cuarto curso del IFE. Este a\u00f1o el alumnado ha iniciado estas pr\u00e1cticas en septiembre y finalizar\u00e1n en junio. Es una experiencia formativa que les aproxima a la realidad del mundo laboral y les permite poner en pr\u00e1ctica todas las capacidades claves que se han trabajado durante los tres a\u00f1os anteriores.<\/p><\/p><div class=\"premium-blog-excerpt-link-wrap\"><a href=\"https:\/\/www.fpbaixemporda.com\/es\/formacio-en-centre-de-treball-a-life-del-cee-cepsir-els-angels-de-palamos\/\" target=\"_self\" class=\"premium-blog-excerpt-link elementor-button\">LEER M\u00c1S<\/a><\/div>\t\t<\/div>\n\t\t\t\t\t\t\t\n\t\t\t\t<\/div>\n\t\t\t<\/div>\n\t\t<\/div>\n\n\t\t\t\t<div class=\"premium-blog-post-outer-container\" data-total=\"4\">\n\t\t\t<div class=\"premium-blog-post-container premium-blog-skin-modern\">\n\t\t\t\t\t\t\t\t\t<div class=\"premium-blog-thumb-effect-wrapper\">\n\t\t\t\t\t\t<div class=\"premium-blog-thumbnail-container premium-blog-zoomin-effect\">\n\t\t\t\t\t\t\t\t\t\t\t<a href=\"https:\/\/www.fpbaixemporda.com\/es\/el-cfgs-de-processos-i-qualitat-en-industries-alimentaries-una-aposta-de-futur-a-lescola-agraria-i-alimentaria-de-lemporda\/\" target=\"_self\">\n\t\t\t\t<img decoding=\"async\" width=\"900\" height=\"600\" src=\"https:\/\/www.fpbaixemporda.com\/wp-content\/uploads\/2025\/04\/FP-Baix-Emporda-Blog-El-CFGS-de-Processos-i-Qualitat-en-Industries-Alimentaries-una-aposta-de-futur-a-lEscola-Agraria-i-Alimentaria-de-lEmporda-01.jpg\" class=\"attachment-full size-full wp-image-5160\" alt=\"FP Baix Empord\u00e0 - Blog - El CFGS de Procesos y Calidad en Industrias Alimentarias, una apuesta de futuro en la Escuela Agraria y Alimentaria del Empord\u00e0\" srcset=\"https:\/\/www.fpbaixemporda.com\/wp-content\/uploads\/2025\/04\/FP-Baix-Emporda-Blog-El-CFGS-de-Processos-i-Qualitat-en-Industries-Alimentaries-una-aposta-de-futur-a-lEscola-Agraria-i-Alimentaria-de-lEmporda-01.jpg 900w, https:\/\/www.fpbaixemporda.com\/wp-content\/uploads\/2025\/04\/FP-Baix-Emporda-Blog-El-CFGS-de-Processos-i-Qualitat-en-Industries-Alimentaries-una-aposta-de-futur-a-lEscola-Agraria-i-Alimentaria-de-lEmporda-01-300x200.jpg 300w, https:\/\/www.fpbaixemporda.com\/wp-content\/uploads\/2025\/04\/FP-Baix-Emporda-Blog-El-CFGS-de-Processos-i-Qualitat-en-Industries-Alimentaries-una-aposta-de-futur-a-lEscola-Agraria-i-Alimentaria-de-lEmporda-01-768x512.jpg 768w\" sizes=\"(max-width: 900px) 100vw, 900px\" \/>\t\t\t\t<\/a>\n\t\t\t\t\t\t\t\t\t\t<\/div>\n\t\t\t\t\t\t\t\t\t\t\t\t\t<div class=\"premium-blog-effect-container premium-blog-framed-effect\">\n\t\t\t\t\t\t\t\t<a class=\"premium-blog-post-link\" href=\"https:\/\/www.fpbaixemporda.com\/es\/el-cfgs-de-processos-i-qualitat-en-industries-alimentaries-una-aposta-de-futur-a-lescola-agraria-i-alimentaria-de-lemporda\/\" target=\"_self\"><span>El CFGS de Procesos y Calidad en Industrias Alimentarias, una apuesta de futuro en la Escuela Agraria y Alimentaria del Empord\u00e0<\/span><\/a>\n\t\t\t\t\t\t\t\t\t\t\t\t\t\t\t<\/div>\n\t\t\t\t\t\t\t\t\t\t\t<\/div>\n\t\t\t\t\t\t\t\t\t\t\t\t<div class=\"premium-blog-content-wrapper\">\n\n\t\t\t\t\t<div class=\"premium-blog-inner-container\">\n\n\t\t\t\t\t\t\t\t\t\t\t\t\t\t<h3 class=\"premium-blog-entry-title\">\n\t\t\t<a href=\"https:\/\/www.fpbaixemporda.com\/es\/el-cfgs-de-processos-i-qualitat-en-industries-alimentaries-una-aposta-de-futur-a-lescola-agraria-i-alimentaria-de-lemporda\/\" target=\"_self\">\n\t\t\t\tEl CFGS de Procesos y Calidad en Industrias Alimentarias, una apuesta de futuro en la Escuela Agraria y Alimentaria del Empord\u00e0\t\t\t<\/a>\n\t\t<\/h3>\n\t\t\t\t<div class=\"premium-blog-entry-meta\">\n\t\t\t\n\t\t\t\n\t\t\t\n\t\t\t\t\t<\/div>\n\t\t\n\t\t\t\t\t<\/div>\n\n\t\t\t\t\t\t\t<div class=\"premium-blog-content-inner-wrapper\">\n\t\t<p class=\"premium-blog-post-content\"><p style=\"text-align: justify\" class=\"translation-block\">El <strong>sector agroalimentario<\/strong> es uno de los pilares fundamentales de la econom\u00eda catalana, y especialmente en las comarcas gerundenses, donde la <strong>industria alimentaria<\/strong> representa una fuente de trabajo estable y con perspectivas de futuro. Ante esta realidad, <a href=\"https:\/\/agora.xtec.cat\/eaemporda\/\" target=\"_blank\" rel=\"noopener\"><strong>Escuela Agraria y Alimentaria del Empord\u00e0<\/strong><\/a> ofrece el <a href=\"https:\/\/agora.xtec.cat\/eaemporda\/estudis\/\" target=\"_blank\" rel=\"noopener\"><strong>Ciclo Formativo de Grado Superior de Procesos y Calidad en Industrias Alimentarias<\/strong><\/a>, una propuesta formativa pensada para dar respuesta a las necesidades del sector.<\/p><\/p><div class=\"premium-blog-excerpt-link-wrap\"><a href=\"https:\/\/www.fpbaixemporda.com\/es\/el-cfgs-de-processos-i-qualitat-en-industries-alimentaries-una-aposta-de-futur-a-lescola-agraria-i-alimentaria-de-lemporda\/\" target=\"_self\" class=\"premium-blog-excerpt-link elementor-button\">LEER M\u00c1S<\/a><\/div>\t\t<\/div>\n\t\t\t\t\t\t\t\n\t\t\t\t<\/div>\n\t\t\t<\/div>\n\t\t<\/div>\n\n\t\t\t\t\t\t\t<\/div>\n\n\t\t\t\t\t<div class=\"premium-blog-footer\">\n\t\t\t\t\t\t\t<nav class=\"premium-blog-pagination-container\" role=\"navigation\" aria-label=\"Paginaci\u00f3n\">\n\t\t\t\t<span aria-current=\"page\" class=\"page-numbers current\">1<\/span>\n<a class=\"page-numbers\" href=\"https:\/\/www.fpbaixemporda.com\/es\/wp-json\/wp\/v2\/pages\/262\/page\/2\/\">2<\/a>\n<a class=\"page-numbers\" href=\"https:\/\/www.fpbaixemporda.com\/es\/wp-json\/wp\/v2\/pages\/262\/page\/3\/\">3<\/a>\n<a class=\"page-numbers\" href=\"https:\/\/www.fpbaixemporda.com\/es\/wp-json\/wp\/v2\/pages\/262\/page\/4\/\">4<\/a>\t\t\t<\/nav>\n\t\t\t\t\t\t<\/div>\n\t\t\n\t\t\n\t\t\t\t\t\t<\/div>\n\t\t\t\t\t<\/div>\n\t\t<\/div>\n\t\t\t\t\t<\/div>\n\t\t<\/section>\n\t\t\t\t<\/div>","protected":false},"excerpt":{"rendered":"<p>Dos alumnes d&#8217;Institut La Bisbal guanyen medalla al campionat Spainskills de formaci\u00f3 professional Dos alumnes d&#8217;Institut La Bisbal guanyen medalla al campionat Spainskills de formaci\u00f3 professional Catalunya ha obtingut un total de 10 medalles en la seva participaci\u00f3 al campionat Spainskills, un concurs estatal de formaci\u00f3 professional que premia els alumnes d\u2019FP que desenvolupen les<br \/><a class=\"moretag\" href=\"https:\/\/www.fpbaixemporda.com\/es\/el-cfgs-de-processos-i-qualitat-en-industries-alimentaries-una-aposta-de-futur-a-lescola-agraria-i-alimentaria-de-lemporda\/\">+ Read More<\/a><\/p>","protected":false},"author":1,"featured_media":652,"parent":0,"menu_order":0,"comment_status":"closed","ping_status":"closed","template":"templates\/page-fullwidth_template.php","meta":{"footnotes":""},"class_list":["post-262","page","type-page","status-publish","has-post-thumbnail","hentry"],"yoast_head":"<!-- This site is optimized with the Yoast SEO plugin v27.4 - https:\/\/yoast.com\/product\/yoast-seo-wordpress\/ -->\n<title>Blog - FP Baix Empord\u00e0<\/title>\n<meta name=\"robots\" content=\"index, follow, max-snippet:-1, max-image-preview:large, max-video-preview:-1\" \/>\n<link rel=\"canonical\" href=\"https:\/\/www.fpbaixemporda.com\/es\/blog\/\" \/>\n<meta property=\"og:locale\" content=\"es_ES\" \/>\n<meta property=\"og:type\" content=\"article\" \/>\n<meta property=\"og:title\" content=\"Blog - FP Baix Empord\u00e0\" \/>\n<meta property=\"og:description\" content=\"Dos alumnes d&#8217;Institut La Bisbal guanyen medalla al campionat Spainskills de formaci\u00f3 professional Dos alumnes d&#8217;Institut La Bisbal guanyen medalla al campionat Spainskills de formaci\u00f3 professional Catalunya ha obtingut un total de 10 medalles en la seva participaci\u00f3 al campionat Spainskills, un concurs estatal de formaci\u00f3 professional que premia els alumnes d\u2019FP que desenvolupen les+ Read More\" \/>\n<meta property=\"og:url\" content=\"https:\/\/www.fpbaixemporda.com\/es\/blog\/\" \/>\n<meta property=\"og:site_name\" content=\"FP Baix Empord\u00e0\" \/>\n<meta property=\"article:publisher\" content=\"https:\/\/www.facebook.com\/fpbaixemporda\" \/>\n<meta property=\"article:modified_time\" content=\"2026-04-15T13:10:48+00:00\" \/>\n<meta property=\"og:image\" content=\"https:\/\/www.fpbaixemporda.com\/wp-content\/uploads\/2020\/02\/Blog-FP-Baix-Empord\u00e0.jpg\" \/>\n\t<meta property=\"og:image:width\" content=\"1400\" \/>\n\t<meta property=\"og:image:height\" content=\"320\" \/>\n\t<meta property=\"og:image:type\" content=\"image\/jpeg\" \/>\n<meta name=\"twitter:card\" content=\"summary_large_image\" \/>\n<meta name=\"twitter:label1\" content=\"Tiempo de lectura\" \/>\n\t<meta name=\"twitter:data1\" content=\"2 minutos\" \/>\n<script type=\"application\/ld+json\" class=\"yoast-schema-graph\">{\"@context\":\"https:\\\/\\\/schema.org\",\"@graph\":[{\"@type\":\"WebPage\",\"@id\":\"https:\\\/\\\/www.fpbaixemporda.com\\\/blog\\\/\",\"url\":\"https:\\\/\\\/www.fpbaixemporda.com\\\/blog\\\/\",\"name\":\"Blog - FP Baix Empord\u00e0\",\"isPartOf\":{\"@id\":\"https:\\\/\\\/www.fpbaixemporda.com\\\/#website\"},\"primaryImageOfPage\":{\"@id\":\"https:\\\/\\\/www.fpbaixemporda.com\\\/blog\\\/#primaryimage\"},\"image\":{\"@id\":\"https:\\\/\\\/www.fpbaixemporda.com\\\/blog\\\/#primaryimage\"},\"thumbnailUrl\":\"https:\\\/\\\/www.fpbaixemporda.com\\\/wp-content\\\/uploads\\\/2020\\\/02\\\/Blog-FP-Baix-Empord\u00e0.jpg\",\"datePublished\":\"2020-02-13T16:34:04+00:00\",\"dateModified\":\"2026-04-15T13:10:48+00:00\",\"breadcrumb\":{\"@id\":\"https:\\\/\\\/www.fpbaixemporda.com\\\/blog\\\/#breadcrumb\"},\"inLanguage\":\"es\",\"potentialAction\":[{\"@type\":\"ReadAction\",\"target\":[\"https:\\\/\\\/www.fpbaixemporda.com\\\/blog\\\/\"]}]},{\"@type\":\"ImageObject\",\"inLanguage\":\"es\",\"@id\":\"https:\\\/\\\/www.fpbaixemporda.com\\\/blog\\\/#primaryimage\",\"url\":\"https:\\\/\\\/www.fpbaixemporda.com\\\/wp-content\\\/uploads\\\/2020\\\/02\\\/Blog-FP-Baix-Empord\u00e0.jpg\",\"contentUrl\":\"https:\\\/\\\/www.fpbaixemporda.com\\\/wp-content\\\/uploads\\\/2020\\\/02\\\/Blog-FP-Baix-Empord\u00e0.jpg\",\"width\":1400,\"height\":320,\"caption\":\"Blog - FP Baix Empord\u00e0\"},{\"@type\":\"BreadcrumbList\",\"@id\":\"https:\\\/\\\/www.fpbaixemporda.com\\\/blog\\\/#breadcrumb\",\"itemListElement\":[{\"@type\":\"ListItem\",\"position\":1,\"name\":\"Home\",\"item\":\"https:\\\/\\\/www.fpbaixemporda.com\\\/\"},{\"@type\":\"ListItem\",\"position\":2,\"name\":\"Blog\"}]},{\"@type\":\"WebSite\",\"@id\":\"https:\\\/\\\/www.fpbaixemporda.com\\\/#website\",\"url\":\"https:\\\/\\\/www.fpbaixemporda.com\\\/\",\"name\":\"FP Baix Empord\u00e0\",\"description\":\"El teu futur en bones mans\",\"publisher\":{\"@id\":\"https:\\\/\\\/www.fpbaixemporda.com\\\/#organization\"},\"potentialAction\":[{\"@type\":\"SearchAction\",\"target\":{\"@type\":\"EntryPoint\",\"urlTemplate\":\"https:\\\/\\\/www.fpbaixemporda.com\\\/?s={search_term_string}\"},\"query-input\":{\"@type\":\"PropertyValueSpecification\",\"valueRequired\":true,\"valueName\":\"search_term_string\"}}],\"inLanguage\":\"es\"},{\"@type\":\"Organization\",\"@id\":\"https:\\\/\\\/www.fpbaixemporda.com\\\/#organization\",\"name\":\"FP Baix Empord\u00e0\",\"url\":\"https:\\\/\\\/www.fpbaixemporda.com\\\/\",\"logo\":{\"@type\":\"ImageObject\",\"inLanguage\":\"es\",\"@id\":\"https:\\\/\\\/www.fpbaixemporda.com\\\/#\\\/schema\\\/logo\\\/image\\\/\",\"url\":\"https:\\\/\\\/www.fpbaixemporda.com\\\/wp-content\\\/uploads\\\/2020\\\/02\\\/FP-Baix-Empord\u00e0-Logo.png\",\"contentUrl\":\"https:\\\/\\\/www.fpbaixemporda.com\\\/wp-content\\\/uploads\\\/2020\\\/02\\\/FP-Baix-Empord\u00e0-Logo.png\",\"width\":180,\"height\":117,\"caption\":\"FP Baix Empord\u00e0\"},\"image\":{\"@id\":\"https:\\\/\\\/www.fpbaixemporda.com\\\/#\\\/schema\\\/logo\\\/image\\\/\"},\"sameAs\":[\"https:\\\/\\\/www.facebook.com\\\/fpbaixemporda\",\"https:\\\/\\\/www.instagram.com\\\/fp_baixemporda\\\/\"]}]}<\/script>\n<!-- \/ Yoast SEO plugin. -->","yoast_head_json":{"title":"Blog - FP Baix Empord\u00e0","robots":{"index":"index","follow":"follow","max-snippet":"max-snippet:-1","max-image-preview":"max-image-preview:large","max-video-preview":"max-video-preview:-1"},"canonical":"https:\/\/www.fpbaixemporda.com\/es\/blog\/","og_locale":"es_ES","og_type":"article","og_title":"Blog - FP Baix Empord\u00e0","og_description":"Dos alumnes d&#8217;Institut La Bisbal guanyen medalla al campionat Spainskills de formaci\u00f3 professional Dos alumnes d&#8217;Institut La Bisbal guanyen medalla al campionat Spainskills de formaci\u00f3 professional Catalunya ha obtingut un total de 10 medalles en la seva participaci\u00f3 al campionat Spainskills, un concurs estatal de formaci\u00f3 professional que premia els alumnes d\u2019FP que desenvolupen les+ Read More","og_url":"https:\/\/www.fpbaixemporda.com\/es\/blog\/","og_site_name":"FP Baix Empord\u00e0","article_publisher":"https:\/\/www.facebook.com\/fpbaixemporda","article_modified_time":"2026-04-15T13:10:48+00:00","og_image":[{"width":1400,"height":320,"url":"https:\/\/www.fpbaixemporda.com\/wp-content\/uploads\/2020\/02\/Blog-FP-Baix-Empord\u00e0.jpg","type":"image\/jpeg"}],"twitter_card":"summary_large_image","twitter_misc":{"Tiempo de lectura":"2 minutos"},"schema":{"@context":"https:\/\/schema.org","@graph":[{"@type":"WebPage","@id":"https:\/\/www.fpbaixemporda.com\/blog\/","url":"https:\/\/www.fpbaixemporda.com\/blog\/","name":"Blog - FP Baix Empord\u00e0","isPartOf":{"@id":"https:\/\/www.fpbaixemporda.com\/#website"},"primaryImageOfPage":{"@id":"https:\/\/www.fpbaixemporda.com\/blog\/#primaryimage"},"image":{"@id":"https:\/\/www.fpbaixemporda.com\/blog\/#primaryimage"},"thumbnailUrl":"https:\/\/www.fpbaixemporda.com\/wp-content\/uploads\/2020\/02\/Blog-FP-Baix-Empord\u00e0.jpg","datePublished":"2020-02-13T16:34:04+00:00","dateModified":"2026-04-15T13:10:48+00:00","breadcrumb":{"@id":"https:\/\/www.fpbaixemporda.com\/blog\/#breadcrumb"},"inLanguage":"es","potentialAction":[{"@type":"ReadAction","target":["https:\/\/www.fpbaixemporda.com\/blog\/"]}]},{"@type":"ImageObject","inLanguage":"es","@id":"https:\/\/www.fpbaixemporda.com\/blog\/#primaryimage","url":"https:\/\/www.fpbaixemporda.com\/wp-content\/uploads\/2020\/02\/Blog-FP-Baix-Empord\u00e0.jpg","contentUrl":"https:\/\/www.fpbaixemporda.com\/wp-content\/uploads\/2020\/02\/Blog-FP-Baix-Empord\u00e0.jpg","width":1400,"height":320,"caption":"Blog - FP Baix Empord\u00e0"},{"@type":"BreadcrumbList","@id":"https:\/\/www.fpbaixemporda.com\/blog\/#breadcrumb","itemListElement":[{"@type":"ListItem","position":1,"name":"Home","item":"https:\/\/www.fpbaixemporda.com\/"},{"@type":"ListItem","position":2,"name":"Blog"}]},{"@type":"WebSite","@id":"https:\/\/www.fpbaixemporda.com\/#website","url":"https:\/\/www.fpbaixemporda.com\/","name":"FP Baix Empord\u00e0","description":"El teu futur en bones mans","publisher":{"@id":"https:\/\/www.fpbaixemporda.com\/#organization"},"potentialAction":[{"@type":"SearchAction","target":{"@type":"EntryPoint","urlTemplate":"https:\/\/www.fpbaixemporda.com\/?s={search_term_string}"},"query-input":{"@type":"PropertyValueSpecification","valueRequired":true,"valueName":"search_term_string"}}],"inLanguage":"es"},{"@type":"Organization","@id":"https:\/\/www.fpbaixemporda.com\/#organization","name":"FP Baix Empord\u00e0","url":"https:\/\/www.fpbaixemporda.com\/","logo":{"@type":"ImageObject","inLanguage":"es","@id":"https:\/\/www.fpbaixemporda.com\/#\/schema\/logo\/image\/","url":"https:\/\/www.fpbaixemporda.com\/wp-content\/uploads\/2020\/02\/FP-Baix-Empord\u00e0-Logo.png","contentUrl":"https:\/\/www.fpbaixemporda.com\/wp-content\/uploads\/2020\/02\/FP-Baix-Empord\u00e0-Logo.png","width":180,"height":117,"caption":"FP Baix Empord\u00e0"},"image":{"@id":"https:\/\/www.fpbaixemporda.com\/#\/schema\/logo\/image\/"},"sameAs":["https:\/\/www.facebook.com\/fpbaixemporda","https:\/\/www.instagram.com\/fp_baixemporda\/"]}]}},"_links":{"self":[{"href":"https:\/\/www.fpbaixemporda.com\/es\/wp-json\/wp\/v2\/pages\/262","targetHints":{"allow":["GET"]}}],"collection":[{"href":"https:\/\/www.fpbaixemporda.com\/es\/wp-json\/wp\/v2\/pages"}],"about":[{"href":"https:\/\/www.fpbaixemporda.com\/es\/wp-json\/wp\/v2\/types\/page"}],"author":[{"embeddable":true,"href":"https:\/\/www.fpbaixemporda.com\/es\/wp-json\/wp\/v2\/users\/1"}],"replies":[{"embeddable":true,"href":"https:\/\/www.fpbaixemporda.com\/es\/wp-json\/wp\/v2\/comments?post=262"}],"version-history":[{"count":9,"href":"https:\/\/www.fpbaixemporda.com\/es\/wp-json\/wp\/v2\/pages\/262\/revisions"}],"predecessor-version":[{"id":5724,"href":"https:\/\/www.fpbaixemporda.com\/es\/wp-json\/wp\/v2\/pages\/262\/revisions\/5724"}],"wp:featuredmedia":[{"embeddable":true,"href":"https:\/\/www.fpbaixemporda.com\/es\/wp-json\/wp\/v2\/media\/652"}],"wp:attachment":[{"href":"https:\/\/www.fpbaixemporda.com\/es\/wp-json\/wp\/v2\/media?parent=262"}],"curies":[{"name":"wp","href":"https:\/\/api.w.org\/{rel}","templated":true}]}}