{"id":2796,"date":"2021-11-21T20:47:08","date_gmt":"2021-11-21T19:47:08","guid":{"rendered":"https:\/\/www.fpbaixemporda.com\/?page_id=2796"},"modified":"2025-10-23T14:05:39","modified_gmt":"2025-10-23T12:05:39","slug":"cicles-formatius-grau-basic","status":"publish","type":"page","link":"https:\/\/www.fpbaixemporda.com\/es\/cicles-formatius-grau-basic\/","title":{"rendered":"Ciclos Formativos Grado B\u00e1sico"},"content":{"rendered":"\t\t<div data-elementor-type=\"wp-page\" data-elementor-id=\"2796\" class=\"elementor elementor-2796\" data-elementor-post-type=\"page\">\n\t\t\t\t\t\t<section class=\"elementor-section elementor-top-section elementor-element elementor-element-2ec1e856 elementor-section-full_width elementor-section-height-default elementor-section-height-default\" data-id=\"2ec1e856\" data-element_type=\"section\" data-e-type=\"section\">\n\t\t\t\t\t\t<div class=\"elementor-container elementor-column-gap-no\">\n\t\t\t\t\t<div class=\"elementor-column elementor-col-100 elementor-top-column elementor-element elementor-element-2df8b372\" data-id=\"2df8b372\" data-element_type=\"column\" data-e-type=\"column\">\n\t\t\t<div class=\"elementor-widget-wrap elementor-element-populated\">\n\t\t\t\t\t\t<div class=\"elementor-element elementor-element-51c419c3 elementor-widget elementor-widget-text-editor\" data-id=\"51c419c3\" data-element_type=\"widget\" data-e-type=\"widget\" data-widget_type=\"text-editor.default\">\n\t\t\t\t\t\t\t\t\t<p>Aquests cicles formatius s\u00f3n una oportunitat per als <strong>alumnes especialment motivats pels aprenentatges professionals<\/strong> i que presentin m\u00e9s possibilitats d&#8217;aprenentatge i d&#8217;assoliment de les compet\u00e8ncies d&#8217;educaci\u00f3 secund\u00e0ria obligat\u00f2ria en un entorn vinculat al m\u00f3n professional.<\/p><p style=\"text-align: justify;\">Van dirigits a l&#8217;alumnat que ha cursat tercer curs d&#8217;educaci\u00f3 secund\u00e0ria obligat\u00f2ria (o, excepcionalment, segon curs), amb la proposta de l&#8217;equip docent mitjan\u00e7ant el Consell orientador.<\/p><p style=\"text-align: justify;\">Els cicles formatius de grau b\u00e0sic <strong>tenen una durada de dos cursos\u00a0acad\u00e8mics<\/strong>.<\/p><p style=\"text-align: justify;\">La superaci\u00f3 de la totalitat dels \u00e0mbits inclosos en un cicle formatiu de grau b\u00e0sic permet l&#8217;obtenci\u00f3 del <strong>t\u00edtol de graduat o graduada en educaci\u00f3 secund\u00e0ria obligat\u00f2ria<\/strong> i del <strong>t\u00edtol de t\u00e8cnica o t\u00e8cnic b\u00e0sic en l&#8217;especialitat corresponent<\/strong>, que acredita les compet\u00e8ncies professionals adquirides.<\/p>\t\t\t\t\t\t\t\t<\/div>\n\t\t\t\t\t<\/div>\n\t\t<\/div>\n\t\t\t\t\t<\/div>\n\t\t<\/section>\n\t\t\t\t<section class=\"elementor-section elementor-top-section elementor-element elementor-element-03846d2 elementor-section-full_width elementor-section-height-default elementor-section-height-default\" data-id=\"03846d2\" data-element_type=\"section\" data-e-type=\"section\">\n\t\t\t\t\t\t<div class=\"elementor-container elementor-column-gap-no\">\n\t\t\t\t\t<div class=\"elementor-column elementor-col-100 elementor-top-column elementor-element elementor-element-3380b34\" data-id=\"3380b34\" data-element_type=\"column\" data-e-type=\"column\">\n\t\t\t<div class=\"elementor-widget-wrap elementor-element-populated\">\n\t\t\t\t\t\t<div class=\"elementor-element elementor-element-c3252d7 elementor-widget elementor-widget-premium-img-gallery\" data-id=\"c3252d7\" data-element_type=\"widget\" data-e-type=\"widget\" data-settings=\"{&quot;premium_gallery_img_content&quot;:[{&quot;premium_gallery_img_name&quot;:&quot;Cicle formatiu d\\u2019inform\\u00e0tica d\\u2019oficina&quot;,&quot;_id&quot;:&quot;d5ad85e&quot;,&quot;premium_gallery_img&quot;:{&quot;url&quot;:&quot;https:\\\/\\\/www.fpbaixemporda.com\\\/wp-content\\\/uploads\\\/2021\\\/11\\\/Grau-Basic-Informatica-doficina.jpg&quot;,&quot;id&quot;:2816,&quot;size&quot;:&quot;&quot;,&quot;alt&quot;:&quot;Grau B\\u00e0sic | Inform\\u00e0tica d&#039;oficina&quot;,&quot;source&quot;:&quot;library&quot;},&quot;premium_gallery_img_link&quot;:null,&quot;premium_gallery_link_whole&quot;:&quot;yes&quot;,&quot;premium_gallery_img_link_type&quot;:&quot;link&quot;,&quot;premium_gallery_img_existing&quot;:&quot;2801&quot;,&quot;premium_gallery_image_cell&quot;:{&quot;unit&quot;:&quot;px&quot;,&quot;size&quot;:4,&quot;sizes&quot;:[]},&quot;premium_gallery_image_cell_tablet&quot;:{&quot;unit&quot;:&quot;px&quot;,&quot;size&quot;:&quot;&quot;,&quot;sizes&quot;:[]},&quot;premium_gallery_image_cell_mobile&quot;:{&quot;unit&quot;:&quot;px&quot;,&quot;size&quot;:&quot;&quot;,&quot;sizes&quot;:[]},&quot;premium_gallery_image_vcell&quot;:{&quot;unit&quot;:&quot;px&quot;,&quot;size&quot;:4,&quot;sizes&quot;:[]},&quot;premium_gallery_image_vcell_tablet&quot;:{&quot;unit&quot;:&quot;px&quot;,&quot;size&quot;:&quot;&quot;,&quot;sizes&quot;:[]},&quot;premium_gallery_image_vcell_mobile&quot;:{&quot;unit&quot;:&quot;px&quot;,&quot;size&quot;:&quot;&quot;,&quot;sizes&quot;:[]},&quot;premium_gallery_video&quot;:&quot;&quot;,&quot;premium_gallery_video_type&quot;:null,&quot;premium_gallery_video_url&quot;:null,&quot;premium_gallery_video_self&quot;:null,&quot;premium_gallery_video_self_url&quot;:null,&quot;premium_gallery_video_controls&quot;:null,&quot;premium_gallery_video_mute&quot;:null,&quot;premium_gallery_video_loop&quot;:null,&quot;download_button&quot;:null,&quot;privacy_mode&quot;:null,&quot;premmium_gallery_img_info&quot;:&quot;&quot;,&quot;premium_gallery_img_desc&quot;:&quot;&quot;,&quot;premium_gallery_img_category&quot;:&quot;&quot;,&quot;premium_gallery_lightbox_whole&quot;:&quot;&quot;},{&quot;premium_gallery_img_name&quot;:&quot;FP B\\u00e0sica Electricitat i Electr\\u00f2nica&quot;,&quot;premium_gallery_img&quot;:{&quot;url&quot;:&quot;https:\\\/\\\/www.fpbaixemporda.com\\\/wp-content\\\/uploads\\\/2025\\\/10\\\/Grau-Basic-Electricitat-i-Electronica.jpg&quot;,&quot;id&quot;:5492,&quot;size&quot;:&quot;&quot;,&quot;alt&quot;:&quot;Grau B\\u00e0sic - Electricitat i Electr\\u00f2nica&quot;,&quot;source&quot;:&quot;library&quot;},&quot;premium_gallery_img_link&quot;:null,&quot;premium_gallery_link_whole&quot;:&quot;yes&quot;,&quot;premium_gallery_img_link_type&quot;:&quot;link&quot;,&quot;premium_gallery_img_existing&quot;:&quot;5486&quot;,&quot;_id&quot;:&quot;4bd5cab&quot;,&quot;premium_gallery_image_cell&quot;:{&quot;unit&quot;:&quot;px&quot;,&quot;size&quot;:4,&quot;sizes&quot;:[]},&quot;premium_gallery_image_cell_tablet&quot;:{&quot;unit&quot;:&quot;px&quot;,&quot;size&quot;:&quot;&quot;,&quot;sizes&quot;:[]},&quot;premium_gallery_image_cell_mobile&quot;:{&quot;unit&quot;:&quot;px&quot;,&quot;size&quot;:&quot;&quot;,&quot;sizes&quot;:[]},&quot;premium_gallery_image_vcell&quot;:{&quot;unit&quot;:&quot;px&quot;,&quot;size&quot;:4,&quot;sizes&quot;:[]},&quot;premium_gallery_image_vcell_tablet&quot;:{&quot;unit&quot;:&quot;px&quot;,&quot;size&quot;:&quot;&quot;,&quot;sizes&quot;:[]},&quot;premium_gallery_image_vcell_mobile&quot;:{&quot;unit&quot;:&quot;px&quot;,&quot;size&quot;:&quot;&quot;,&quot;sizes&quot;:[]},&quot;premium_gallery_video&quot;:&quot;&quot;,&quot;premium_gallery_video_type&quot;:null,&quot;premium_gallery_video_url&quot;:null,&quot;premium_gallery_video_self&quot;:null,&quot;premium_gallery_video_self_url&quot;:null,&quot;premium_gallery_video_controls&quot;:null,&quot;premium_gallery_video_mute&quot;:null,&quot;premium_gallery_video_loop&quot;:null,&quot;download_button&quot;:null,&quot;privacy_mode&quot;:null,&quot;premmium_gallery_img_info&quot;:&quot;&quot;,&quot;premium_gallery_img_desc&quot;:&quot;&quot;,&quot;premium_gallery_img_category&quot;:&quot;&quot;,&quot;premium_gallery_lightbox_whole&quot;:&quot;&quot;}]}\" data-widget_type=\"premium-img-gallery.default\">\n\t\t\t\t\t\n\t<div class=\"premium-img-gallery-no-lightbox elementor-invisible premium-img-gallery premium-img-gallery-fitRows scale premium-gallery-icon-show\" id=\"premium-img-gallery-c3252d7\">\n\t\t\n\t\t<div class=\"premium-gallery-container\" data-settings=\"{&quot;img_size&quot;:&quot;fitRows&quot;,&quot;filter&quot;:&quot;&quot;,&quot;theme&quot;:null,&quot;active_cat&quot;:&quot;*&quot;,&quot;ltr_mode&quot;:true,&quot;shuffle&quot;:false,&quot;sort_by&quot;:&quot;random&quot;,&quot;skin&quot;:&quot;default&quot;}\">\n\n\t\t\t\t\t\t\t<div class=\"premium-gallery-item elementor-repeater-item-d5ad85e \">\n\t\t\t\t<div class=\"pa-gallery-img default\" onclick=\"\">\n\t\t\t\t\t<div class=\"pa-gallery-img-container\">\n\t\t\t\t\t\t\t\t<img fetchpriority=\"high\" decoding=\"async\" width=\"660\" height=\"440\" src=\"https:\/\/www.fpbaixemporda.com\/wp-content\/uploads\/2021\/11\/Grau-Basic-Informatica-doficina.jpg\" class=\"attachment-full size-full wp-image-2816\" alt=\"Grau B\u00e0sic | Inform\u00e0tica d&#039;oficina\" srcset=\"https:\/\/www.fpbaixemporda.com\/wp-content\/uploads\/2021\/11\/Grau-Basic-Informatica-doficina.jpg 660w, https:\/\/www.fpbaixemporda.com\/wp-content\/uploads\/2021\/11\/Grau-Basic-Informatica-doficina-300x200.jpg 300w\" sizes=\"(max-width: 660px) 100vw, 660px\" \/>\t\t\t\t\t\t\t<\/div>\n\t\t\t\t\t\t\t\t\t\t\t\t<div class=\"pa-gallery-icons-wrapper\">\n\t\t\t\t\t\t\t\t<div class=\"pa-gallery-icons-inner-container\">\n\t\t\t\t\t\t\t\t\t\t\t\t\t\t\t\t\t<\/div>\n\t\t\t\t\t\t\t<\/div>\n\t\t\t\t\t\t\t\t\t\t<div class=\"premium-gallery-caption\">\n\n\t\t\t\t\t\t\t\t\t<span class=\"premium-gallery-img-name\">Cicle formatiu d\u2019inform\u00e0tica d\u2019oficina<\/span>\n\t\t\t\t\t\n\t\t\t<\/div>\n\t\t\t\t\t\t\t\t\t\t<a class=\"pa-gallery-whole-link\" href=\"https:\/\/www.fpbaixemporda.com\/es\/cicles-formatius-grau-basic\/cicle-formatiu-dinformatica-doficina\/\">\n\t\t\t\t\t\t\t\t<span>\n\t\t\t\t\t\t\t\t\tCicle formatiu d\u2019inform\u00e0tica d\u2019oficina\t\t\t\t\t\t\t\t<\/span>\n\t\t\t\t\t\t\t<\/a>\n\t\t\t\t\t\t\t\t\t\t\t<\/div>\n\t\t\t<\/div>\n\t\t\t\t\t\t\t<div class=\"premium-gallery-item elementor-repeater-item-4bd5cab \">\n\t\t\t\t<div class=\"pa-gallery-img default\" onclick=\"\">\n\t\t\t\t\t<div class=\"pa-gallery-img-container\">\n\t\t\t\t\t\t\t\t<img decoding=\"async\" width=\"660\" height=\"440\" src=\"https:\/\/www.fpbaixemporda.com\/wp-content\/uploads\/2025\/10\/Grau-Basic-Electricitat-i-Electronica.jpg\" class=\"attachment-full size-full wp-image-5492\" alt=\"Grau B\u00e0sic - Electricitat i Electr\u00f2nica\" srcset=\"https:\/\/www.fpbaixemporda.com\/wp-content\/uploads\/2025\/10\/Grau-Basic-Electricitat-i-Electronica.jpg 660w, https:\/\/www.fpbaixemporda.com\/wp-content\/uploads\/2025\/10\/Grau-Basic-Electricitat-i-Electronica-300x200.jpg 300w\" sizes=\"(max-width: 660px) 100vw, 660px\" \/>\t\t\t\t\t\t\t<\/div>\n\t\t\t\t\t\t\t\t\t\t\t\t<div class=\"pa-gallery-icons-wrapper\">\n\t\t\t\t\t\t\t\t<div class=\"pa-gallery-icons-inner-container\">\n\t\t\t\t\t\t\t\t\t\t\t\t\t\t\t\t\t<\/div>\n\t\t\t\t\t\t\t<\/div>\n\t\t\t\t\t\t\t\t\t\t<div class=\"premium-gallery-caption\">\n\n\t\t\t\t\t\t\t\t\t<span class=\"premium-gallery-img-name\">FP B\u00e0sica Electricitat i Electr\u00f2nica<\/span>\n\t\t\t\t\t\n\t\t\t<\/div>\n\t\t\t\t\t\t\t\t\t\t<a class=\"pa-gallery-whole-link\" href=\"https:\/\/www.fpbaixemporda.com\/es\/cicles-formatius-grau-basic\/electricitat-i-electronica\/\">\n\t\t\t\t\t\t\t\t<span>\n\t\t\t\t\t\t\t\t\tFP B\u00e0sica Electricitat i Electr\u00f2nica\t\t\t\t\t\t\t\t<\/span>\n\t\t\t\t\t\t\t<\/a>\n\t\t\t\t\t\t\t\t\t\t\t<\/div>\n\t\t\t<\/div>\n\t\t\t\n\t\t\t\t\t<\/div>\n\n\t\t\n\t<\/div>\n\n\t\t\n\t\t\n\t\t\t\t\t\t<\/div>\n\t\t\t\t\t<\/div>\n\t\t<\/div>\n\t\t\t\t\t<\/div>\n\t\t<\/section>\n\t\t\t\t<\/div>\n\t\t","protected":false},"excerpt":{"rendered":"<p>Aquests cicles formatius s\u00f3n una oportunitat per als alumnes especialment motivats pels aprenentatges professionals i que presentin m\u00e9s possibilitats d&#8217;aprenentatge i d&#8217;assoliment de les compet\u00e8ncies d&#8217;educaci\u00f3 secund\u00e0ria obligat\u00f2ria en un entorn vinculat al m\u00f3n professional. Van dirigits a l&#8217;alumnat que ha cursat tercer curs d&#8217;educaci\u00f3 secund\u00e0ria obligat\u00f2ria (o, excepcionalment, segon curs), amb la proposta de<br \/><a class=\"moretag\" href=\"https:\/\/www.fpbaixemporda.com\/es\/cicles-formatius-grau-basic\/\">+ Read More<\/a><\/p>","protected":false},"author":1,"featured_media":654,"parent":0,"menu_order":0,"comment_status":"closed","ping_status":"closed","template":"templates\/page-fullwidth_template.php","meta":{"footnotes":""},"class_list":["post-2796","page","type-page","status-publish","has-post-thumbnail","hentry"],"yoast_head":"<!-- This site is optimized with the Yoast SEO plugin v27.4 - https:\/\/yoast.com\/product\/yoast-seo-wordpress\/ -->\n<title>Cicles Formatius Grau B\u00e0sic - FP Baix Empord\u00e0<\/title>\n<meta name=\"robots\" content=\"index, follow, max-snippet:-1, max-image-preview:large, max-video-preview:-1\" \/>\n<link rel=\"canonical\" href=\"https:\/\/www.fpbaixemporda.com\/es\/cicles-formatius-grau-basic\/\" \/>\n<meta property=\"og:locale\" content=\"es_ES\" \/>\n<meta property=\"og:type\" content=\"article\" \/>\n<meta property=\"og:title\" content=\"Cicles Formatius Grau B\u00e0sic - FP Baix Empord\u00e0\" \/>\n<meta property=\"og:description\" content=\"Aquests cicles formatius s\u00f3n una oportunitat per als alumnes especialment motivats pels aprenentatges professionals i que presentin m\u00e9s possibilitats d&#8217;aprenentatge i d&#8217;assoliment de les compet\u00e8ncies d&#8217;educaci\u00f3 secund\u00e0ria obligat\u00f2ria en un entorn vinculat al m\u00f3n professional. Van dirigits a l&#8217;alumnat que ha cursat tercer curs d&#8217;educaci\u00f3 secund\u00e0ria obligat\u00f2ria (o, excepcionalment, segon curs), amb la proposta de+ Read More\" \/>\n<meta property=\"og:url\" content=\"https:\/\/www.fpbaixemporda.com\/es\/cicles-formatius-grau-basic\/\" \/>\n<meta property=\"og:site_name\" content=\"FP Baix Empord\u00e0\" \/>\n<meta property=\"article:publisher\" content=\"https:\/\/www.facebook.com\/fpbaixemporda\" \/>\n<meta property=\"article:modified_time\" content=\"2025-10-23T12:05:39+00:00\" \/>\n<meta property=\"og:image\" content=\"https:\/\/www.fpbaixemporda.com\/wp-content\/uploads\/2020\/02\/Gen\u00e8rica-FP-Baix-Empord\u00e0.jpg\" \/>\n\t<meta property=\"og:image:width\" content=\"1400\" \/>\n\t<meta property=\"og:image:height\" content=\"320\" \/>\n\t<meta property=\"og:image:type\" content=\"image\/jpeg\" \/>\n<meta name=\"twitter:card\" content=\"summary_large_image\" \/>\n<meta name=\"twitter:label1\" content=\"Tiempo de lectura\" \/>\n\t<meta name=\"twitter:data1\" content=\"2 minutos\" \/>\n<script type=\"application\/ld+json\" class=\"yoast-schema-graph\">{\"@context\":\"https:\\\/\\\/schema.org\",\"@graph\":[{\"@type\":\"WebPage\",\"@id\":\"https:\\\/\\\/www.fpbaixemporda.com\\\/cicles-formatius-grau-basic\\\/\",\"url\":\"https:\\\/\\\/www.fpbaixemporda.com\\\/cicles-formatius-grau-basic\\\/\",\"name\":\"Cicles Formatius Grau B\u00e0sic - FP Baix Empord\u00e0\",\"isPartOf\":{\"@id\":\"https:\\\/\\\/www.fpbaixemporda.com\\\/#website\"},\"primaryImageOfPage\":{\"@id\":\"https:\\\/\\\/www.fpbaixemporda.com\\\/cicles-formatius-grau-basic\\\/#primaryimage\"},\"image\":{\"@id\":\"https:\\\/\\\/www.fpbaixemporda.com\\\/cicles-formatius-grau-basic\\\/#primaryimage\"},\"thumbnailUrl\":\"https:\\\/\\\/www.fpbaixemporda.com\\\/wp-content\\\/uploads\\\/2020\\\/02\\\/Gen\u00e8rica-FP-Baix-Empord\u00e0.jpg\",\"datePublished\":\"2021-11-21T19:47:08+00:00\",\"dateModified\":\"2025-10-23T12:05:39+00:00\",\"breadcrumb\":{\"@id\":\"https:\\\/\\\/www.fpbaixemporda.com\\\/cicles-formatius-grau-basic\\\/#breadcrumb\"},\"inLanguage\":\"es\",\"potentialAction\":[{\"@type\":\"ReadAction\",\"target\":[\"https:\\\/\\\/www.fpbaixemporda.com\\\/cicles-formatius-grau-basic\\\/\"]}]},{\"@type\":\"ImageObject\",\"inLanguage\":\"es\",\"@id\":\"https:\\\/\\\/www.fpbaixemporda.com\\\/cicles-formatius-grau-basic\\\/#primaryimage\",\"url\":\"https:\\\/\\\/www.fpbaixemporda.com\\\/wp-content\\\/uploads\\\/2020\\\/02\\\/Gen\u00e8rica-FP-Baix-Empord\u00e0.jpg\",\"contentUrl\":\"https:\\\/\\\/www.fpbaixemporda.com\\\/wp-content\\\/uploads\\\/2020\\\/02\\\/Gen\u00e8rica-FP-Baix-Empord\u00e0.jpg\",\"width\":1400,\"height\":320,\"caption\":\"FP Baix Empord\u00e0\"},{\"@type\":\"BreadcrumbList\",\"@id\":\"https:\\\/\\\/www.fpbaixemporda.com\\\/cicles-formatius-grau-basic\\\/#breadcrumb\",\"itemListElement\":[{\"@type\":\"ListItem\",\"position\":1,\"name\":\"Home\",\"item\":\"https:\\\/\\\/www.fpbaixemporda.com\\\/\"},{\"@type\":\"ListItem\",\"position\":2,\"name\":\"Cicles Formatius Grau B\u00e0sic\"}]},{\"@type\":\"WebSite\",\"@id\":\"https:\\\/\\\/www.fpbaixemporda.com\\\/#website\",\"url\":\"https:\\\/\\\/www.fpbaixemporda.com\\\/\",\"name\":\"FP Baix Empord\u00e0\",\"description\":\"El teu futur en bones mans\",\"publisher\":{\"@id\":\"https:\\\/\\\/www.fpbaixemporda.com\\\/#organization\"},\"potentialAction\":[{\"@type\":\"SearchAction\",\"target\":{\"@type\":\"EntryPoint\",\"urlTemplate\":\"https:\\\/\\\/www.fpbaixemporda.com\\\/?s={search_term_string}\"},\"query-input\":{\"@type\":\"PropertyValueSpecification\",\"valueRequired\":true,\"valueName\":\"search_term_string\"}}],\"inLanguage\":\"es\"},{\"@type\":\"Organization\",\"@id\":\"https:\\\/\\\/www.fpbaixemporda.com\\\/#organization\",\"name\":\"FP Baix Empord\u00e0\",\"url\":\"https:\\\/\\\/www.fpbaixemporda.com\\\/\",\"logo\":{\"@type\":\"ImageObject\",\"inLanguage\":\"es\",\"@id\":\"https:\\\/\\\/www.fpbaixemporda.com\\\/#\\\/schema\\\/logo\\\/image\\\/\",\"url\":\"https:\\\/\\\/www.fpbaixemporda.com\\\/wp-content\\\/uploads\\\/2020\\\/02\\\/FP-Baix-Empord\u00e0-Logo.png\",\"contentUrl\":\"https:\\\/\\\/www.fpbaixemporda.com\\\/wp-content\\\/uploads\\\/2020\\\/02\\\/FP-Baix-Empord\u00e0-Logo.png\",\"width\":180,\"height\":117,\"caption\":\"FP Baix Empord\u00e0\"},\"image\":{\"@id\":\"https:\\\/\\\/www.fpbaixemporda.com\\\/#\\\/schema\\\/logo\\\/image\\\/\"},\"sameAs\":[\"https:\\\/\\\/www.facebook.com\\\/fpbaixemporda\",\"https:\\\/\\\/www.instagram.com\\\/fp_baixemporda\\\/\"]}]}<\/script>\n<!-- \/ Yoast SEO plugin. -->","yoast_head_json":{"title":"Ciclos Formativos Grado B\u00e1sico - FP Baix Empord\u00e0","robots":{"index":"index","follow":"follow","max-snippet":"max-snippet:-1","max-image-preview":"max-image-preview:large","max-video-preview":"max-video-preview:-1"},"canonical":"https:\/\/www.fpbaixemporda.com\/es\/cicles-formatius-grau-basic\/","og_locale":"es_ES","og_type":"article","og_title":"Cicles Formatius Grau B\u00e0sic - FP Baix Empord\u00e0","og_description":"Aquests cicles formatius s\u00f3n una oportunitat per als alumnes especialment motivats pels aprenentatges professionals i que presentin m\u00e9s possibilitats d&#8217;aprenentatge i d&#8217;assoliment de les compet\u00e8ncies d&#8217;educaci\u00f3 secund\u00e0ria obligat\u00f2ria en un entorn vinculat al m\u00f3n professional. Van dirigits a l&#8217;alumnat que ha cursat tercer curs d&#8217;educaci\u00f3 secund\u00e0ria obligat\u00f2ria (o, excepcionalment, segon curs), amb la proposta de+ Read More","og_url":"https:\/\/www.fpbaixemporda.com\/es\/cicles-formatius-grau-basic\/","og_site_name":"FP Baix Empord\u00e0","article_publisher":"https:\/\/www.facebook.com\/fpbaixemporda","article_modified_time":"2025-10-23T12:05:39+00:00","og_image":[{"width":1400,"height":320,"url":"https:\/\/www.fpbaixemporda.com\/wp-content\/uploads\/2020\/02\/Gen\u00e8rica-FP-Baix-Empord\u00e0.jpg","type":"image\/jpeg"}],"twitter_card":"summary_large_image","twitter_misc":{"Tiempo de lectura":"2 minutos"},"schema":{"@context":"https:\/\/schema.org","@graph":[{"@type":"WebPage","@id":"https:\/\/www.fpbaixemporda.com\/cicles-formatius-grau-basic\/","url":"https:\/\/www.fpbaixemporda.com\/cicles-formatius-grau-basic\/","name":"Ciclos Formativos Grado B\u00e1sico - FP Baix Empord\u00e0","isPartOf":{"@id":"https:\/\/www.fpbaixemporda.com\/#website"},"primaryImageOfPage":{"@id":"https:\/\/www.fpbaixemporda.com\/cicles-formatius-grau-basic\/#primaryimage"},"image":{"@id":"https:\/\/www.fpbaixemporda.com\/cicles-formatius-grau-basic\/#primaryimage"},"thumbnailUrl":"https:\/\/www.fpbaixemporda.com\/wp-content\/uploads\/2020\/02\/Gen\u00e8rica-FP-Baix-Empord\u00e0.jpg","datePublished":"2021-11-21T19:47:08+00:00","dateModified":"2025-10-23T12:05:39+00:00","breadcrumb":{"@id":"https:\/\/www.fpbaixemporda.com\/cicles-formatius-grau-basic\/#breadcrumb"},"inLanguage":"es","potentialAction":[{"@type":"ReadAction","target":["https:\/\/www.fpbaixemporda.com\/cicles-formatius-grau-basic\/"]}]},{"@type":"ImageObject","inLanguage":"es","@id":"https:\/\/www.fpbaixemporda.com\/cicles-formatius-grau-basic\/#primaryimage","url":"https:\/\/www.fpbaixemporda.com\/wp-content\/uploads\/2020\/02\/Gen\u00e8rica-FP-Baix-Empord\u00e0.jpg","contentUrl":"https:\/\/www.fpbaixemporda.com\/wp-content\/uploads\/2020\/02\/Gen\u00e8rica-FP-Baix-Empord\u00e0.jpg","width":1400,"height":320,"caption":"FP Baix Empord\u00e0"},{"@type":"BreadcrumbList","@id":"https:\/\/www.fpbaixemporda.com\/cicles-formatius-grau-basic\/#breadcrumb","itemListElement":[{"@type":"ListItem","position":1,"name":"Home","item":"https:\/\/www.fpbaixemporda.com\/"},{"@type":"ListItem","position":2,"name":"Cicles Formatius Grau B\u00e0sic"}]},{"@type":"WebSite","@id":"https:\/\/www.fpbaixemporda.com\/#website","url":"https:\/\/www.fpbaixemporda.com\/","name":"FP Baix Empord\u00e0","description":"El teu futur en bones mans","publisher":{"@id":"https:\/\/www.fpbaixemporda.com\/#organization"},"potentialAction":[{"@type":"SearchAction","target":{"@type":"EntryPoint","urlTemplate":"https:\/\/www.fpbaixemporda.com\/?s={search_term_string}"},"query-input":{"@type":"PropertyValueSpecification","valueRequired":true,"valueName":"search_term_string"}}],"inLanguage":"es"},{"@type":"Organization","@id":"https:\/\/www.fpbaixemporda.com\/#organization","name":"FP Baix Empord\u00e0","url":"https:\/\/www.fpbaixemporda.com\/","logo":{"@type":"ImageObject","inLanguage":"es","@id":"https:\/\/www.fpbaixemporda.com\/#\/schema\/logo\/image\/","url":"https:\/\/www.fpbaixemporda.com\/wp-content\/uploads\/2020\/02\/FP-Baix-Empord\u00e0-Logo.png","contentUrl":"https:\/\/www.fpbaixemporda.com\/wp-content\/uploads\/2020\/02\/FP-Baix-Empord\u00e0-Logo.png","width":180,"height":117,"caption":"FP Baix Empord\u00e0"},"image":{"@id":"https:\/\/www.fpbaixemporda.com\/#\/schema\/logo\/image\/"},"sameAs":["https:\/\/www.facebook.com\/fpbaixemporda","https:\/\/www.instagram.com\/fp_baixemporda\/"]}]}},"_links":{"self":[{"href":"https:\/\/www.fpbaixemporda.com\/es\/wp-json\/wp\/v2\/pages\/2796","targetHints":{"allow":["GET"]}}],"collection":[{"href":"https:\/\/www.fpbaixemporda.com\/es\/wp-json\/wp\/v2\/pages"}],"about":[{"href":"https:\/\/www.fpbaixemporda.com\/es\/wp-json\/wp\/v2\/types\/page"}],"author":[{"embeddable":true,"href":"https:\/\/www.fpbaixemporda.com\/es\/wp-json\/wp\/v2\/users\/1"}],"replies":[{"embeddable":true,"href":"https:\/\/www.fpbaixemporda.com\/es\/wp-json\/wp\/v2\/comments?post=2796"}],"version-history":[{"count":10,"href":"https:\/\/www.fpbaixemporda.com\/es\/wp-json\/wp\/v2\/pages\/2796\/revisions"}],"predecessor-version":[{"id":5503,"href":"https:\/\/www.fpbaixemporda.com\/es\/wp-json\/wp\/v2\/pages\/2796\/revisions\/5503"}],"wp:featuredmedia":[{"embeddable":true,"href":"https:\/\/www.fpbaixemporda.com\/es\/wp-json\/wp\/v2\/media\/654"}],"wp:attachment":[{"href":"https:\/\/www.fpbaixemporda.com\/es\/wp-json\/wp\/v2\/media?parent=2796"}],"curies":[{"name":"wp","href":"https:\/\/api.w.org\/{rel}","templated":true}]}}