{"id":4542,"date":"2024-04-25T17:51:33","date_gmt":"2024-04-25T15:51:33","guid":{"rendered":"https:\/\/www.fpbaixemporda.com\/?page_id=4542"},"modified":"2025-10-23T11:46:34","modified_gmt":"2025-10-23T09:46:34","slug":"itineraris-formatius-especifics","status":"publish","type":"page","link":"https:\/\/www.fpbaixemporda.com\/es\/itineraris-formatius-especifics\/","title":{"rendered":"Itinerarios Formativos Espec\u00edficos"},"content":{"rendered":"\t\t<div data-elementor-type=\"wp-page\" data-elementor-id=\"4542\" class=\"elementor elementor-4542\" data-elementor-post-type=\"page\">\n\t\t\t\t\t\t<section class=\"elementor-section elementor-top-section elementor-element elementor-element-5e7c431c elementor-section-full_width elementor-section-height-default elementor-section-height-default\" data-id=\"5e7c431c\" data-element_type=\"section\" data-e-type=\"section\">\n\t\t\t\t\t\t<div class=\"elementor-container elementor-column-gap-default\">\n\t\t\t\t\t<div class=\"elementor-column elementor-col-100 elementor-top-column elementor-element elementor-element-207609fd\" data-id=\"207609fd\" data-element_type=\"column\" data-e-type=\"column\">\n\t\t\t<div class=\"elementor-widget-wrap elementor-element-populated\">\n\t\t\t\t\t\t<div class=\"elementor-element elementor-element-7b2e275e elementor-widget elementor-widget-text-editor\" data-id=\"7b2e275e\" data-element_type=\"widget\" data-e-type=\"widget\" data-widget_type=\"text-editor.default\">\n\t\t\t\t\t\t\t\t\t<h3>Qu\u00e8 s\u00f3n?<\/h3><p style=\"text-align: justify;\">Els <strong>itineraris formatius espec\u00edfics (IFE)<\/strong> s\u00f3n ensenyaments professionals que s&#8217;adrecen a alumnes amb necessitats educatives especials associades a una discapacitat intel\u00b7lectual lleu o moderada, amb l&#8217;objectiu d&#8217;oferir atenci\u00f3 educativa, a l&#8217;etapa post obligat\u00f2ria, segons les necessitats individuals i les capacitats i habilitats pr\u00f2pies.<\/p><p style=\"text-align: justify;\">La finalitat d&#8217;aquests ensenyaments \u00e9s que els i les alumnes incrementin l&#8217;autonomia personal i assoleixin les compet\u00e8ncies professionals que els facilitin la transici\u00f3 a la vida adulta i la inclusi\u00f3 social i laboral.<\/p><h3>Requisits per accedir<\/h3><p style=\"text-align: justify;\">Poden accedir als itineraris els joves amb necessitats educatives especials associades a discapacitat intel\u00b7lectual lleu o moderada que tenen com a m\u00ednim 16 anys d&#8217;edat i com a m\u00e0xim 20, l\u2019any natural d\u2019inici de l\u2019itinerari<\/p><p>S&#8217;hi pot accedir amb i sense graduat d&#8217;educaci\u00f3 secund\u00e0ria.<\/p>\t\t\t\t\t\t\t\t<\/div>\n\t\t\t\t\t<\/div>\n\t\t<\/div>\n\t\t\t\t\t<\/div>\n\t\t<\/section>\n\t\t\t\t<section class=\"elementor-section elementor-top-section elementor-element elementor-element-c742cc3 elementor-section-full_width elementor-section-height-default elementor-section-height-default\" data-id=\"c742cc3\" data-element_type=\"section\" data-e-type=\"section\">\n\t\t\t\t\t\t<div class=\"elementor-container elementor-column-gap-default\">\n\t\t\t\t\t<div class=\"elementor-column elementor-col-100 elementor-top-column elementor-element elementor-element-ee3979a\" data-id=\"ee3979a\" data-element_type=\"column\" data-e-type=\"column\">\n\t\t\t<div class=\"elementor-widget-wrap elementor-element-populated\">\n\t\t\t\t\t\t<div class=\"elementor-element elementor-element-0d86765 elementor-widget elementor-widget-premium-img-gallery\" data-id=\"0d86765\" data-element_type=\"widget\" data-e-type=\"widget\" data-settings=\"{&quot;premium_gallery_img_content&quot;:[{&quot;premium_gallery_img_name&quot;:&quot;Auxiliar en Serveis de Restauraci\\u00f3 i Elaboraci\\u00f3 d&#039;\\u00c0pats&quot;,&quot;_id&quot;:&quot;d5ad85e&quot;,&quot;premium_gallery_img&quot;:{&quot;url&quot;:&quot;https:\\\/\\\/www.fpbaixemporda.com\\\/wp-content\\\/uploads\\\/2024\\\/11\\\/FP-Baix-Emporda-Itineraris-Formatius-Especifics-Auxiliar-en-Serveis-de-Restauracio-i-Elaboracio-dApats.jpg&quot;,&quot;id&quot;:4780,&quot;size&quot;:&quot;&quot;,&quot;alt&quot;:&quot;FP Baix Empord\\u00e0 - Itineraris Formatius Espec\\u00edfics - Auxiliar en Serveis de Restauraci\\u00f3 i Elaboraci\\u00f3 d&#039;\\u00c0pats&quot;,&quot;source&quot;:&quot;library&quot;},&quot;premium_gallery_img_link&quot;:{&quot;url&quot;:&quot;https:\\\/\\\/www.fpbaixemporda.com\\\/docs\\\/Itineraris-formatius-especifics-Auxiliar-restauracio.pdf&quot;,&quot;is_external&quot;:&quot;on&quot;,&quot;nofollow&quot;:&quot;&quot;,&quot;custom_attributes&quot;:&quot;&quot;},&quot;premium_gallery_link_whole&quot;:&quot;yes&quot;,&quot;premium_gallery_img_existing&quot;:null,&quot;premium_gallery_image_cell&quot;:{&quot;unit&quot;:&quot;px&quot;,&quot;size&quot;:4,&quot;sizes&quot;:[]},&quot;premium_gallery_image_cell_tablet&quot;:{&quot;unit&quot;:&quot;px&quot;,&quot;size&quot;:&quot;&quot;,&quot;sizes&quot;:[]},&quot;premium_gallery_image_cell_mobile&quot;:{&quot;unit&quot;:&quot;px&quot;,&quot;size&quot;:&quot;&quot;,&quot;sizes&quot;:[]},&quot;premium_gallery_image_vcell&quot;:{&quot;unit&quot;:&quot;px&quot;,&quot;size&quot;:4,&quot;sizes&quot;:[]},&quot;premium_gallery_image_vcell_tablet&quot;:{&quot;unit&quot;:&quot;px&quot;,&quot;size&quot;:&quot;&quot;,&quot;sizes&quot;:[]},&quot;premium_gallery_image_vcell_mobile&quot;:{&quot;unit&quot;:&quot;px&quot;,&quot;size&quot;:&quot;&quot;,&quot;sizes&quot;:[]},&quot;premium_gallery_video&quot;:&quot;&quot;,&quot;premium_gallery_video_type&quot;:null,&quot;premium_gallery_video_url&quot;:null,&quot;premium_gallery_video_self&quot;:null,&quot;premium_gallery_video_self_url&quot;:null,&quot;premium_gallery_video_controls&quot;:null,&quot;premium_gallery_video_mute&quot;:null,&quot;premium_gallery_video_loop&quot;:null,&quot;download_button&quot;:null,&quot;privacy_mode&quot;:null,&quot;premmium_gallery_img_info&quot;:&quot;&quot;,&quot;premium_gallery_img_desc&quot;:&quot;&quot;,&quot;premium_gallery_img_category&quot;:&quot;&quot;,&quot;premium_gallery_img_link_type&quot;:&quot;url&quot;,&quot;premium_gallery_lightbox_whole&quot;:&quot;&quot;},{&quot;premium_gallery_img_name&quot;:&quot;Auxiliar en Cura d&#039;Animals i Espais Verds&quot;,&quot;premium_gallery_img&quot;:{&quot;url&quot;:&quot;https:\\\/\\\/www.fpbaixemporda.com\\\/wp-content\\\/uploads\\\/2024\\\/11\\\/FP-Baix-Emporda-Itineraris-Formatius-Especifics-Auxiliar-en-Cura-dAnimals-i-Espais-Verds.jpg&quot;,&quot;id&quot;:4776,&quot;size&quot;:&quot;&quot;,&quot;alt&quot;:&quot;&quot;,&quot;source&quot;:&quot;library&quot;},&quot;premium_gallery_img_link&quot;:{&quot;url&quot;:&quot;https:\\\/\\\/www.fpbaixemporda.com\\\/docs\\\/IFE-CEE_Els_angels-Auxiliar_cura_animals_espais_verds.pdf&quot;,&quot;is_external&quot;:&quot;on&quot;,&quot;nofollow&quot;:&quot;&quot;,&quot;custom_attributes&quot;:&quot;&quot;},&quot;premium_gallery_link_whole&quot;:&quot;yes&quot;,&quot;premium_gallery_img_existing&quot;:null,&quot;_id&quot;:&quot;cde3f05&quot;,&quot;premium_gallery_image_cell&quot;:{&quot;unit&quot;:&quot;px&quot;,&quot;size&quot;:4,&quot;sizes&quot;:[]},&quot;premium_gallery_image_cell_tablet&quot;:{&quot;unit&quot;:&quot;px&quot;,&quot;size&quot;:&quot;&quot;,&quot;sizes&quot;:[]},&quot;premium_gallery_image_cell_mobile&quot;:{&quot;unit&quot;:&quot;px&quot;,&quot;size&quot;:&quot;&quot;,&quot;sizes&quot;:[]},&quot;premium_gallery_image_vcell&quot;:{&quot;unit&quot;:&quot;px&quot;,&quot;size&quot;:4,&quot;sizes&quot;:[]},&quot;premium_gallery_image_vcell_tablet&quot;:{&quot;unit&quot;:&quot;px&quot;,&quot;size&quot;:&quot;&quot;,&quot;sizes&quot;:[]},&quot;premium_gallery_image_vcell_mobile&quot;:{&quot;unit&quot;:&quot;px&quot;,&quot;size&quot;:&quot;&quot;,&quot;sizes&quot;:[]},&quot;premium_gallery_video&quot;:&quot;&quot;,&quot;premium_gallery_video_type&quot;:null,&quot;premium_gallery_video_url&quot;:null,&quot;premium_gallery_video_self&quot;:null,&quot;premium_gallery_video_self_url&quot;:null,&quot;premium_gallery_video_controls&quot;:null,&quot;premium_gallery_video_mute&quot;:null,&quot;premium_gallery_video_loop&quot;:null,&quot;download_button&quot;:null,&quot;privacy_mode&quot;:null,&quot;premmium_gallery_img_info&quot;:&quot;&quot;,&quot;premium_gallery_img_desc&quot;:&quot;&quot;,&quot;premium_gallery_img_category&quot;:&quot;&quot;,&quot;premium_gallery_img_link_type&quot;:&quot;url&quot;,&quot;premium_gallery_lightbox_whole&quot;:&quot;&quot;}]}\" data-widget_type=\"premium-img-gallery.default\">\n\t\t\t\t\t\n\t<div class=\"premium-img-gallery-no-lightbox elementor-invisible premium-img-gallery premium-img-gallery-fitRows zoomin premium-gallery-icon-show\" id=\"premium-img-gallery-0d86765\">\n\t\t\n\t\t<div class=\"premium-gallery-container\" data-settings=\"{&quot;img_size&quot;:&quot;fitRows&quot;,&quot;filter&quot;:&quot;&quot;,&quot;theme&quot;:null,&quot;active_cat&quot;:&quot;*&quot;,&quot;ltr_mode&quot;:true,&quot;shuffle&quot;:false,&quot;sort_by&quot;:&quot;random&quot;,&quot;skin&quot;:&quot;default&quot;}\">\n\n\t\t\t\t\t\t\t<div class=\"premium-gallery-item elementor-repeater-item-d5ad85e \">\n\t\t\t\t<div class=\"pa-gallery-img default\" onclick=\"\">\n\t\t\t\t\t<div class=\"pa-gallery-img-container\">\n\t\t\t\t\t\t\t\t<img fetchpriority=\"high\" decoding=\"async\" width=\"660\" height=\"440\" src=\"https:\/\/www.fpbaixemporda.com\/wp-content\/uploads\/2024\/11\/FP-Baix-Emporda-Itineraris-Formatius-Especifics-Auxiliar-en-Serveis-de-Restauracio-i-Elaboracio-dApats.jpg\" class=\"attachment-full size-full wp-image-4780\" alt=\"FP Baix Empord\u00e0 - Itineraris Formatius Espec\u00edfics - Auxiliar en Serveis de Restauraci\u00f3 i Elaboraci\u00f3 d&#039;\u00c0pats\" srcset=\"https:\/\/www.fpbaixemporda.com\/wp-content\/uploads\/2024\/11\/FP-Baix-Emporda-Itineraris-Formatius-Especifics-Auxiliar-en-Serveis-de-Restauracio-i-Elaboracio-dApats.jpg 660w, https:\/\/www.fpbaixemporda.com\/wp-content\/uploads\/2024\/11\/FP-Baix-Emporda-Itineraris-Formatius-Especifics-Auxiliar-en-Serveis-de-Restauracio-i-Elaboracio-dApats-300x200.jpg 300w\" sizes=\"(max-width: 660px) 100vw, 660px\" \/>\t\t\t\t\t\t\t<\/div>\n\t\t\t\t\t\t\t\t\t\t\t\t<div class=\"pa-gallery-icons-wrapper\">\n\t\t\t\t\t\t\t\t<div class=\"pa-gallery-icons-inner-container\">\n\t\t\t\t\t\t\t\t\t\t\t\t\t\t\t\t\t<\/div>\n\t\t\t\t\t\t\t<\/div>\n\t\t\t\t\t\t\t\t\t\t<div class=\"premium-gallery-caption\">\n\n\t\t\t\t\t\t\t\t\t<span class=\"premium-gallery-img-name\">Auxiliar en Serveis de Restauraci\u00f3 i Elaboraci\u00f3 d'\u00c0pats<\/span>\n\t\t\t\t\t\n\t\t\t<\/div>\n\t\t\t\t\t\t\t\t\t\t<a class=\"pa-gallery-whole-link\" href=\"https:\/\/www.fpbaixemporda.com\/docs\/Itineraris-formatius-especifics-Auxiliar-restauracio.pdf\" target=\"_blank\">\n\t\t\t\t\t\t\t\t<span>\n\t\t\t\t\t\t\t\t\tAuxiliar en Serveis de Restauraci\u00f3 i Elaboraci\u00f3 d'\u00c0pats\t\t\t\t\t\t\t\t<\/span>\n\t\t\t\t\t\t\t<\/a>\n\t\t\t\t\t\t\t\t\t\t\t<\/div>\n\t\t\t<\/div>\n\t\t\t\t\t\t\t<div class=\"premium-gallery-item elementor-repeater-item-cde3f05 \">\n\t\t\t\t<div class=\"pa-gallery-img default\" onclick=\"\">\n\t\t\t\t\t<div class=\"pa-gallery-img-container\">\n\t\t\t\t\t\t\t\t<img decoding=\"async\" width=\"660\" height=\"440\" src=\"https:\/\/www.fpbaixemporda.com\/wp-content\/uploads\/2024\/11\/FP-Baix-Emporda-Itineraris-Formatius-Especifics-Auxiliar-en-Cura-dAnimals-i-Espais-Verds.jpg\" class=\"attachment-full size-full wp-image-4776\" alt=\"\" srcset=\"https:\/\/www.fpbaixemporda.com\/wp-content\/uploads\/2024\/11\/FP-Baix-Emporda-Itineraris-Formatius-Especifics-Auxiliar-en-Cura-dAnimals-i-Espais-Verds.jpg 660w, https:\/\/www.fpbaixemporda.com\/wp-content\/uploads\/2024\/11\/FP-Baix-Emporda-Itineraris-Formatius-Especifics-Auxiliar-en-Cura-dAnimals-i-Espais-Verds-300x200.jpg 300w\" sizes=\"(max-width: 660px) 100vw, 660px\" \/>\t\t\t\t\t\t\t<\/div>\n\t\t\t\t\t\t\t\t\t\t\t\t<div class=\"pa-gallery-icons-wrapper\">\n\t\t\t\t\t\t\t\t<div class=\"pa-gallery-icons-inner-container\">\n\t\t\t\t\t\t\t\t\t\t\t\t\t\t\t\t\t<\/div>\n\t\t\t\t\t\t\t<\/div>\n\t\t\t\t\t\t\t\t\t\t<div class=\"premium-gallery-caption\">\n\n\t\t\t\t\t\t\t\t\t<span class=\"premium-gallery-img-name\">Auxiliar en Cura d'Animals i Espais Verds<\/span>\n\t\t\t\t\t\n\t\t\t<\/div>\n\t\t\t\t\t\t\t\t\t\t<a class=\"pa-gallery-whole-link\" href=\"https:\/\/www.fpbaixemporda.com\/docs\/IFE-CEE_Els_angels-Auxiliar_cura_animals_espais_verds.pdf\" target=\"_blank\">\n\t\t\t\t\t\t\t\t<span>\n\t\t\t\t\t\t\t\t\tAuxiliar en Cura d'Animals i Espais Verds\t\t\t\t\t\t\t\t<\/span>\n\t\t\t\t\t\t\t<\/a>\n\t\t\t\t\t\t\t\t\t\t\t<\/div>\n\t\t\t<\/div>\n\t\t\t\n\t\t\t\t\t<\/div>\n\n\t\t\n\t<\/div>\n\n\t\t\n\t\t\n\t\t\t\t\t\t<\/div>\n\t\t\t\t\t<\/div>\n\t\t<\/div>\n\t\t\t\t\t<\/div>\n\t\t<\/section>\n\t\t\t\t<\/div>\n\t\t","protected":false},"excerpt":{"rendered":"<p>Qu\u00e8 s\u00f3n? Els itineraris formatius espec\u00edfics (IFE) s\u00f3n ensenyaments professionals que s&#8217;adrecen a alumnes amb necessitats educatives especials associades a una discapacitat intel\u00b7lectual lleu o moderada, amb l&#8217;objectiu d&#8217;oferir atenci\u00f3 educativa, a l&#8217;etapa post obligat\u00f2ria, segons les necessitats individuals i les capacitats i habilitats pr\u00f2pies. La finalitat d&#8217;aquests ensenyaments \u00e9s que els i les alumnes<br \/><a class=\"moretag\" href=\"https:\/\/www.fpbaixemporda.com\/es\/itineraris-formatius-especifics\/\">+ Read More<\/a><\/p>","protected":false},"author":1,"featured_media":654,"parent":0,"menu_order":0,"comment_status":"closed","ping_status":"closed","template":"templates\/page-fullwidth_template.php","meta":{"footnotes":""},"class_list":["post-4542","page","type-page","status-publish","has-post-thumbnail","hentry"],"yoast_head":"<!-- This site is optimized with the Yoast SEO plugin v27.4 - https:\/\/yoast.com\/product\/yoast-seo-wordpress\/ -->\n<title>Itineraris Formatius Espec\u00edfics - FP Baix Empord\u00e0<\/title>\n<meta name=\"description\" content=\"Els itineraris formatius espec\u00edfics s\u00f3n ensenyaments professionals adre\u00e7ats a alumnes amb necessitats educatives especials.\" \/>\n<meta name=\"robots\" content=\"index, follow, max-snippet:-1, max-image-preview:large, max-video-preview:-1\" \/>\n<link rel=\"canonical\" href=\"https:\/\/www.fpbaixemporda.com\/es\/itineraris-formatius-especifics\/\" \/>\n<meta property=\"og:locale\" content=\"es_ES\" \/>\n<meta property=\"og:type\" content=\"article\" \/>\n<meta property=\"og:title\" content=\"Itineraris Formatius Espec\u00edfics - FP Baix Empord\u00e0\" \/>\n<meta property=\"og:description\" content=\"Els itineraris formatius espec\u00edfics s\u00f3n ensenyaments professionals adre\u00e7ats a alumnes amb necessitats educatives especials.\" \/>\n<meta property=\"og:url\" content=\"https:\/\/www.fpbaixemporda.com\/es\/itineraris-formatius-especifics\/\" \/>\n<meta property=\"og:site_name\" content=\"FP Baix Empord\u00e0\" \/>\n<meta property=\"article:publisher\" content=\"https:\/\/www.facebook.com\/fpbaixemporda\" \/>\n<meta property=\"article:modified_time\" content=\"2025-10-23T09:46:34+00:00\" \/>\n<meta property=\"og:image\" content=\"https:\/\/www.fpbaixemporda.com\/wp-content\/uploads\/2020\/02\/Gen\u00e8rica-FP-Baix-Empord\u00e0.jpg\" \/>\n\t<meta property=\"og:image:width\" content=\"1400\" \/>\n\t<meta property=\"og:image:height\" content=\"320\" \/>\n\t<meta property=\"og:image:type\" content=\"image\/jpeg\" \/>\n<meta name=\"twitter:card\" content=\"summary_large_image\" \/>\n<meta name=\"twitter:label1\" content=\"Tiempo de lectura\" \/>\n\t<meta name=\"twitter:data1\" content=\"2 minutos\" \/>\n<script type=\"application\/ld+json\" class=\"yoast-schema-graph\">{\"@context\":\"https:\\\/\\\/schema.org\",\"@graph\":[{\"@type\":\"WebPage\",\"@id\":\"https:\\\/\\\/www.fpbaixemporda.com\\\/itineraris-formatius-especifics\\\/\",\"url\":\"https:\\\/\\\/www.fpbaixemporda.com\\\/itineraris-formatius-especifics\\\/\",\"name\":\"Itineraris Formatius Espec\u00edfics - FP Baix Empord\u00e0\",\"isPartOf\":{\"@id\":\"https:\\\/\\\/www.fpbaixemporda.com\\\/#website\"},\"primaryImageOfPage\":{\"@id\":\"https:\\\/\\\/www.fpbaixemporda.com\\\/itineraris-formatius-especifics\\\/#primaryimage\"},\"image\":{\"@id\":\"https:\\\/\\\/www.fpbaixemporda.com\\\/itineraris-formatius-especifics\\\/#primaryimage\"},\"thumbnailUrl\":\"https:\\\/\\\/www.fpbaixemporda.com\\\/wp-content\\\/uploads\\\/2020\\\/02\\\/Gen\u00e8rica-FP-Baix-Empord\u00e0.jpg\",\"datePublished\":\"2024-04-25T15:51:33+00:00\",\"dateModified\":\"2025-10-23T09:46:34+00:00\",\"description\":\"Els itineraris formatius espec\u00edfics s\u00f3n ensenyaments professionals adre\u00e7ats a alumnes amb necessitats educatives especials.\",\"breadcrumb\":{\"@id\":\"https:\\\/\\\/www.fpbaixemporda.com\\\/itineraris-formatius-especifics\\\/#breadcrumb\"},\"inLanguage\":\"es\",\"potentialAction\":[{\"@type\":\"ReadAction\",\"target\":[\"https:\\\/\\\/www.fpbaixemporda.com\\\/itineraris-formatius-especifics\\\/\"]}]},{\"@type\":\"ImageObject\",\"inLanguage\":\"es\",\"@id\":\"https:\\\/\\\/www.fpbaixemporda.com\\\/itineraris-formatius-especifics\\\/#primaryimage\",\"url\":\"https:\\\/\\\/www.fpbaixemporda.com\\\/wp-content\\\/uploads\\\/2020\\\/02\\\/Gen\u00e8rica-FP-Baix-Empord\u00e0.jpg\",\"contentUrl\":\"https:\\\/\\\/www.fpbaixemporda.com\\\/wp-content\\\/uploads\\\/2020\\\/02\\\/Gen\u00e8rica-FP-Baix-Empord\u00e0.jpg\",\"width\":1400,\"height\":320,\"caption\":\"FP Baix Empord\u00e0\"},{\"@type\":\"BreadcrumbList\",\"@id\":\"https:\\\/\\\/www.fpbaixemporda.com\\\/itineraris-formatius-especifics\\\/#breadcrumb\",\"itemListElement\":[{\"@type\":\"ListItem\",\"position\":1,\"name\":\"Home\",\"item\":\"https:\\\/\\\/www.fpbaixemporda.com\\\/\"},{\"@type\":\"ListItem\",\"position\":2,\"name\":\"Itineraris Formatius Espec\u00edfics\"}]},{\"@type\":\"WebSite\",\"@id\":\"https:\\\/\\\/www.fpbaixemporda.com\\\/#website\",\"url\":\"https:\\\/\\\/www.fpbaixemporda.com\\\/\",\"name\":\"FP Baix Empord\u00e0\",\"description\":\"El teu futur en bones mans\",\"publisher\":{\"@id\":\"https:\\\/\\\/www.fpbaixemporda.com\\\/#organization\"},\"potentialAction\":[{\"@type\":\"SearchAction\",\"target\":{\"@type\":\"EntryPoint\",\"urlTemplate\":\"https:\\\/\\\/www.fpbaixemporda.com\\\/?s={search_term_string}\"},\"query-input\":{\"@type\":\"PropertyValueSpecification\",\"valueRequired\":true,\"valueName\":\"search_term_string\"}}],\"inLanguage\":\"es\"},{\"@type\":\"Organization\",\"@id\":\"https:\\\/\\\/www.fpbaixemporda.com\\\/#organization\",\"name\":\"FP Baix Empord\u00e0\",\"url\":\"https:\\\/\\\/www.fpbaixemporda.com\\\/\",\"logo\":{\"@type\":\"ImageObject\",\"inLanguage\":\"es\",\"@id\":\"https:\\\/\\\/www.fpbaixemporda.com\\\/#\\\/schema\\\/logo\\\/image\\\/\",\"url\":\"https:\\\/\\\/www.fpbaixemporda.com\\\/wp-content\\\/uploads\\\/2020\\\/02\\\/FP-Baix-Empord\u00e0-Logo.png\",\"contentUrl\":\"https:\\\/\\\/www.fpbaixemporda.com\\\/wp-content\\\/uploads\\\/2020\\\/02\\\/FP-Baix-Empord\u00e0-Logo.png\",\"width\":180,\"height\":117,\"caption\":\"FP Baix Empord\u00e0\"},\"image\":{\"@id\":\"https:\\\/\\\/www.fpbaixemporda.com\\\/#\\\/schema\\\/logo\\\/image\\\/\"},\"sameAs\":[\"https:\\\/\\\/www.facebook.com\\\/fpbaixemporda\",\"https:\\\/\\\/www.instagram.com\\\/fp_baixemporda\\\/\"]}]}<\/script>\n<!-- \/ Yoast SEO plugin. -->","yoast_head_json":{"title":"Itinerarios Formativos Espec\u00edficos - FP Baix Empord\u00e0","description":"Los itinerarios formativos espec\u00edficos son ense\u00f1anzas profesionales dirigidas a alumnos con necesidades educativas especiales.","robots":{"index":"index","follow":"follow","max-snippet":"max-snippet:-1","max-image-preview":"max-image-preview:large","max-video-preview":"max-video-preview:-1"},"canonical":"https:\/\/www.fpbaixemporda.com\/es\/itineraris-formatius-especifics\/","og_locale":"es_ES","og_type":"article","og_title":"Itineraris Formatius Espec\u00edfics - FP Baix Empord\u00e0","og_description":"Els itineraris formatius espec\u00edfics s\u00f3n ensenyaments professionals adre\u00e7ats a alumnes amb necessitats educatives especials.","og_url":"https:\/\/www.fpbaixemporda.com\/es\/itineraris-formatius-especifics\/","og_site_name":"FP Baix Empord\u00e0","article_publisher":"https:\/\/www.facebook.com\/fpbaixemporda","article_modified_time":"2025-10-23T09:46:34+00:00","og_image":[{"width":1400,"height":320,"url":"https:\/\/www.fpbaixemporda.com\/wp-content\/uploads\/2020\/02\/Gen\u00e8rica-FP-Baix-Empord\u00e0.jpg","type":"image\/jpeg"}],"twitter_card":"summary_large_image","twitter_misc":{"Tiempo de lectura":"2 minutos"},"schema":{"@context":"https:\/\/schema.org","@graph":[{"@type":"WebPage","@id":"https:\/\/www.fpbaixemporda.com\/itineraris-formatius-especifics\/","url":"https:\/\/www.fpbaixemporda.com\/itineraris-formatius-especifics\/","name":"Itinerarios Formativos Espec\u00edficos - FP Baix Empord\u00e0","isPartOf":{"@id":"https:\/\/www.fpbaixemporda.com\/#website"},"primaryImageOfPage":{"@id":"https:\/\/www.fpbaixemporda.com\/itineraris-formatius-especifics\/#primaryimage"},"image":{"@id":"https:\/\/www.fpbaixemporda.com\/itineraris-formatius-especifics\/#primaryimage"},"thumbnailUrl":"https:\/\/www.fpbaixemporda.com\/wp-content\/uploads\/2020\/02\/Gen\u00e8rica-FP-Baix-Empord\u00e0.jpg","datePublished":"2024-04-25T15:51:33+00:00","dateModified":"2025-10-23T09:46:34+00:00","description":"Los itinerarios formativos espec\u00edficos son ense\u00f1anzas profesionales dirigidas a alumnos con necesidades educativas especiales.","breadcrumb":{"@id":"https:\/\/www.fpbaixemporda.com\/itineraris-formatius-especifics\/#breadcrumb"},"inLanguage":"es","potentialAction":[{"@type":"ReadAction","target":["https:\/\/www.fpbaixemporda.com\/itineraris-formatius-especifics\/"]}]},{"@type":"ImageObject","inLanguage":"es","@id":"https:\/\/www.fpbaixemporda.com\/itineraris-formatius-especifics\/#primaryimage","url":"https:\/\/www.fpbaixemporda.com\/wp-content\/uploads\/2020\/02\/Gen\u00e8rica-FP-Baix-Empord\u00e0.jpg","contentUrl":"https:\/\/www.fpbaixemporda.com\/wp-content\/uploads\/2020\/02\/Gen\u00e8rica-FP-Baix-Empord\u00e0.jpg","width":1400,"height":320,"caption":"FP Baix Empord\u00e0"},{"@type":"BreadcrumbList","@id":"https:\/\/www.fpbaixemporda.com\/itineraris-formatius-especifics\/#breadcrumb","itemListElement":[{"@type":"ListItem","position":1,"name":"Home","item":"https:\/\/www.fpbaixemporda.com\/"},{"@type":"ListItem","position":2,"name":"Itineraris Formatius Espec\u00edfics"}]},{"@type":"WebSite","@id":"https:\/\/www.fpbaixemporda.com\/#website","url":"https:\/\/www.fpbaixemporda.com\/","name":"FP Baix Empord\u00e0","description":"El teu futur en bones mans","publisher":{"@id":"https:\/\/www.fpbaixemporda.com\/#organization"},"potentialAction":[{"@type":"SearchAction","target":{"@type":"EntryPoint","urlTemplate":"https:\/\/www.fpbaixemporda.com\/?s={search_term_string}"},"query-input":{"@type":"PropertyValueSpecification","valueRequired":true,"valueName":"search_term_string"}}],"inLanguage":"es"},{"@type":"Organization","@id":"https:\/\/www.fpbaixemporda.com\/#organization","name":"FP Baix Empord\u00e0","url":"https:\/\/www.fpbaixemporda.com\/","logo":{"@type":"ImageObject","inLanguage":"es","@id":"https:\/\/www.fpbaixemporda.com\/#\/schema\/logo\/image\/","url":"https:\/\/www.fpbaixemporda.com\/wp-content\/uploads\/2020\/02\/FP-Baix-Empord\u00e0-Logo.png","contentUrl":"https:\/\/www.fpbaixemporda.com\/wp-content\/uploads\/2020\/02\/FP-Baix-Empord\u00e0-Logo.png","width":180,"height":117,"caption":"FP Baix Empord\u00e0"},"image":{"@id":"https:\/\/www.fpbaixemporda.com\/#\/schema\/logo\/image\/"},"sameAs":["https:\/\/www.facebook.com\/fpbaixemporda","https:\/\/www.instagram.com\/fp_baixemporda\/"]}]}},"_links":{"self":[{"href":"https:\/\/www.fpbaixemporda.com\/es\/wp-json\/wp\/v2\/pages\/4542","targetHints":{"allow":["GET"]}}],"collection":[{"href":"https:\/\/www.fpbaixemporda.com\/es\/wp-json\/wp\/v2\/pages"}],"about":[{"href":"https:\/\/www.fpbaixemporda.com\/es\/wp-json\/wp\/v2\/types\/page"}],"author":[{"embeddable":true,"href":"https:\/\/www.fpbaixemporda.com\/es\/wp-json\/wp\/v2\/users\/1"}],"replies":[{"embeddable":true,"href":"https:\/\/www.fpbaixemporda.com\/es\/wp-json\/wp\/v2\/comments?post=4542"}],"version-history":[{"count":7,"href":"https:\/\/www.fpbaixemporda.com\/es\/wp-json\/wp\/v2\/pages\/4542\/revisions"}],"predecessor-version":[{"id":5361,"href":"https:\/\/www.fpbaixemporda.com\/es\/wp-json\/wp\/v2\/pages\/4542\/revisions\/5361"}],"wp:featuredmedia":[{"embeddable":true,"href":"https:\/\/www.fpbaixemporda.com\/es\/wp-json\/wp\/v2\/media\/654"}],"wp:attachment":[{"href":"https:\/\/www.fpbaixemporda.com\/es\/wp-json\/wp\/v2\/media?parent=4542"}],"curies":[{"name":"wp","href":"https:\/\/api.w.org\/{rel}","templated":true}]}}