{"id":5486,"date":"2025-10-23T13:53:48","date_gmt":"2025-10-23T11:53:48","guid":{"rendered":"https:\/\/www.fpbaixemporda.com\/?page_id=5486"},"modified":"2025-10-23T14:04:33","modified_gmt":"2025-10-23T12:04:33","slug":"electricitat-i-electronica","status":"publish","type":"page","link":"https:\/\/www.fpbaixemporda.com\/es\/cicles-formatius-grau-basic\/electricitat-i-electronica\/","title":{"rendered":"FP B\u00e1sica Electricidad y Electr\u00f3nica"},"content":{"rendered":"<h3>Descripci\u00f3n<\/h3>\n<p style=\"text-align: justify;\">Estos estudios capacitan para realizar operaciones auxiliares en el montaje y mantenimiento de elementos y equipos el\u00e9ctricos y electr\u00f3nicos, as\u00ed como instalaciones electrot\u00e9cnicas y de telecomunicaciones para edificios y conjuntos de edificios, aplicando las t\u00e9cnicas requeridas, operando con la calidad indicada, observando las normas de prevenci\u00f3n de riesgos laborales y protecci\u00f3n medioambiental y castellano y lengua inglesa.<\/p>\n<p style=\"text-align: justify;\">La duraci\u00f3n es de 2.000 horas, distribuidas en dos cursos acad\u00e9micos (1.584 en un centro educativo y 416 (horas de estancia en la empresa) en un centro de trabajo).<\/p>\n<h3>Contenidos<\/h3>\n<ul>\n<li>Ciencias aplicadas I.<\/li>\n<li>Ciencias aplicadas II.<\/li>\n<li>Comunicaci\u00f3n y ciencias sociales I.<\/li>\n<li>Comunicaci\u00f3n y ciencias sociales II.<\/li>\n<li>Tutor\u00eda I.<\/li>\n<li>Tutor\u00eda II.<\/li>\n<li>Itinerario personal para la empleabilidad.<\/li>\n<li>Instalaciones el\u00e9ctricas y dom\u00f3ticas.<\/li>\n<li>Instalaciones de telecomunicaciones.<\/li>\n<li>Equipos el\u00e9ctricos y electr\u00f3nicos.<\/li>\n<li>Instalaci\u00f3n y mantenimiento de redes para transmisi\u00f3n de datos.<\/li>\n<\/ul>\n<h3>C\u00f3mo acceder<\/h3>\n<p style=\"text-align: justify;\">Para acceder a un ciclo formativo de grado b\u00e1sico, es necesario cumplir simult\u00e1neamente los siguientes requisitos:<\/p>\n<ul>\n<li>Tener quince\u00a0a\u00f1os cumplidos o cumplirlos durante el a\u00f1o natural en el que se accede al ciclo formativo.<\/li>\n<li>Haber cursado el tercer curso de la ESO. Excepcionalmente, se puede admitir si has realizado el segundo curso, siempre que cuentes con el visto bueno del equipo docente y del responsable de la orientaci\u00f3n en el centro.<\/li>\n<li>Tener esta propuesta de estudios en tu consejo orientador, o solicitarlo (t\u00fa y tu familia).<\/li>\n<\/ul>\n<h3>Salidas profesionales<\/h3>\n<h4>Salidas acad\u00e9micas<\/h4>\n<p style=\"text-align: justify;\">Las personas que superan el ciclo formativo obtienen el t\u00edtulo de t\u00e9cnico b\u00e1sico o t\u00e9cnica b\u00e1sica y el t\u00edtulo de graduado o graduada en ESO, que les permite acceder a cualquier ciclo formativo de grado medio.<\/p>\n<h4>Salidas laborales<\/h4>\n<ul>\n<li style=\"text-align: justify;\">Operario u operaria de instalaciones el\u00e9ctricas de baja tensi\u00f3n,<\/li>\n<li>Ayudante de montador de antenas receptoras o televisi\u00f3n por sat\u00e9lite,<\/li>\n<li>Ayudante de instalador y reparador de equipos telef\u00f3nicos y telegr\u00e1ficos,<\/li>\n<li>Ayudante de instalador de equipos y sistemas de comunicaci\u00f3n,<\/li>\n<li>Ayudante de instalador reparador de instalaciones telef\u00f3nicas,<\/li>\n<li>Pe\u00f3n de la industria de producci\u00f3n y distribuci\u00f3n de energ\u00eda el\u00e9ctrica,<\/li>\n<li>Ayudante de montador de sistemas microinform\u00e1ticos,<\/li>\n<li>Operador u operadora de ensamblaje de equipos el\u00e9ctricos y electr\u00f3nicos,<\/li>\n<li>Auxiliar de mantenimiento de equipos el\u00e9ctricos y electr\u00f3nicos,<\/li>\n<li>Probador o probadora o ajustador o ajustadora de placas y equipos el\u00e9ctricos y electr\u00f3nicos, y<\/li>\n<li>Montador o montadora de componentes en placas de circuito impreso.<\/li>\n<\/ul>\n<h3>Puedes estudiar este ciclo en\u2026<\/h3>\n\t\t<div data-elementor-type=\"page\" data-elementor-id=\"2827\" class=\"elementor elementor-2827\" data-elementor-post-type=\"elementor_library\">\n\t\t\t\t\t\t<section class=\"elementor-section elementor-top-section elementor-element elementor-element-716150c elementor-section-full_width elementor-section-height-default elementor-section-height-default\" data-id=\"716150c\" data-element_type=\"section\" data-e-type=\"section\">\n\t\t\t\t\t\t<div class=\"elementor-container elementor-column-gap-no\">\n\t\t\t\t\t<div class=\"elementor-column elementor-col-100 elementor-top-column elementor-element elementor-element-8f05eef\" data-id=\"8f05eef\" data-element_type=\"column\" data-e-type=\"column\">\n\t\t\t<div class=\"elementor-widget-wrap elementor-element-populated\">\n\t\t\t\t\t\t<section class=\"elementor-section elementor-inner-section elementor-element elementor-element-d688b89 elementor-section-full_width elementor-section-height-default elementor-section-height-default\" data-id=\"d688b89\" data-element_type=\"section\" data-e-type=\"section\">\n\t\t\t\t\t\t<div class=\"elementor-container elementor-column-gap-narrow\">\n\t\t\t\t\t<div class=\"elementor-column elementor-col-16 elementor-inner-column elementor-element elementor-element-c96b13e\" data-id=\"c96b13e\" data-element_type=\"column\" data-e-type=\"column\">\n\t\t\t<div class=\"elementor-widget-wrap elementor-element-populated\">\n\t\t\t\t\t\t<div class=\"elementor-element elementor-element-9f5039e elementor-widget elementor-widget-image\" data-id=\"9f5039e\" data-element_type=\"widget\" data-e-type=\"widget\" data-widget_type=\"image.default\">\n\t\t\t\t\t\t\t\t\t\t\t\t\t\t\t<img fetchpriority=\"high\" decoding=\"async\" width=\"600\" height=\"370\" src=\"https:\/\/www.fpbaixemporda.com\/wp-content\/uploads\/2026\/04\/IES-Baix-Emporda.jpg\" class=\"attachment-full size-full wp-image-5756\" alt=\"INS Baix Empord\u00e0 | FP Baix Empord\u00e0\" srcset=\"https:\/\/www.fpbaixemporda.com\/wp-content\/uploads\/2026\/04\/IES-Baix-Emporda.jpg.webp 600w, https:\/\/www.fpbaixemporda.com\/wp-content\/uploads\/2026\/04\/IES-Baix-Emporda-300x185.jpg.webp 300w, https:\/\/www.fpbaixemporda.com\/wp-content\/uploads\/2026\/04\/IES-Baix-Emporda-18x12.jpg.webp 18w\" sizes=\"(max-width: 600px) 100vw, 600px\" \/>\t\t\t\t\t\t\t\t\t\t\t\t\t\t\t<\/div>\n\t\t\t\t\t<\/div>\n\t\t<\/div>\n\t\t\t\t<div class=\"elementor-column elementor-col-16 elementor-inner-column elementor-element elementor-element-e29a682\" data-id=\"e29a682\" data-element_type=\"column\" data-e-type=\"column\">\n\t\t\t<div class=\"elementor-widget-wrap elementor-element-populated\">\n\t\t\t\t\t\t<div class=\"elementor-element elementor-element-378a760 elementor-widget elementor-widget-image\" data-id=\"378a760\" data-element_type=\"widget\" data-e-type=\"widget\" data-widget_type=\"image.default\">\n\t\t\t\t\t\t\t\t\t\t\t\t\t\t\t<img decoding=\"async\" width=\"600\" height=\"370\" src=\"https:\/\/www.fpbaixemporda.com\/wp-content\/uploads\/2020\/02\/IES-La-Bisbal.jpg\" class=\"attachment-full size-full wp-image-615\" alt=\"INS La Bisbal | FP Baix Empord\u00e0\" srcset=\"https:\/\/www.fpbaixemporda.com\/wp-content\/uploads\/2020\/02\/IES-La-Bisbal.jpg.webp 600w, https:\/\/www.fpbaixemporda.com\/wp-content\/uploads\/2020\/02\/IES-La-Bisbal-300x185.jpg.webp 300w\" sizes=\"(max-width: 600px) 100vw, 600px\" \/>\t\t\t\t\t\t\t\t\t\t\t\t\t\t\t<\/div>\n\t\t\t\t\t<\/div>\n\t\t<\/div>\n\t\t\t\t<div class=\"elementor-column elementor-col-16 elementor-inner-column elementor-element elementor-element-af3044d\" data-id=\"af3044d\" data-element_type=\"column\" data-e-type=\"column\">\n\t\t\t<div class=\"elementor-widget-wrap elementor-element-populated\">\n\t\t\t\t\t\t<div class=\"elementor-element elementor-element-7f84205 elementor-widget elementor-widget-image\" data-id=\"7f84205\" data-element_type=\"widget\" data-e-type=\"widget\" data-widget_type=\"image.default\">\n\t\t\t\t\t\t\t\t\t\t\t\t\t\t\t<img decoding=\"async\" width=\"600\" height=\"370\" src=\"https:\/\/www.fpbaixemporda.com\/wp-content\/uploads\/2020\/02\/IES-Montgr\u00ed.jpg\" class=\"attachment-full size-full wp-image-623\" alt=\"INS Montgr\u00ed | FP Baix Empord\u00e0\" srcset=\"https:\/\/www.fpbaixemporda.com\/wp-content\/uploads\/2020\/02\/IES-Montgr\u00ed.jpg.webp 600w, https:\/\/www.fpbaixemporda.com\/wp-content\/uploads\/2020\/02\/IES-Montgr\u00ed-300x185.jpg.webp 300w\" sizes=\"(max-width: 600px) 100vw, 600px\" \/>\t\t\t\t\t\t\t\t\t\t\t\t\t\t\t<\/div>\n\t\t\t\t\t<\/div>\n\t\t<\/div>\n\t\t\t\t<div class=\"elementor-column elementor-col-16 elementor-inner-column elementor-element elementor-element-6242b24\" data-id=\"6242b24\" data-element_type=\"column\" data-e-type=\"column\">\n\t\t\t<div class=\"elementor-widget-wrap elementor-element-populated\">\n\t\t\t\t\t\t<div class=\"elementor-element elementor-element-f70baef elementor-widget elementor-widget-image\" data-id=\"f70baef\" data-element_type=\"widget\" data-e-type=\"widget\" data-widget_type=\"image.default\">\n\t\t\t\t\t\t\t\t\t\t\t\t\t\t\t<img loading=\"lazy\" decoding=\"async\" width=\"600\" height=\"370\" src=\"https:\/\/www.fpbaixemporda.com\/wp-content\/uploads\/2020\/02\/IES-Palam\u00f3s.jpg\" class=\"attachment-full size-full wp-image-626\" alt=\"INS Palam\u00f3s | FP Baix Empord\u00e0\" srcset=\"https:\/\/www.fpbaixemporda.com\/wp-content\/uploads\/2020\/02\/IES-Palam\u00f3s.jpg.webp 600w, https:\/\/www.fpbaixemporda.com\/wp-content\/uploads\/2020\/02\/IES-Palam\u00f3s-300x185.jpg.webp 300w\" sizes=\"(max-width: 600px) 100vw, 600px\" \/>\t\t\t\t\t\t\t\t\t\t\t\t\t\t\t<\/div>\n\t\t\t\t\t<\/div>\n\t\t<\/div>\n\t\t\t\t<div class=\"elementor-column elementor-col-16 elementor-inner-column elementor-element elementor-element-82b9479\" data-id=\"82b9479\" data-element_type=\"column\" data-e-type=\"column\">\n\t\t\t<div class=\"elementor-widget-wrap elementor-element-populated\">\n\t\t\t\t\t\t<div class=\"elementor-element elementor-element-12f480f elementor-widget elementor-widget-image\" data-id=\"12f480f\" data-element_type=\"widget\" data-e-type=\"widget\" data-widget_type=\"image.default\">\n\t\t\t\t\t\t\t\t\t\t\t\t\t\t\t\t<a href=\"https:\/\/www.fpbaixemporda.com\/es\/ins-sant-feliu\/\">\n\t\t\t\t\t\t\t<img loading=\"lazy\" decoding=\"async\" width=\"600\" height=\"370\" src=\"https:\/\/www.fpbaixemporda.com\/wp-content\/uploads\/2020\/02\/IES-Sant-Feliu.jpg\" class=\"attachment-full size-full wp-image-629\" alt=\"IES Sant Feliu | FP Baix Empord\u00e0\" srcset=\"https:\/\/www.fpbaixemporda.com\/wp-content\/uploads\/2020\/02\/IES-Sant-Feliu.jpg.webp 600w, https:\/\/www.fpbaixemporda.com\/wp-content\/uploads\/2020\/02\/IES-Sant-Feliu-300x185.jpg.webp 300w\" sizes=\"(max-width: 600px) 100vw, 600px\" \/>\t\t\t\t\t\t\t\t<\/a>\n\t\t\t\t\t\t\t\t\t\t\t\t\t\t\t<\/div>\n\t\t\t\t\t<\/div>\n\t\t<\/div>\n\t\t\t\t<div class=\"elementor-column elementor-col-16 elementor-inner-column elementor-element elementor-element-bb020e0\" data-id=\"bb020e0\" data-element_type=\"column\" data-e-type=\"column\">\n\t\t\t<div class=\"elementor-widget-wrap elementor-element-populated\">\n\t\t\t\t\t\t<div class=\"elementor-element elementor-element-20961d0 elementor-widget elementor-widget-image\" data-id=\"20961d0\" data-element_type=\"widget\" data-e-type=\"widget\" data-widget_type=\"image.default\">\n\t\t\t\t\t\t\t\t\t\t\t\t\t\t\t<img loading=\"lazy\" decoding=\"async\" width=\"600\" height=\"370\" src=\"https:\/\/www.fpbaixemporda.com\/wp-content\/uploads\/2023\/01\/Escola-Agraria-Monells.jpg\" class=\"attachment-full size-full wp-image-3962\" alt=\"Escuela Agraria Empord\u00e0 | FP Baix Empord\u00e0\" srcset=\"https:\/\/www.fpbaixemporda.com\/wp-content\/uploads\/2023\/01\/Escola-Agraria-Monells.jpg 600w, https:\/\/www.fpbaixemporda.com\/wp-content\/uploads\/2023\/01\/Escola-Agraria-Monells-300x185.jpg 300w\" sizes=\"(max-width: 600px) 100vw, 600px\" \/>\t\t\t\t\t\t\t\t\t\t\t\t\t\t\t<\/div>\n\t\t\t\t\t<\/div>\n\t\t<\/div>\n\t\t\t\t\t<\/div>\n\t\t<\/section>\n\t\t\t\t\t<\/div>\n\t\t<\/div>\n\t\t\t\t\t<\/div>\n\t\t<\/section>\n\t\t\t\t<\/div>","protected":false},"excerpt":{"rendered":"<p>Descripci\u00f3 Aquest estudis capaciten per fer operacions auxiliars en el muntatge i manteniment d&#8217;elements i equips el\u00e8ctrics i electr\u00f2nics, aix\u00ed com instal\u00b7lacions electrot\u00e8cniques i de telecomunicacions per a edificis i conjunts d\u2019edificis, aplicant les t\u00e8cniques requerides, operant amb la qualitat indicada, observant les normes de prevenci\u00f3 de riscos laborals i protecci\u00f3 mediambiental corresponents, i tamb\u00e9<br \/><a class=\"moretag\" href=\"https:\/\/www.fpbaixemporda.com\/es\/cicles-formatius-grau-basic\/electricitat-i-electronica\/\">+ Read More<\/a><\/p>","protected":false},"author":1,"featured_media":5487,"parent":2796,"menu_order":0,"comment_status":"closed","ping_status":"closed","template":"templates\/page-fullwidth_template.php","meta":{"footnotes":""},"class_list":["post-5486","page","type-page","status-publish","has-post-thumbnail","hentry"],"yoast_head":"<!-- This site is optimized with the Yoast SEO plugin v27.5 - https:\/\/yoast.com\/product\/yoast-seo-wordpress\/ -->\n<title>FP B\u00e0sica Electricitat i Electr\u00f2nica - FP Baix Empord\u00e0<\/title>\n<meta name=\"robots\" content=\"index, follow, max-snippet:-1, max-image-preview:large, max-video-preview:-1\" \/>\n<link rel=\"canonical\" href=\"https:\/\/www.fpbaixemporda.com\/es\/cicles-formatius-grau-basic\/electricitat-i-electronica\/\" \/>\n<meta property=\"og:locale\" content=\"es_ES\" \/>\n<meta property=\"og:type\" content=\"article\" \/>\n<meta property=\"og:title\" content=\"FP B\u00e0sica Electricitat i Electr\u00f2nica - FP Baix Empord\u00e0\" \/>\n<meta property=\"og:description\" content=\"Descripci\u00f3 Aquest estudis capaciten per fer operacions auxiliars en el muntatge i manteniment d&#8217;elements i equips el\u00e8ctrics i electr\u00f2nics, aix\u00ed com instal\u00b7lacions electrot\u00e8cniques i de telecomunicacions per a edificis i conjunts d\u2019edificis, aplicant les t\u00e8cniques requerides, operant amb la qualitat indicada, observant les normes de prevenci\u00f3 de riscos laborals i protecci\u00f3 mediambiental corresponents, i tamb\u00e9+ Read More\" \/>\n<meta property=\"og:url\" content=\"https:\/\/www.fpbaixemporda.com\/es\/cicles-formatius-grau-basic\/electricitat-i-electronica\/\" \/>\n<meta property=\"og:site_name\" content=\"FP Baix Empord\u00e0\" \/>\n<meta property=\"article:publisher\" content=\"https:\/\/www.facebook.com\/fpbaixemporda\" \/>\n<meta property=\"article:modified_time\" content=\"2025-10-23T12:04:33+00:00\" \/>\n<meta property=\"og:image\" content=\"https:\/\/www.fpbaixemporda.com\/wp-content\/uploads\/2025\/10\/Electricitat-i-Electronica-FP-Baix-Emporda.jpg\" \/>\n\t<meta property=\"og:image:width\" content=\"1400\" \/>\n\t<meta property=\"og:image:height\" content=\"320\" \/>\n\t<meta property=\"og:image:type\" content=\"image\/jpeg\" \/>\n<meta name=\"twitter:card\" content=\"summary_large_image\" \/>\n<meta name=\"twitter:label1\" content=\"Tiempo de lectura\" \/>\n\t<meta name=\"twitter:data1\" content=\"2 minutos\" \/>\n<script type=\"application\/ld+json\" class=\"yoast-schema-graph\">{\"@context\":\"https:\\\/\\\/schema.org\",\"@graph\":[{\"@type\":\"WebPage\",\"@id\":\"https:\\\/\\\/www.fpbaixemporda.com\\\/cicles-formatius-grau-basic\\\/electricitat-i-electronica\\\/\",\"url\":\"https:\\\/\\\/www.fpbaixemporda.com\\\/cicles-formatius-grau-basic\\\/electricitat-i-electronica\\\/\",\"name\":\"FP B\u00e0sica Electricitat i Electr\u00f2nica - FP Baix Empord\u00e0\",\"isPartOf\":{\"@id\":\"https:\\\/\\\/www.fpbaixemporda.com\\\/#website\"},\"primaryImageOfPage\":{\"@id\":\"https:\\\/\\\/www.fpbaixemporda.com\\\/cicles-formatius-grau-basic\\\/electricitat-i-electronica\\\/#primaryimage\"},\"image\":{\"@id\":\"https:\\\/\\\/www.fpbaixemporda.com\\\/cicles-formatius-grau-basic\\\/electricitat-i-electronica\\\/#primaryimage\"},\"thumbnailUrl\":\"https:\\\/\\\/www.fpbaixemporda.com\\\/wp-content\\\/uploads\\\/2025\\\/10\\\/Electricitat-i-Electronica-FP-Baix-Emporda.jpg\",\"datePublished\":\"2025-10-23T11:53:48+00:00\",\"dateModified\":\"2025-10-23T12:04:33+00:00\",\"breadcrumb\":{\"@id\":\"https:\\\/\\\/www.fpbaixemporda.com\\\/cicles-formatius-grau-basic\\\/electricitat-i-electronica\\\/#breadcrumb\"},\"inLanguage\":\"es\",\"potentialAction\":[{\"@type\":\"ReadAction\",\"target\":[\"https:\\\/\\\/www.fpbaixemporda.com\\\/cicles-formatius-grau-basic\\\/electricitat-i-electronica\\\/\"]}]},{\"@type\":\"ImageObject\",\"inLanguage\":\"es\",\"@id\":\"https:\\\/\\\/www.fpbaixemporda.com\\\/cicles-formatius-grau-basic\\\/electricitat-i-electronica\\\/#primaryimage\",\"url\":\"https:\\\/\\\/www.fpbaixemporda.com\\\/wp-content\\\/uploads\\\/2025\\\/10\\\/Electricitat-i-Electronica-FP-Baix-Emporda.jpg\",\"contentUrl\":\"https:\\\/\\\/www.fpbaixemporda.com\\\/wp-content\\\/uploads\\\/2025\\\/10\\\/Electricitat-i-Electronica-FP-Baix-Emporda.jpg\",\"width\":1400,\"height\":320,\"caption\":\"Electricitat i Electr\u00f2nica - FP Baix Empord\u00e0\"},{\"@type\":\"BreadcrumbList\",\"@id\":\"https:\\\/\\\/www.fpbaixemporda.com\\\/cicles-formatius-grau-basic\\\/electricitat-i-electronica\\\/#breadcrumb\",\"itemListElement\":[{\"@type\":\"ListItem\",\"position\":1,\"name\":\"Home\",\"item\":\"https:\\\/\\\/www.fpbaixemporda.com\\\/\"},{\"@type\":\"ListItem\",\"position\":2,\"name\":\"Cicles Formatius Grau B\u00e0sic\",\"item\":\"https:\\\/\\\/www.fpbaixemporda.com\\\/cicles-formatius-grau-basic\\\/\"},{\"@type\":\"ListItem\",\"position\":3,\"name\":\"FP B\u00e0sica Electricitat i Electr\u00f2nica\"}]},{\"@type\":\"WebSite\",\"@id\":\"https:\\\/\\\/www.fpbaixemporda.com\\\/#website\",\"url\":\"https:\\\/\\\/www.fpbaixemporda.com\\\/\",\"name\":\"FP Baix Empord\u00e0\",\"description\":\"El teu futur en bones mans\",\"publisher\":{\"@id\":\"https:\\\/\\\/www.fpbaixemporda.com\\\/#organization\"},\"potentialAction\":[{\"@type\":\"SearchAction\",\"target\":{\"@type\":\"EntryPoint\",\"urlTemplate\":\"https:\\\/\\\/www.fpbaixemporda.com\\\/?s={search_term_string}\"},\"query-input\":{\"@type\":\"PropertyValueSpecification\",\"valueRequired\":true,\"valueName\":\"search_term_string\"}}],\"inLanguage\":\"es\"},{\"@type\":\"Organization\",\"@id\":\"https:\\\/\\\/www.fpbaixemporda.com\\\/#organization\",\"name\":\"FP Baix Empord\u00e0\",\"url\":\"https:\\\/\\\/www.fpbaixemporda.com\\\/\",\"logo\":{\"@type\":\"ImageObject\",\"inLanguage\":\"es\",\"@id\":\"https:\\\/\\\/www.fpbaixemporda.com\\\/#\\\/schema\\\/logo\\\/image\\\/\",\"url\":\"https:\\\/\\\/www.fpbaixemporda.com\\\/wp-content\\\/uploads\\\/2020\\\/02\\\/FP-Baix-Empord\u00e0-Logo.png\",\"contentUrl\":\"https:\\\/\\\/www.fpbaixemporda.com\\\/wp-content\\\/uploads\\\/2020\\\/02\\\/FP-Baix-Empord\u00e0-Logo.png\",\"width\":180,\"height\":117,\"caption\":\"FP Baix Empord\u00e0\"},\"image\":{\"@id\":\"https:\\\/\\\/www.fpbaixemporda.com\\\/#\\\/schema\\\/logo\\\/image\\\/\"},\"sameAs\":[\"https:\\\/\\\/www.facebook.com\\\/fpbaixemporda\",\"https:\\\/\\\/www.instagram.com\\\/fp_baixemporda\\\/\"]}]}<\/script>\n<!-- \/ Yoast SEO plugin. -->","yoast_head_json":{"title":"FP B\u00e1sica Electricidad y Electr\u00f3nica - FP Baix Empord\u00e0","robots":{"index":"index","follow":"follow","max-snippet":"max-snippet:-1","max-image-preview":"max-image-preview:large","max-video-preview":"max-video-preview:-1"},"canonical":"https:\/\/www.fpbaixemporda.com\/es\/cicles-formatius-grau-basic\/electricitat-i-electronica\/","og_locale":"es_ES","og_type":"article","og_title":"FP B\u00e0sica Electricitat i Electr\u00f2nica - FP Baix Empord\u00e0","og_description":"Descripci\u00f3 Aquest estudis capaciten per fer operacions auxiliars en el muntatge i manteniment d&#8217;elements i equips el\u00e8ctrics i electr\u00f2nics, aix\u00ed com instal\u00b7lacions electrot\u00e8cniques i de telecomunicacions per a edificis i conjunts d\u2019edificis, aplicant les t\u00e8cniques requerides, operant amb la qualitat indicada, observant les normes de prevenci\u00f3 de riscos laborals i protecci\u00f3 mediambiental corresponents, i tamb\u00e9+ Read More","og_url":"https:\/\/www.fpbaixemporda.com\/es\/cicles-formatius-grau-basic\/electricitat-i-electronica\/","og_site_name":"FP Baix Empord\u00e0","article_publisher":"https:\/\/www.facebook.com\/fpbaixemporda","article_modified_time":"2025-10-23T12:04:33+00:00","og_image":[{"width":1400,"height":320,"url":"https:\/\/www.fpbaixemporda.com\/wp-content\/uploads\/2025\/10\/Electricitat-i-Electronica-FP-Baix-Emporda.jpg","type":"image\/jpeg"}],"twitter_card":"summary_large_image","twitter_misc":{"Tiempo de lectura":"2 minutos"},"schema":{"@context":"https:\/\/schema.org","@graph":[{"@type":"WebPage","@id":"https:\/\/www.fpbaixemporda.com\/cicles-formatius-grau-basic\/electricitat-i-electronica\/","url":"https:\/\/www.fpbaixemporda.com\/cicles-formatius-grau-basic\/electricitat-i-electronica\/","name":"FP B\u00e1sica Electricidad y Electr\u00f3nica - FP Baix Empord\u00e0","isPartOf":{"@id":"https:\/\/www.fpbaixemporda.com\/#website"},"primaryImageOfPage":{"@id":"https:\/\/www.fpbaixemporda.com\/cicles-formatius-grau-basic\/electricitat-i-electronica\/#primaryimage"},"image":{"@id":"https:\/\/www.fpbaixemporda.com\/cicles-formatius-grau-basic\/electricitat-i-electronica\/#primaryimage"},"thumbnailUrl":"https:\/\/www.fpbaixemporda.com\/wp-content\/uploads\/2025\/10\/Electricitat-i-Electronica-FP-Baix-Emporda.jpg","datePublished":"2025-10-23T11:53:48+00:00","dateModified":"2025-10-23T12:04:33+00:00","breadcrumb":{"@id":"https:\/\/www.fpbaixemporda.com\/cicles-formatius-grau-basic\/electricitat-i-electronica\/#breadcrumb"},"inLanguage":"es","potentialAction":[{"@type":"ReadAction","target":["https:\/\/www.fpbaixemporda.com\/cicles-formatius-grau-basic\/electricitat-i-electronica\/"]}]},{"@type":"ImageObject","inLanguage":"es","@id":"https:\/\/www.fpbaixemporda.com\/cicles-formatius-grau-basic\/electricitat-i-electronica\/#primaryimage","url":"https:\/\/www.fpbaixemporda.com\/wp-content\/uploads\/2025\/10\/Electricitat-i-Electronica-FP-Baix-Emporda.jpg","contentUrl":"https:\/\/www.fpbaixemporda.com\/wp-content\/uploads\/2025\/10\/Electricitat-i-Electronica-FP-Baix-Emporda.jpg","width":1400,"height":320,"caption":"Electricitat i Electr\u00f2nica - FP Baix Empord\u00e0"},{"@type":"BreadcrumbList","@id":"https:\/\/www.fpbaixemporda.com\/cicles-formatius-grau-basic\/electricitat-i-electronica\/#breadcrumb","itemListElement":[{"@type":"ListItem","position":1,"name":"Home","item":"https:\/\/www.fpbaixemporda.com\/"},{"@type":"ListItem","position":2,"name":"Cicles Formatius Grau B\u00e0sic","item":"https:\/\/www.fpbaixemporda.com\/cicles-formatius-grau-basic\/"},{"@type":"ListItem","position":3,"name":"FP B\u00e0sica Electricitat i Electr\u00f2nica"}]},{"@type":"WebSite","@id":"https:\/\/www.fpbaixemporda.com\/#website","url":"https:\/\/www.fpbaixemporda.com\/","name":"FP Baix Empord\u00e0","description":"El teu futur en bones mans","publisher":{"@id":"https:\/\/www.fpbaixemporda.com\/#organization"},"potentialAction":[{"@type":"SearchAction","target":{"@type":"EntryPoint","urlTemplate":"https:\/\/www.fpbaixemporda.com\/?s={search_term_string}"},"query-input":{"@type":"PropertyValueSpecification","valueRequired":true,"valueName":"search_term_string"}}],"inLanguage":"es"},{"@type":"Organization","@id":"https:\/\/www.fpbaixemporda.com\/#organization","name":"FP Baix Empord\u00e0","url":"https:\/\/www.fpbaixemporda.com\/","logo":{"@type":"ImageObject","inLanguage":"es","@id":"https:\/\/www.fpbaixemporda.com\/#\/schema\/logo\/image\/","url":"https:\/\/www.fpbaixemporda.com\/wp-content\/uploads\/2020\/02\/FP-Baix-Empord\u00e0-Logo.png","contentUrl":"https:\/\/www.fpbaixemporda.com\/wp-content\/uploads\/2020\/02\/FP-Baix-Empord\u00e0-Logo.png","width":180,"height":117,"caption":"FP Baix Empord\u00e0"},"image":{"@id":"https:\/\/www.fpbaixemporda.com\/#\/schema\/logo\/image\/"},"sameAs":["https:\/\/www.facebook.com\/fpbaixemporda","https:\/\/www.instagram.com\/fp_baixemporda\/"]}]}},"_links":{"self":[{"href":"https:\/\/www.fpbaixemporda.com\/es\/wp-json\/wp\/v2\/pages\/5486","targetHints":{"allow":["GET"]}}],"collection":[{"href":"https:\/\/www.fpbaixemporda.com\/es\/wp-json\/wp\/v2\/pages"}],"about":[{"href":"https:\/\/www.fpbaixemporda.com\/es\/wp-json\/wp\/v2\/types\/page"}],"author":[{"embeddable":true,"href":"https:\/\/www.fpbaixemporda.com\/es\/wp-json\/wp\/v2\/users\/1"}],"replies":[{"embeddable":true,"href":"https:\/\/www.fpbaixemporda.com\/es\/wp-json\/wp\/v2\/comments?post=5486"}],"version-history":[{"count":0,"href":"https:\/\/www.fpbaixemporda.com\/es\/wp-json\/wp\/v2\/pages\/5486\/revisions"}],"up":[{"embeddable":true,"href":"https:\/\/www.fpbaixemporda.com\/es\/wp-json\/wp\/v2\/pages\/2796"}],"wp:featuredmedia":[{"embeddable":true,"href":"https:\/\/www.fpbaixemporda.com\/es\/wp-json\/wp\/v2\/media\/5487"}],"wp:attachment":[{"href":"https:\/\/www.fpbaixemporda.com\/es\/wp-json\/wp\/v2\/media?parent=5486"}],"curies":[{"name":"wp","href":"https:\/\/api.w.org\/{rel}","templated":true}]}}