{"id":5645,"date":"2026-04-10T21:44:24","date_gmt":"2026-04-10T19:44:24","guid":{"rendered":"https:\/\/www.fpbaixemporda.com\/?page_id=5645"},"modified":"2026-04-11T11:04:57","modified_gmt":"2026-04-11T09:04:57","slug":"ensenyament-i-animacio-socioesportiva","status":"publish","type":"page","link":"https:\/\/www.fpbaixemporda.com\/es\/cf-grau-superior\/ensenyament-i-animacio-socioesportiva\/","title":{"rendered":"Ense\u00f1anza y animaci\u00f3n sociodeportiva"},"content":{"rendered":"<h2 style=\"text-align: center;\"><a href=\"https:\/\/www.fpbaixemporda.com\/es\/fp-dual\/\">Ciclo dual<\/a><\/h2>\n<h3>Descripci\u00f3n<\/h3>\n<p style=\"text-align: justify;\">Estos estudios capacitan para elaborar, gestionar y evaluar proyectos de animaci\u00f3n f\u00edsico-deportivos y recreativos para todo tipo de usuarios, programando y dirigiendo las actividades de ense\u00f1anza, de inclusi\u00f3n sociodeportiva y de tiempo libre, coordinando las actuaciones de los profesionales implicados, garantizando su seguridad, respetando el medio ambiente y logrando la satisfacci\u00f3n de los usuarios, en los l\u00edmites previstos de coste.<\/p>\n<p class=\"translation-block\">La duraci\u00f3n es de <strong>2.000 horas<\/strong>(1.485 en un centro educativo y 515 en un centro de trabajo) distribuidas en\u00a0<strong>dos cursos<\/strong> acad\u00e9micos.<\/p>\n<h3>Contenidos<\/h3>\n<ul>\n<li>Actividades de ocio y tiempo libre<\/li>\n<li>Dinamizaci\u00f3n grupal<\/li>\n<li>Valoraci\u00f3n de la Condici\u00f3n F\u00edsica e Intervenci\u00f3n de accidentes<\/li>\n<li>Planificaci\u00f3n de la animaci\u00f3n sociodeportiva<\/li>\n<li>Juegos y actividades f\u00edsico-recreativas y de animaci\u00f3n tur\u00edstica<\/li>\n<li>Actividades f\u00edsico-deportivas individuales<\/li>\n<li>Actividades f\u00edsico-deportivas de equipo<\/li>\n<li>Actividades f\u00edsico-deportivas de implementos<\/li>\n<li>Actividades f\u00edsico-deportivas para la inclusi\u00f3n social<\/li>\n<li>Metodolog\u00eda de la ense\u00f1anza de actividades f\u00edsico-deportivas<\/li>\n<li>Ingl\u00e9s Profesional<\/li>\n<li>Digitalizaci\u00f3n aplicada a los sectores productivos<\/li>\n<li>Sostenibilidad aplicada en el sistema productivo<\/li>\n<li>Itinerario personal para la empleabilidad I y II<\/li>\n<li>Proyecto intermodular<\/li>\n<\/ul>\n<h3>C\u00f3mo acceder<\/h3>\n<p>Tienen\u00a0<strong>acceso directo<\/strong>\u00a0al ciclo las personas que cumplen alguno de los siguientes requisitos:<\/p>\n<ul>\n<li>Tener el t\u00edtulo de bachillerato.<\/li>\n<li>Tener el t\u00edtulo de t\u00e9cnico de formaci\u00f3n profesional o t\u00e9cnico superior de formaci\u00f3n profesional o t\u00e9cnico especialista.<\/li>\n<li>Haber superado el segundo curso de bachillerato de cualquier modalidad de bachillerato experimental.<\/li>\n<li>Haber superado el curso de orientaci\u00f3n universitaria (COU) o el preuniversitario.<\/li>\n<li>Tener el t\u00edtulo de bachillerato por haber cursado el bachillerato unificado polivalente (BUP).<\/li>\n<li>Tener cualquier titulaci\u00f3n universitaria o una equivalente, o haber superado la prueba de acceso a la universidad para mayores de 25 a\u00f1os.<\/li>\n<\/ul>\n<p style=\"text-align: justify;\">Las personas que no cumplan ninguno de los requisitos relacionados deben superar una prueba de acceso. Para presentarse es necesario tener 19 a\u00f1os o haberlos cumplido durante el a\u00f1o natural en el que se realiza la prueba.<\/p>\n<h3>Salidas profesionales<\/h3>\n<h4>Salidas acad\u00e9micas<\/h4>\n<p style=\"text-align: justify;\">Con estos estudios se obtiene el t\u00edtulo de t\u00e9cnico superior o t\u00e9cnica superior que permite acceder a cualquier estudio universitario oficial de grado. Las personas que se han graduado en un ciclo formativo de grado superior pueden obtener convalidaci\u00f3n de cr\u00e9ditos universitarios ECTS.<\/p>\n<h4>Salidas laborales<\/h4>\n<p>La superaci\u00f3n de este ciclo formativo permite acceder al\u00a0<strong>mundo laboral<\/strong>\u00a0como:<\/p>\n<ul>\n<li>Profesor o profesora de actividades f\u00edsico-deportivas (nataci\u00f3n, atletismo, baloncesto, voleibol, tenis y p\u00e1del, entre otros).<\/li>\n<li>Animador o animadora f\u00edsico-deportivo y recreativo.<\/li>\n<li>Animador o animadora de actividades de inclusi\u00f3n sociodeportiva.<\/li>\n<li>Animador o animadora de veladas y espect\u00e1culos en instalaciones tur\u00edsticas.<\/li>\n<li>Animador o animadora de actividades recreativas al aire libre en instalaciones tur\u00edsticas.<\/li>\n<li>Coordinador o coordinadora de actividades de animaci\u00f3n deportiva.<\/li>\n<li>Coordinador o coordinadora de actividades f\u00edsico-deportivas en instalaciones deportivas de empresas tur\u00edsticas o entidades p\u00fablicas y privadas.<\/li>\n<li>Coordinador o coordinadora de tiempo libre educativo infantil y juvenil.<\/li>\n<li>Coordinador o coordinadora de campamentos, albergues de juventud, casas de colonias, granjas escuela, aulas de casas de juventud y escuelas de naturaleza.<\/li>\n<li>Coordinador o coordinadora de actividades paracurriculares en el marco escolar.<\/li>\n<li>Jefe de proyectos de ocio educativo infantil y juvenil.<\/li>\n<li>Director o directora de tiempo libre educativo infantil y juvenil.<\/li>\n<li>Director o directora de campamentos, albergues de juventud, casas de colonias, granjas escuela, aulas de casas de juventud y escuelas de naturaleza.<\/li>\n<li>Director o directora de actividades paracurriculares en el marco escolar.<\/li>\n<li>Jefe de departamento de animaci\u00f3n tur\u00edstica.<\/li>\n<li>Cronometrador o cronometradora, juez o jueza y \u00e1rbitro de competiciones deportivas no oficiales.<\/li>\n<li>Promotor o promotora deportivo y de competiciones de nivel elemental o social y eventos deportivos de nivel b\u00e1sico.<\/li>\n<li>Monitor o monitora de actividades f\u00edsico-deportivas y recreativas en campamentos.<\/li>\n<li>Monitor o monitora de tiempo libre.<\/li>\n<\/ul>\n<h3>Puedes estudiar este ciclo en\u2026<\/h3>\n\t\t<div data-elementor-type=\"page\" data-elementor-id=\"2836\" class=\"elementor elementor-2836\" data-elementor-post-type=\"elementor_library\">\n\t\t\t\t\t\t<section class=\"elementor-section elementor-top-section elementor-element elementor-element-a51ac16 elementor-section-full_width elementor-section-height-default elementor-section-height-default\" data-id=\"a51ac16\" data-element_type=\"section\" data-e-type=\"section\">\n\t\t\t\t\t\t<div class=\"elementor-container elementor-column-gap-no\">\n\t\t\t\t\t<div class=\"elementor-column elementor-col-100 elementor-top-column elementor-element elementor-element-d239b2c\" data-id=\"d239b2c\" data-element_type=\"column\" data-e-type=\"column\">\n\t\t\t<div class=\"elementor-widget-wrap elementor-element-populated\">\n\t\t\t\t\t\t<section class=\"elementor-section elementor-inner-section elementor-element elementor-element-e331455 elementor-section-full_width elementor-section-height-default elementor-section-height-default\" data-id=\"e331455\" data-element_type=\"section\" data-e-type=\"section\">\n\t\t\t\t\t\t<div class=\"elementor-container elementor-column-gap-narrow\">\n\t\t\t\t\t<div class=\"elementor-column elementor-col-16 elementor-inner-column elementor-element elementor-element-73168e5\" data-id=\"73168e5\" data-element_type=\"column\" data-e-type=\"column\">\n\t\t\t<div class=\"elementor-widget-wrap elementor-element-populated\">\n\t\t\t\t\t\t<div class=\"elementor-element elementor-element-4ae3887 elementor-widget elementor-widget-image\" data-id=\"4ae3887\" data-element_type=\"widget\" data-e-type=\"widget\" data-widget_type=\"image.default\">\n\t\t\t\t\t\t\t\t\t\t\t\t\t\t\t<img fetchpriority=\"high\" decoding=\"async\" width=\"600\" height=\"370\" src=\"https:\/\/www.fpbaixemporda.com\/wp-content\/uploads\/2026\/04\/IES-Baix-Emporda.jpg\" class=\"attachment-full size-full wp-image-5756\" alt=\"INS Baix Empord\u00e0 | FP Baix Empord\u00e0\" srcset=\"https:\/\/www.fpbaixemporda.com\/wp-content\/uploads\/2026\/04\/IES-Baix-Emporda.jpg 600w, https:\/\/www.fpbaixemporda.com\/wp-content\/uploads\/2026\/04\/IES-Baix-Emporda-300x185.jpg 300w, https:\/\/www.fpbaixemporda.com\/wp-content\/uploads\/2026\/04\/IES-Baix-Emporda-18x12.jpg 18w\" sizes=\"(max-width: 600px) 100vw, 600px\" \/>\t\t\t\t\t\t\t\t\t\t\t\t\t\t\t<\/div>\n\t\t\t\t\t<\/div>\n\t\t<\/div>\n\t\t\t\t<div class=\"elementor-column elementor-col-16 elementor-inner-column elementor-element elementor-element-249cc6d\" data-id=\"249cc6d\" data-element_type=\"column\" data-e-type=\"column\">\n\t\t\t<div class=\"elementor-widget-wrap elementor-element-populated\">\n\t\t\t\t\t\t<div class=\"elementor-element elementor-element-25c1cd9 elementor-widget elementor-widget-image\" data-id=\"25c1cd9\" data-element_type=\"widget\" data-e-type=\"widget\" data-widget_type=\"image.default\">\n\t\t\t\t\t\t\t\t\t\t\t\t\t\t\t<img decoding=\"async\" width=\"600\" height=\"370\" src=\"https:\/\/www.fpbaixemporda.com\/wp-content\/uploads\/2020\/02\/IES-La-Bisbal.jpg\" class=\"attachment-full size-full wp-image-615\" alt=\"INS La Bisbal | FP Baix Empord\u00e0\" srcset=\"https:\/\/www.fpbaixemporda.com\/wp-content\/uploads\/2020\/02\/IES-La-Bisbal.jpg.webp 600w, https:\/\/www.fpbaixemporda.com\/wp-content\/uploads\/2020\/02\/IES-La-Bisbal-300x185.jpg.webp 300w\" sizes=\"(max-width: 600px) 100vw, 600px\" \/>\t\t\t\t\t\t\t\t\t\t\t\t\t\t\t<\/div>\n\t\t\t\t\t<\/div>\n\t\t<\/div>\n\t\t\t\t<div class=\"elementor-column elementor-col-16 elementor-inner-column elementor-element elementor-element-5dcdcfc\" data-id=\"5dcdcfc\" data-element_type=\"column\" data-e-type=\"column\">\n\t\t\t<div class=\"elementor-widget-wrap elementor-element-populated\">\n\t\t\t\t\t\t<div class=\"elementor-element elementor-element-7ffa5ba elementor-widget elementor-widget-image\" data-id=\"7ffa5ba\" data-element_type=\"widget\" data-e-type=\"widget\" data-widget_type=\"image.default\">\n\t\t\t\t\t\t\t\t\t\t\t\t\t\t\t\t<a href=\"https:\/\/www.fpbaixemporda.com\/es\/ins-montgri\/\">\n\t\t\t\t\t\t\t<img decoding=\"async\" width=\"600\" height=\"370\" src=\"https:\/\/www.fpbaixemporda.com\/wp-content\/uploads\/2020\/02\/IES-Montgr\u00ed.jpg\" class=\"attachment-full size-full wp-image-623\" alt=\"INS Montgr\u00ed | FP Baix Empord\u00e0\" srcset=\"https:\/\/www.fpbaixemporda.com\/wp-content\/uploads\/2020\/02\/IES-Montgr\u00ed.jpg.webp 600w, https:\/\/www.fpbaixemporda.com\/wp-content\/uploads\/2020\/02\/IES-Montgr\u00ed-300x185.jpg.webp 300w\" sizes=\"(max-width: 600px) 100vw, 600px\" \/>\t\t\t\t\t\t\t\t<\/a>\n\t\t\t\t\t\t\t\t\t\t\t\t\t\t\t<\/div>\n\t\t\t\t\t<\/div>\n\t\t<\/div>\n\t\t\t\t<div class=\"elementor-column elementor-col-16 elementor-inner-column elementor-element elementor-element-419b137\" data-id=\"419b137\" data-element_type=\"column\" data-e-type=\"column\">\n\t\t\t<div class=\"elementor-widget-wrap elementor-element-populated\">\n\t\t\t\t\t\t<div class=\"elementor-element elementor-element-6b01e22 elementor-widget elementor-widget-image\" data-id=\"6b01e22\" data-element_type=\"widget\" data-e-type=\"widget\" data-widget_type=\"image.default\">\n\t\t\t\t\t\t\t\t\t\t\t\t\t\t\t<img loading=\"lazy\" decoding=\"async\" width=\"600\" height=\"370\" src=\"https:\/\/www.fpbaixemporda.com\/wp-content\/uploads\/2020\/02\/IES-Palam\u00f3s.jpg\" class=\"attachment-full size-full wp-image-626\" alt=\"INS Palam\u00f3s | FP Baix Empord\u00e0\" srcset=\"https:\/\/www.fpbaixemporda.com\/wp-content\/uploads\/2020\/02\/IES-Palam\u00f3s.jpg.webp 600w, https:\/\/www.fpbaixemporda.com\/wp-content\/uploads\/2020\/02\/IES-Palam\u00f3s-300x185.jpg.webp 300w\" sizes=\"(max-width: 600px) 100vw, 600px\" \/>\t\t\t\t\t\t\t\t\t\t\t\t\t\t\t<\/div>\n\t\t\t\t\t<\/div>\n\t\t<\/div>\n\t\t\t\t<div class=\"elementor-column elementor-col-16 elementor-inner-column elementor-element elementor-element-5d6d281\" data-id=\"5d6d281\" data-element_type=\"column\" data-e-type=\"column\">\n\t\t\t<div class=\"elementor-widget-wrap elementor-element-populated\">\n\t\t\t\t\t\t<div class=\"elementor-element elementor-element-e739da4 elementor-widget elementor-widget-image\" data-id=\"e739da4\" data-element_type=\"widget\" data-e-type=\"widget\" data-widget_type=\"image.default\">\n\t\t\t\t\t\t\t\t\t\t\t\t\t\t\t<img loading=\"lazy\" decoding=\"async\" width=\"600\" height=\"370\" src=\"https:\/\/www.fpbaixemporda.com\/wp-content\/uploads\/2020\/02\/IES-Sant-Feliu.jpg\" class=\"attachment-full size-full wp-image-629\" alt=\"IES Sant Feliu | FP Baix Empord\u00e0\" srcset=\"https:\/\/www.fpbaixemporda.com\/wp-content\/uploads\/2020\/02\/IES-Sant-Feliu.jpg.webp 600w, https:\/\/www.fpbaixemporda.com\/wp-content\/uploads\/2020\/02\/IES-Sant-Feliu-300x185.jpg.webp 300w\" sizes=\"(max-width: 600px) 100vw, 600px\" \/>\t\t\t\t\t\t\t\t\t\t\t\t\t\t\t<\/div>\n\t\t\t\t\t<\/div>\n\t\t<\/div>\n\t\t\t\t<div class=\"elementor-column elementor-col-16 elementor-inner-column elementor-element elementor-element-955b9dc\" data-id=\"955b9dc\" data-element_type=\"column\" data-e-type=\"column\">\n\t\t\t<div class=\"elementor-widget-wrap elementor-element-populated\">\n\t\t\t\t\t\t<div class=\"elementor-element elementor-element-76283e7 elementor-widget elementor-widget-image\" data-id=\"76283e7\" data-element_type=\"widget\" data-e-type=\"widget\" data-widget_type=\"image.default\">\n\t\t\t\t\t\t\t\t\t\t\t\t\t\t\t<img loading=\"lazy\" decoding=\"async\" width=\"600\" height=\"370\" src=\"https:\/\/www.fpbaixemporda.com\/wp-content\/uploads\/2023\/01\/Escola-Agraria-Monells.jpg\" class=\"attachment-full size-full wp-image-3962\" alt=\"Escuela Agraria Empord\u00e0 | FP Baix Empord\u00e0\" srcset=\"https:\/\/www.fpbaixemporda.com\/wp-content\/uploads\/2023\/01\/Escola-Agraria-Monells.jpg 600w, https:\/\/www.fpbaixemporda.com\/wp-content\/uploads\/2023\/01\/Escola-Agraria-Monells-300x185.jpg 300w\" sizes=\"(max-width: 600px) 100vw, 600px\" \/>\t\t\t\t\t\t\t\t\t\t\t\t\t\t\t<\/div>\n\t\t\t\t\t<\/div>\n\t\t<\/div>\n\t\t\t\t\t<\/div>\n\t\t<\/section>\n\t\t\t\t\t<\/div>\n\t\t<\/div>\n\t\t\t\t\t<\/div>\n\t\t<\/section>\n\t\t\t\t<\/div>","protected":false},"excerpt":{"rendered":"<p>Cicle dual Descripci\u00f3 Aquests estudis capaciten per elaborar, gestionar i avaluar projectes d&#8217;animaci\u00f3 fisicoesportius i recreatius per a tot tipus d&#8217;usuaris, programant i dirigint les activitats d&#8217;ensenyament, d&#8217;inclusi\u00f3 socioesportiva i de temps lliure, coordinant les actuacions dels professionals implicats, garantint-ne la seguretat, respectant el medi ambient i aconseguint la satisfacci\u00f3 dels usuaris, en els l\u00edmits<br \/><a class=\"moretag\" href=\"https:\/\/www.fpbaixemporda.com\/es\/cf-grau-superior\/ensenyament-i-animacio-socioesportiva\/\">+ Read More<\/a><\/p>","protected":false},"author":1,"featured_media":5655,"parent":189,"menu_order":0,"comment_status":"closed","ping_status":"closed","template":"templates\/page-fullwidth_template.php","meta":{"footnotes":""},"class_list":["post-5645","page","type-page","status-publish","has-post-thumbnail","hentry"],"yoast_head":"<!-- This site is optimized with the Yoast SEO plugin v27.4 - https:\/\/yoast.com\/product\/yoast-seo-wordpress\/ -->\n<title>Ensenyament i animaci\u00f3 socioesportiva - FP Baix Empord\u00e0<\/title>\n<meta name=\"robots\" content=\"index, follow, max-snippet:-1, max-image-preview:large, max-video-preview:-1\" \/>\n<link rel=\"canonical\" href=\"https:\/\/www.fpbaixemporda.com\/es\/cf-grau-superior\/ensenyament-i-animacio-socioesportiva\/\" \/>\n<meta property=\"og:locale\" content=\"es_ES\" \/>\n<meta property=\"og:type\" content=\"article\" \/>\n<meta property=\"og:title\" content=\"Ensenyament i animaci\u00f3 socioesportiva - FP Baix Empord\u00e0\" \/>\n<meta property=\"og:description\" content=\"Cicle dual Descripci\u00f3 Aquests estudis capaciten per elaborar, gestionar i avaluar projectes d&#8217;animaci\u00f3 fisicoesportius i recreatius per a tot tipus d&#8217;usuaris, programant i dirigint les activitats d&#8217;ensenyament, d&#8217;inclusi\u00f3 socioesportiva i de temps lliure, coordinant les actuacions dels professionals implicats, garantint-ne la seguretat, respectant el medi ambient i aconseguint la satisfacci\u00f3 dels usuaris, en els l\u00edmits+ Read More\" \/>\n<meta property=\"og:url\" content=\"https:\/\/www.fpbaixemporda.com\/es\/cf-grau-superior\/ensenyament-i-animacio-socioesportiva\/\" \/>\n<meta property=\"og:site_name\" content=\"FP Baix Empord\u00e0\" \/>\n<meta property=\"article:publisher\" content=\"https:\/\/www.facebook.com\/fpbaixemporda\" \/>\n<meta property=\"article:modified_time\" content=\"2026-04-11T09:04:57+00:00\" \/>\n<meta property=\"og:image\" content=\"https:\/\/www.fpbaixemporda.com\/wp-content\/uploads\/2026\/04\/Ensenyament-i-animacio-socioesportiva-FP-Baix-Emporda.jpg\" \/>\n\t<meta property=\"og:image:width\" content=\"1400\" \/>\n\t<meta property=\"og:image:height\" content=\"320\" \/>\n\t<meta property=\"og:image:type\" content=\"image\/jpeg\" \/>\n<meta name=\"twitter:card\" content=\"summary_large_image\" \/>\n<meta name=\"twitter:label1\" content=\"Tiempo de lectura\" \/>\n\t<meta name=\"twitter:data1\" content=\"3 minutos\" \/>\n<script type=\"application\/ld+json\" class=\"yoast-schema-graph\">{\"@context\":\"https:\\\/\\\/schema.org\",\"@graph\":[{\"@type\":\"WebPage\",\"@id\":\"https:\\\/\\\/www.fpbaixemporda.com\\\/cf-grau-superior\\\/ensenyament-i-animacio-socioesportiva\\\/\",\"url\":\"https:\\\/\\\/www.fpbaixemporda.com\\\/cf-grau-superior\\\/ensenyament-i-animacio-socioesportiva\\\/\",\"name\":\"Ensenyament i animaci\u00f3 socioesportiva - FP Baix Empord\u00e0\",\"isPartOf\":{\"@id\":\"https:\\\/\\\/www.fpbaixemporda.com\\\/#website\"},\"primaryImageOfPage\":{\"@id\":\"https:\\\/\\\/www.fpbaixemporda.com\\\/cf-grau-superior\\\/ensenyament-i-animacio-socioesportiva\\\/#primaryimage\"},\"image\":{\"@id\":\"https:\\\/\\\/www.fpbaixemporda.com\\\/cf-grau-superior\\\/ensenyament-i-animacio-socioesportiva\\\/#primaryimage\"},\"thumbnailUrl\":\"https:\\\/\\\/www.fpbaixemporda.com\\\/wp-content\\\/uploads\\\/2026\\\/04\\\/Ensenyament-i-animacio-socioesportiva-FP-Baix-Emporda.jpg\",\"datePublished\":\"2026-04-10T19:44:24+00:00\",\"dateModified\":\"2026-04-11T09:04:57+00:00\",\"breadcrumb\":{\"@id\":\"https:\\\/\\\/www.fpbaixemporda.com\\\/cf-grau-superior\\\/ensenyament-i-animacio-socioesportiva\\\/#breadcrumb\"},\"inLanguage\":\"es\",\"potentialAction\":[{\"@type\":\"ReadAction\",\"target\":[\"https:\\\/\\\/www.fpbaixemporda.com\\\/cf-grau-superior\\\/ensenyament-i-animacio-socioesportiva\\\/\"]}]},{\"@type\":\"ImageObject\",\"inLanguage\":\"es\",\"@id\":\"https:\\\/\\\/www.fpbaixemporda.com\\\/cf-grau-superior\\\/ensenyament-i-animacio-socioesportiva\\\/#primaryimage\",\"url\":\"https:\\\/\\\/www.fpbaixemporda.com\\\/wp-content\\\/uploads\\\/2026\\\/04\\\/Ensenyament-i-animacio-socioesportiva-FP-Baix-Emporda.jpg\",\"contentUrl\":\"https:\\\/\\\/www.fpbaixemporda.com\\\/wp-content\\\/uploads\\\/2026\\\/04\\\/Ensenyament-i-animacio-socioesportiva-FP-Baix-Emporda.jpg\",\"width\":1400,\"height\":320,\"caption\":\"Ensenyament i animaci\u00f3 socioesportiva - FP Baix Empord\u00e0\"},{\"@type\":\"BreadcrumbList\",\"@id\":\"https:\\\/\\\/www.fpbaixemporda.com\\\/cf-grau-superior\\\/ensenyament-i-animacio-socioesportiva\\\/#breadcrumb\",\"itemListElement\":[{\"@type\":\"ListItem\",\"position\":1,\"name\":\"Home\",\"item\":\"https:\\\/\\\/www.fpbaixemporda.com\\\/\"},{\"@type\":\"ListItem\",\"position\":2,\"name\":\"CF Grau superior\",\"item\":\"https:\\\/\\\/www.fpbaixemporda.com\\\/cf-grau-superior\\\/\"},{\"@type\":\"ListItem\",\"position\":3,\"name\":\"Ensenyament i animaci\u00f3 socioesportiva\"}]},{\"@type\":\"WebSite\",\"@id\":\"https:\\\/\\\/www.fpbaixemporda.com\\\/#website\",\"url\":\"https:\\\/\\\/www.fpbaixemporda.com\\\/\",\"name\":\"FP Baix Empord\u00e0\",\"description\":\"El teu futur en bones mans\",\"publisher\":{\"@id\":\"https:\\\/\\\/www.fpbaixemporda.com\\\/#organization\"},\"potentialAction\":[{\"@type\":\"SearchAction\",\"target\":{\"@type\":\"EntryPoint\",\"urlTemplate\":\"https:\\\/\\\/www.fpbaixemporda.com\\\/?s={search_term_string}\"},\"query-input\":{\"@type\":\"PropertyValueSpecification\",\"valueRequired\":true,\"valueName\":\"search_term_string\"}}],\"inLanguage\":\"es\"},{\"@type\":\"Organization\",\"@id\":\"https:\\\/\\\/www.fpbaixemporda.com\\\/#organization\",\"name\":\"FP Baix Empord\u00e0\",\"url\":\"https:\\\/\\\/www.fpbaixemporda.com\\\/\",\"logo\":{\"@type\":\"ImageObject\",\"inLanguage\":\"es\",\"@id\":\"https:\\\/\\\/www.fpbaixemporda.com\\\/#\\\/schema\\\/logo\\\/image\\\/\",\"url\":\"https:\\\/\\\/www.fpbaixemporda.com\\\/wp-content\\\/uploads\\\/2020\\\/02\\\/FP-Baix-Empord\u00e0-Logo.png\",\"contentUrl\":\"https:\\\/\\\/www.fpbaixemporda.com\\\/wp-content\\\/uploads\\\/2020\\\/02\\\/FP-Baix-Empord\u00e0-Logo.png\",\"width\":180,\"height\":117,\"caption\":\"FP Baix Empord\u00e0\"},\"image\":{\"@id\":\"https:\\\/\\\/www.fpbaixemporda.com\\\/#\\\/schema\\\/logo\\\/image\\\/\"},\"sameAs\":[\"https:\\\/\\\/www.facebook.com\\\/fpbaixemporda\",\"https:\\\/\\\/www.instagram.com\\\/fp_baixemporda\\\/\"]}]}<\/script>\n<!-- \/ Yoast SEO plugin. -->","yoast_head_json":{"title":"Ense\u00f1anza y animaci\u00f3n sociodeportiva - FP Baix Empord\u00e0","robots":{"index":"index","follow":"follow","max-snippet":"max-snippet:-1","max-image-preview":"max-image-preview:large","max-video-preview":"max-video-preview:-1"},"canonical":"https:\/\/www.fpbaixemporda.com\/es\/cf-grau-superior\/ensenyament-i-animacio-socioesportiva\/","og_locale":"es_ES","og_type":"article","og_title":"Ensenyament i animaci\u00f3 socioesportiva - FP Baix Empord\u00e0","og_description":"Cicle dual Descripci\u00f3 Aquests estudis capaciten per elaborar, gestionar i avaluar projectes d&#8217;animaci\u00f3 fisicoesportius i recreatius per a tot tipus d&#8217;usuaris, programant i dirigint les activitats d&#8217;ensenyament, d&#8217;inclusi\u00f3 socioesportiva i de temps lliure, coordinant les actuacions dels professionals implicats, garantint-ne la seguretat, respectant el medi ambient i aconseguint la satisfacci\u00f3 dels usuaris, en els l\u00edmits+ Read More","og_url":"https:\/\/www.fpbaixemporda.com\/es\/cf-grau-superior\/ensenyament-i-animacio-socioesportiva\/","og_site_name":"FP Baix Empord\u00e0","article_publisher":"https:\/\/www.facebook.com\/fpbaixemporda","article_modified_time":"2026-04-11T09:04:57+00:00","og_image":[{"width":1400,"height":320,"url":"https:\/\/www.fpbaixemporda.com\/wp-content\/uploads\/2026\/04\/Ensenyament-i-animacio-socioesportiva-FP-Baix-Emporda.jpg","type":"image\/jpeg"}],"twitter_card":"summary_large_image","twitter_misc":{"Tiempo de lectura":"3 minutos"},"schema":{"@context":"https:\/\/schema.org","@graph":[{"@type":"WebPage","@id":"https:\/\/www.fpbaixemporda.com\/cf-grau-superior\/ensenyament-i-animacio-socioesportiva\/","url":"https:\/\/www.fpbaixemporda.com\/cf-grau-superior\/ensenyament-i-animacio-socioesportiva\/","name":"Ense\u00f1anza y animaci\u00f3n sociodeportiva - FP Baix Empord\u00e0","isPartOf":{"@id":"https:\/\/www.fpbaixemporda.com\/#website"},"primaryImageOfPage":{"@id":"https:\/\/www.fpbaixemporda.com\/cf-grau-superior\/ensenyament-i-animacio-socioesportiva\/#primaryimage"},"image":{"@id":"https:\/\/www.fpbaixemporda.com\/cf-grau-superior\/ensenyament-i-animacio-socioesportiva\/#primaryimage"},"thumbnailUrl":"https:\/\/www.fpbaixemporda.com\/wp-content\/uploads\/2026\/04\/Ensenyament-i-animacio-socioesportiva-FP-Baix-Emporda.jpg","datePublished":"2026-04-10T19:44:24+00:00","dateModified":"2026-04-11T09:04:57+00:00","breadcrumb":{"@id":"https:\/\/www.fpbaixemporda.com\/cf-grau-superior\/ensenyament-i-animacio-socioesportiva\/#breadcrumb"},"inLanguage":"es","potentialAction":[{"@type":"ReadAction","target":["https:\/\/www.fpbaixemporda.com\/cf-grau-superior\/ensenyament-i-animacio-socioesportiva\/"]}]},{"@type":"ImageObject","inLanguage":"es","@id":"https:\/\/www.fpbaixemporda.com\/cf-grau-superior\/ensenyament-i-animacio-socioesportiva\/#primaryimage","url":"https:\/\/www.fpbaixemporda.com\/wp-content\/uploads\/2026\/04\/Ensenyament-i-animacio-socioesportiva-FP-Baix-Emporda.jpg","contentUrl":"https:\/\/www.fpbaixemporda.com\/wp-content\/uploads\/2026\/04\/Ensenyament-i-animacio-socioesportiva-FP-Baix-Emporda.jpg","width":1400,"height":320,"caption":"Ensenyament i animaci\u00f3 socioesportiva - FP Baix Empord\u00e0"},{"@type":"BreadcrumbList","@id":"https:\/\/www.fpbaixemporda.com\/cf-grau-superior\/ensenyament-i-animacio-socioesportiva\/#breadcrumb","itemListElement":[{"@type":"ListItem","position":1,"name":"Home","item":"https:\/\/www.fpbaixemporda.com\/"},{"@type":"ListItem","position":2,"name":"CF Grau superior","item":"https:\/\/www.fpbaixemporda.com\/cf-grau-superior\/"},{"@type":"ListItem","position":3,"name":"Ensenyament i animaci\u00f3 socioesportiva"}]},{"@type":"WebSite","@id":"https:\/\/www.fpbaixemporda.com\/#website","url":"https:\/\/www.fpbaixemporda.com\/","name":"FP Baix Empord\u00e0","description":"El teu futur en bones mans","publisher":{"@id":"https:\/\/www.fpbaixemporda.com\/#organization"},"potentialAction":[{"@type":"SearchAction","target":{"@type":"EntryPoint","urlTemplate":"https:\/\/www.fpbaixemporda.com\/?s={search_term_string}"},"query-input":{"@type":"PropertyValueSpecification","valueRequired":true,"valueName":"search_term_string"}}],"inLanguage":"es"},{"@type":"Organization","@id":"https:\/\/www.fpbaixemporda.com\/#organization","name":"FP Baix Empord\u00e0","url":"https:\/\/www.fpbaixemporda.com\/","logo":{"@type":"ImageObject","inLanguage":"es","@id":"https:\/\/www.fpbaixemporda.com\/#\/schema\/logo\/image\/","url":"https:\/\/www.fpbaixemporda.com\/wp-content\/uploads\/2020\/02\/FP-Baix-Empord\u00e0-Logo.png","contentUrl":"https:\/\/www.fpbaixemporda.com\/wp-content\/uploads\/2020\/02\/FP-Baix-Empord\u00e0-Logo.png","width":180,"height":117,"caption":"FP Baix Empord\u00e0"},"image":{"@id":"https:\/\/www.fpbaixemporda.com\/#\/schema\/logo\/image\/"},"sameAs":["https:\/\/www.facebook.com\/fpbaixemporda","https:\/\/www.instagram.com\/fp_baixemporda\/"]}]}},"_links":{"self":[{"href":"https:\/\/www.fpbaixemporda.com\/es\/wp-json\/wp\/v2\/pages\/5645","targetHints":{"allow":["GET"]}}],"collection":[{"href":"https:\/\/www.fpbaixemporda.com\/es\/wp-json\/wp\/v2\/pages"}],"about":[{"href":"https:\/\/www.fpbaixemporda.com\/es\/wp-json\/wp\/v2\/types\/page"}],"author":[{"embeddable":true,"href":"https:\/\/www.fpbaixemporda.com\/es\/wp-json\/wp\/v2\/users\/1"}],"replies":[{"embeddable":true,"href":"https:\/\/www.fpbaixemporda.com\/es\/wp-json\/wp\/v2\/comments?post=5645"}],"version-history":[{"count":8,"href":"https:\/\/www.fpbaixemporda.com\/es\/wp-json\/wp\/v2\/pages\/5645\/revisions"}],"predecessor-version":[{"id":5654,"href":"https:\/\/www.fpbaixemporda.com\/es\/wp-json\/wp\/v2\/pages\/5645\/revisions\/5654"}],"up":[{"embeddable":true,"href":"https:\/\/www.fpbaixemporda.com\/es\/wp-json\/wp\/v2\/pages\/189"}],"wp:featuredmedia":[{"embeddable":true,"href":"https:\/\/www.fpbaixemporda.com\/es\/wp-json\/wp\/v2\/media\/5655"}],"wp:attachment":[{"href":"https:\/\/www.fpbaixemporda.com\/es\/wp-json\/wp\/v2\/media?parent=5645"}],"curies":[{"name":"wp","href":"https:\/\/api.w.org\/{rel}","templated":true}]}}